{"id":2508,"date":"2017-09-04T10:34:34","date_gmt":"2017-09-04T10:34:34","guid":{"rendered":"https:\/\/www.themethotel.gr\/hotel\/"},"modified":"2025-10-13T13:19:08","modified_gmt":"2025-10-13T11:19:08","slug":"hotel","status":"publish","type":"page","link":"https:\/\/www.themethotel.gr\/de\/","title":{"rendered":"Startseite"},"content":{"rendered":"\n\t\t\t<!-- START homepage REVOLUTION SLIDER 6.7.37 --><p class=\"rs-p-wp-fix\"><\/p>\n\t\t\t<rs-module-wrap id=\"rev_slider_2_1_wrapper\" data-source=\"gallery\" style=\"visibility:hidden;background:transparent;padding:0;margin:0px auto;margin-top:0;margin-bottom:0;\">\n\t\t\t\t<rs-module id=\"rev_slider_2_1\" style=\"\" data-version=\"6.7.37\">\n\t\t\t\t\t<rs-slides style=\"overflow: hidden; position: absolute;\">\n\t\t\t\t\t\t<rs-slide style=\"position: absolute;\" data-key=\"rs-32\" data-title=\"Slide\" data-in=\"x:(100%);\">\n\t\t\t\t\t\t\t<img decoding=\"async\" src=\"\/\/www.themethotel.gr\/wp-content\/plugins\/revslider\/sr6\/assets\/assets\/dummy.png\" alt=\"\" title=\"Startseite\" class=\"rev-slidebg tp-rs-img rs-lazyload\" data-lazyload=\"\/\/www.themethotel.gr\/wp-content\/uploads\/2017\/11\/Slide001.jpg\" data-panzoom=\"d:10000;ss:100;se:110;\" data-no-retina>\n<!---->\t\t\t\t\t<\/rs-slide>\n\t\t\t\t\t\t<rs-slide style=\"position: absolute;\" data-key=\"rs-33\" data-title=\"Slide\" data-in=\"x:(100%);\">\n\t\t\t\t\t\t\t<img decoding=\"async\" src=\"\/\/www.themethotel.gr\/wp-content\/plugins\/revslider\/sr6\/assets\/assets\/dummy.png\" alt=\"\" title=\"Startseite\" class=\"rev-slidebg tp-rs-img rs-lazyload\" data-lazyload=\"\/\/www.themethotel.gr\/wp-content\/uploads\/2017\/11\/Slide002.jpg\" data-panzoom=\"d:10000;ss:100;se:110;\" data-no-retina>\n<!---->\t\t\t\t\t<\/rs-slide>\n\t\t\t\t\t<\/rs-slides>\n\t\t\t\t<\/rs-module>\n\t\t\t\t<script>\n\t\t\t\t\tsetREVStartSize({c: 'rev_slider_2_1',rl:[1240,1024,778,480],el:[],gw:[1920],gh:[700],type:'standard',justify:'',layout:'fullwidth',mh:\"250\"});if (window.RS_MODULES!==undefined && window.RS_MODULES.modules!==undefined && window.RS_MODULES.modules[\"revslider21\"]!==undefined) {window.RS_MODULES.modules[\"revslider21\"].once = false;window.revapi2 = undefined;if (window.RS_MODULES.checkMinimal!==undefined) window.RS_MODULES.checkMinimal()}\n\t\t\t\t<\/script>\n\t\t\t<\/rs-module-wrap>\n\t\t\t<!-- END REVOLUTION SLIDER -->\n     <iframe width=\"100%\" height=\"300px\"\n            src=\"https:\/\/www.youtube.com\/embed\/5Buz0zdJqG4?rel=0&amp;showinfo=0\" frameborder=\"0\" allowfullscreen><\/iframe>\n\t\n<h1 class=\"with-subtitle\">The Met Hotel Erfahrung in Thessaloniki<\/h1>\n<p>In der lebhaften Stadt <strong>Thessaloniki<\/strong>, wwo Geschichte und Kunst st\u00e4ndig eine zukunftsweisende Unternehmenskultur pr\u00e4gen, bietet <strong>THE MET HOTEL<\/strong>, ein angesehenes Mitglied von <strong><a href=\"https:\/\/www.designhotels.com\/hotels\/greece\/thessaloniki\/the-met\" target=\"_blank\" rel=\"noopener\">Design Hotels<\/a><\/strong>, anspruchsvollen Gesch\u00e4fts- und Urlaubsreisenden eine kultivierte und inspirierende weltst\u00e4dtische Erfahrung. G\u00fcnstig gelegen im neuen Hafenviertel, einem der lebhaftesten Viertel der Stadt, und in der N\u00e4he des denkmalgesch\u00fctzten Stadtzentrums ist THE MET HOTEL eine ideale Wahl mit luxuri\u00f6sen Unterk\u00fcnften, Gourmetrestaurants, hochmodernen Business-Konferenzeinrichtungen und einem erstklassigen Spa- und Revitalisierungs-Zentrum, immer mit einem hervorragenden Service und mit viel Liebe zum Detail.<\/p>\n<div style=\"text-align: center;\">\n<h2>UNSERE ZIMMER<\/h2>\n<\/div>\n<hr \/>\n<div id=\"wp-posts-carousel-1299617225\" class=\"simple-theme wp-posts-carousel owl-carousel\"><div class=\"wp-posts-carousel-slide slides-3\"><div class=\"wp-posts-carousel-container\"><div class=\"wp-posts-carousel-image\"><a href=\"https:\/\/www.themethotel.gr\/de\/rooms\/superior-room\/\" title=\"Weitere Informationen Superior Zimmer\"><img decoding=\"async\" alt=\"Superior Zimmer\" style=\"max-width:100%;max-height:100%\" src=\"https:\/\/www.themethotel.gr\/wp-content\/uploads\/2017\/09\/Superior-Room-350x215.jpg\"><\/a><\/div><div class=\"wp-posts-carousel-details\"><h3 class=\"wp-posts-carousel-title\"><a href=\"https:\/\/www.themethotel.gr\/de\/rooms\/superior-room\/\" title=\"Superior Zimmer\">Superior Zimmer<\/a><\/h3><\/div><\/div><\/div><div class=\"wp-posts-carousel-slide slides-3\"><div class=\"wp-posts-carousel-container\"><div class=\"wp-posts-carousel-image\"><a href=\"https:\/\/www.themethotel.gr\/de\/rooms\/superor-plus-twin-room\/\" title=\"Weitere Informationen Superior Plus Twin Zimmer\"><img decoding=\"async\" alt=\"Superior Plus Twin Zimmer\" style=\"max-width:100%;max-height:100%\" src=\"https:\/\/www.themethotel.gr\/wp-content\/uploads\/2017\/09\/superior-twin--281x215.jpg\"><\/a><\/div><div class=\"wp-posts-carousel-details\"><h3 class=\"wp-posts-carousel-title\"><a href=\"https:\/\/www.themethotel.gr\/de\/rooms\/superor-plus-twin-room\/\" title=\"Superior Plus Twin Zimmer\">Superior Plus Twin Zimmer<\/a><\/h3><\/div><\/div><\/div><div class=\"wp-posts-carousel-slide slides-3\"><div class=\"wp-posts-carousel-container\"><div class=\"wp-posts-carousel-image\"><a href=\"https:\/\/www.themethotel.gr\/de\/rooms\/superior-plus-double-room-2\/\" title=\"Weitere Informationen Superior Plus Doppelzimmer\"><img decoding=\"async\" alt=\"Superior Plus Doppelzimmer\" style=\"max-width:100%;max-height:100%\" src=\"https:\/\/www.themethotel.gr\/wp-content\/uploads\/2017\/09\/SuperiorRoom-350x215.jpg\"><\/a><\/div><div class=\"wp-posts-carousel-details\"><h3 class=\"wp-posts-carousel-title\"><a href=\"https:\/\/www.themethotel.gr\/de\/rooms\/superior-plus-double-room-2\/\" title=\"Superior Plus Doppelzimmer\">Superior Plus Doppelzimmer<\/a><\/h3><\/div><\/div><\/div><div class=\"wp-posts-carousel-slide slides-3\"><div class=\"wp-posts-carousel-container\"><div class=\"wp-posts-carousel-image\"><a href=\"https:\/\/www.themethotel.gr\/de\/rooms\/superior-port-room\/\" title=\"Weitere Informationen Superior Zimmer mit Blick auf den Hafen\"><img decoding=\"async\" alt=\"Superior Zimmer mit Blick auf den Hafen\" style=\"max-width:100%;max-height:100%\" src=\"https:\/\/www.themethotel.gr\/wp-content\/uploads\/2017\/09\/superior_port_view-350x215.jpg\"><\/a><\/div><div class=\"wp-posts-carousel-details\"><h3 class=\"wp-posts-carousel-title\"><a href=\"https:\/\/www.themethotel.gr\/de\/rooms\/superior-port-room\/\" title=\"Superior Zimmer mit Blick auf den Hafen\">Superior Zimmer mit Blick auf den Hafen<\/a><\/h3><\/div><\/div><\/div><div class=\"wp-posts-carousel-slide slides-3\"><div class=\"wp-posts-carousel-container\"><div class=\"wp-posts-carousel-image\"><a href=\"https:\/\/www.themethotel.gr\/de\/rooms\/two-interconnecting-family-rooms\/\" title=\"Weitere Informationen Familienzimmer mit Verbindungst\u00fcr\"><img decoding=\"async\" alt=\"Familienzimmer mit Verbindungst\u00fcr\" style=\"max-width:100%;max-height:100%\" src=\"https:\/\/www.themethotel.gr\/wp-content\/uploads\/2017\/09\/superior_plus_double-350x215.jpg\"><\/a><\/div><div class=\"wp-posts-carousel-details\"><h3 class=\"wp-posts-carousel-title\"><a href=\"https:\/\/www.themethotel.gr\/de\/rooms\/two-interconnecting-family-rooms\/\" title=\"Familienzimmer mit Verbindungst\u00fcr\">Familienzimmer mit Verbindungst\u00fcr<\/a><\/h3><\/div><\/div><\/div><div class=\"wp-posts-carousel-slide slides-3\"><div class=\"wp-posts-carousel-container\"><div class=\"wp-posts-carousel-image\"><a href=\"https:\/\/www.themethotel.gr\/de\/rooms\/superior-plus-double-room\/\" title=\"Weitere Informationen Deluxe Zimmer\"><img decoding=\"async\" alt=\"Deluxe Zimmer\" style=\"max-width:100%;max-height:100%\" src=\"https:\/\/www.themethotel.gr\/wp-content\/uploads\/2017\/09\/deluxe_room-350x215.jpg\"><\/a><\/div><div class=\"wp-posts-carousel-details\"><h3 class=\"wp-posts-carousel-title\"><a href=\"https:\/\/www.themethotel.gr\/de\/rooms\/superior-plus-double-room\/\" title=\"Deluxe Zimmer\">Deluxe Zimmer<\/a><\/h3><\/div><\/div><\/div><div class=\"wp-posts-carousel-slide slides-3\"><div class=\"wp-posts-carousel-container\"><div class=\"wp-posts-carousel-image\"><a href=\"https:\/\/www.themethotel.gr\/de\/rooms\/executive-room\/\" title=\"Weitere Informationen Executive Zimmer\"><img decoding=\"async\" alt=\"Executive Zimmer\" style=\"max-width:100%;max-height:100%\" src=\"https:\/\/www.themethotel.gr\/wp-content\/uploads\/2017\/09\/executive_room-350x215.jpg\"><\/a><\/div><div class=\"wp-posts-carousel-details\"><h3 class=\"wp-posts-carousel-title\"><a href=\"https:\/\/www.themethotel.gr\/de\/rooms\/executive-room\/\" title=\"Executive Zimmer\">Executive Zimmer<\/a><\/h3><\/div><\/div><\/div><div class=\"wp-posts-carousel-slide slides-3\"><div class=\"wp-posts-carousel-container\"><div class=\"wp-posts-carousel-image\"><a href=\"https:\/\/www.themethotel.gr\/de\/rooms\/business-suite\/\" title=\"Weitere Informationen Business Suite\"><img decoding=\"async\" alt=\"Business Suite\" style=\"max-width:100%;max-height:100%\" src=\"https:\/\/www.themethotel.gr\/wp-content\/uploads\/2017\/09\/business_suite_2-350x215.jpg\"><\/a><\/div><div class=\"wp-posts-carousel-details\"><h3 class=\"wp-posts-carousel-title\"><a href=\"https:\/\/www.themethotel.gr\/de\/rooms\/business-suite\/\" title=\"Business Suite\">Business Suite<\/a><\/h3><\/div><\/div><\/div><div class=\"wp-posts-carousel-slide slides-3\"><div class=\"wp-posts-carousel-container\"><div class=\"wp-posts-carousel-image\"><a href=\"https:\/\/www.themethotel.gr\/de\/rooms\/executive-suite\/\" title=\"Weitere Informationen Executive Suite\"><img decoding=\"async\" alt=\"Executive Suite\" style=\"max-width:100%;max-height:100%\" src=\"https:\/\/www.themethotel.gr\/wp-content\/uploads\/2017\/09\/executive_suite-350x215.jpg\"><\/a><\/div><div class=\"wp-posts-carousel-details\"><h3 class=\"wp-posts-carousel-title\"><a href=\"https:\/\/www.themethotel.gr\/de\/rooms\/executive-suite\/\" title=\"Executive Suite\">Executive Suite<\/a><\/h3><\/div><\/div><\/div><div class=\"wp-posts-carousel-slide slides-3\"><div class=\"wp-posts-carousel-container\"><div class=\"wp-posts-carousel-image\"><a href=\"https:\/\/www.themethotel.gr\/de\/rooms\/the-met-suite\/\" title=\"Weitere Informationen The Met Suite\"><img decoding=\"async\" alt=\"The Met Suite\" style=\"max-width:100%;max-height:100%\" src=\"https:\/\/www.themethotel.gr\/wp-content\/uploads\/2017\/09\/themet_suite-350x215.jpg\"><\/a><\/div><div class=\"wp-posts-carousel-details\"><h3 class=\"wp-posts-carousel-title\"><a href=\"https:\/\/www.themethotel.gr\/de\/rooms\/the-met-suite\/\" title=\"The Met Suite\">The Met Suite<\/a><\/h3><\/div><\/div><\/div><\/div><script type=\"text\/javascript\">\n              jQuery(window).load(function(e) {\n                  var wpPostsCarousel1299617225 = jQuery(\"#wp-posts-carousel-1299617225\");\n                  wpPostsCarousel1299617225.owlCarousel({\n                      loop: 0,\n                      nav: true,\n                      navSpeed: 300,\n                      dots: false,\n                      dotsSpeed: 800,\n                      lazyLoad: false,\n                      autoplay: false,\n                      autoplayHoverPause: true,\n                      autoplayTimeout: 12000,\n                      autoplaySpeed:  800,\n                      margin: 5,\n                      stagePadding: 0,\n                      freeDrag: false,\n                      mouseDrag: true,\n                      touchDrag: true,\n                      slideBy: 1,\n                      fallbackEasing: \"linear\",\n                      responsiveClass: true,\n                      navText: [ \"previous\", \"next\" ],\n                      responsive:{\n                          0:{items: 1},\n                          600:{items: 2},\n                          1000:{items: 3}\n                          \n                      },\n                      autoHeight: true\n                  });\n                  wpPostsCarousel1299617225.on(\"mousewheel\", \".owl-stage\", function(e) {\n                if (e.deltaY > 0) {\n                    wpPostsCarousel1299617225.trigger(\"next.owl\");\n                } else {\n                    wpPostsCarousel1299617225.trigger(\"prev.owl\");\n                }\n                e.preventDefault();\n            });\n              });\n          <\/script>\n<div style=\"text-align: center;\"><strong>THE MET HOTEL<\/strong> stellt in seinen R\u00e4umlichkeiten eine gro\u00dfartige Sammlung von Kunstwerken f\u00fchrender Vertreter der internationalen Avantgarde aus und bietet seinen Besuchern ein einzigartiges visuelles Erlebnis. Somit zeichnet sich das Hotel durch seine hervorragende \u00c4sthetik und seinen jugendlichen Geist aus und dr\u00fcckt die Energie und Vitalit\u00e4t der modernen Metropole aus.<\/div>\n<div class=\"actions\"><a class=\"mybtn\" href=\"http:\/\/www.themethotel.gr\/de\/hotel-details\/\">HIER FINDEN SIE ALLE UNSERE LEISTUNGEN<\/a><\/div>\n<div style=\"text-align: center;\">\n<h2>EXKLUSIVE ANGEBOTE<\/h2>\n<\/div>\n<hr \/>\n<h3><a href=\"http:\/\/www.themethotel.gr\/de\/special-offers\/\">GENIESSEN SIE EINZIGARTIGE VORTEILE<\/a><\/h3>\n<ul class=\"homeoffer-details\">\n<li>10 % Rabatt im Restaurant\/Bar-Bereich<\/li>\n<li>Kostenloses Parken<\/li>\n<li>Check-out (16.00 Uhr)<\/li>\n<li>Kostenloses Zimmer-Upgrade (je nach Verf\u00fcgbarkeit)<\/li>\n<li>10 % Rabatt auf Massage-Behandlungen<\/li>\n<\/ul>\n<div class=\"actions\"><a class=\"mybtn rooms\" href=\"http:\/\/www.themethotel.gr\/de\/special-offers\/\">HIER FINDEN SIE DIE ANGEBOTE<\/a><\/div>\n<h3><a href=\"http:\/\/www.themethotel.gr\/de\/photos\/\">EINE PERFEKTE INTERNE KONZEPTION <\/a><\/h3>\n<p class=\"homeart-details\">Die ganze Hotelanlage pr\u00e4sentiert eine Welt ausgew\u00e4hlter Kunst. Wir laden Sie ein, diese Kunstwerke zu entdecken, die eine wichtige Rolle in der Einzigartigkeit von THE MET HOTEL spielen.<\/p>\n<div class=\"actions\"><a class=\"mybtn rooms\" href=\"http:\/\/www.themethotel.gr\/de\/photos\/\">HIER FINDEN SIE UNSERE BILDERGALERIE<\/a><\/div>\n<div style=\"text-align: center;\">\n<h3>STAY SOCIAL at <em>#TheMetHotel<\/em><\/h3>\n<\/div>\n<hr \/>\n<div style=\"text-align: center;\"><\/div>\n","protected":false},"excerpt":{"rendered":"<p>The Met Hotel Erfahrung in Thessaloniki In der lebhaften Stadt Thessaloniki, wwo Geschichte und Kunst st\u00e4ndig eine zukunftsweisende Unternehmenskultur pr\u00e4gen, bietet THE MET HOTEL, ein angesehenes Mitglied von Design Hotels, anspruchsvollen Gesch\u00e4fts- und Urlaubsreisenden eine kultivierte und inspirierende weltst\u00e4dtische Erfahrung. G\u00fcnstig gelegen im neuen Hafenviertel, einem der lebhaftesten Viertel der Stadt, und in der N\u00e4he [&hellip;]<\/p>\n","protected":false},"author":1,"featured_media":0,"parent":0,"menu_order":0,"comment_status":"closed","ping_status":"closed","template":"","meta":{"_acf_changed":false,"footnotes":""},"class_list":["post-2508","page","type-page","status-publish","hentry"],"acf":[],"yoast_head":"<!-- This site is optimized with the Yoast SEO plugin v26.3 - https:\/\/yoast.com\/wordpress\/plugins\/seo\/ -->\n<title>Luxury Hotel in Thessaloniki | The Met Hotel<\/title>\n<meta name=\"description\" content=\"THE MET HOTEL is an ideal choice featuring luxury accommodations, gourmet dining, state of the art business conferencing facilities, and a top class spa &amp; rejuvenation center, in the heart of Thessaloniki.\" \/>\n<meta name=\"robots\" content=\"index, follow, max-snippet:-1, max-image-preview:large, max-video-preview:-1\" \/>\n<link rel=\"canonical\" href=\"https:\/\/www.themethotel.gr\/de\/\" \/>\n<meta property=\"og:locale\" content=\"de_DE\" \/>\n<meta property=\"og:type\" content=\"article\" \/>\n<meta property=\"og:title\" content=\"Luxury Hotel in Thessaloniki | The Met Hotel\" \/>\n<meta property=\"og:description\" content=\"THE MET HOTEL is an ideal choice featuring luxury accommodations, gourmet dining, state of the art business conferencing facilities, and a top class spa &amp; rejuvenation center, in the heart of Thessaloniki.\" \/>\n<meta property=\"og:url\" content=\"https:\/\/www.themethotel.gr\/de\/\" \/>\n<meta property=\"og:site_name\" content=\"The Met Hotel\" \/>\n<meta property=\"article:modified_time\" content=\"2025-10-13T11:19:08+00:00\" \/>\n<meta name=\"twitter:card\" content=\"summary_large_image\" \/>\n<meta name=\"twitter:label1\" content=\"Gesch\u00e4tzte Lesezeit\" \/>\n\t<meta name=\"twitter:data1\" content=\"2\u00a0Minuten\" \/>\n<script type=\"application\/ld+json\" class=\"yoast-schema-graph\">{\"@context\":\"https:\/\/schema.org\",\"@graph\":[{\"@type\":\"WebPage\",\"@id\":\"https:\/\/www.themethotel.gr\/de\/\",\"url\":\"https:\/\/www.themethotel.gr\/de\/\",\"name\":\"Luxury Hotel in Thessaloniki | The Met Hotel\",\"isPartOf\":{\"@id\":\"https:\/\/www.themethotel.gr\/#website\"},\"datePublished\":\"2017-09-04T10:34:34+00:00\",\"dateModified\":\"2025-10-13T11:19:08+00:00\",\"description\":\"THE MET HOTEL is an ideal choice featuring luxury accommodations, gourmet dining, state of the art business conferencing facilities, and a top class spa & rejuvenation center, in the heart of Thessaloniki.\",\"breadcrumb\":{\"@id\":\"https:\/\/www.themethotel.gr\/de\/#breadcrumb\"},\"inLanguage\":\"de\",\"potentialAction\":[{\"@type\":\"ReadAction\",\"target\":[\"https:\/\/www.themethotel.gr\/de\/\"]}]},{\"@type\":\"BreadcrumbList\",\"@id\":\"https:\/\/www.themethotel.gr\/de\/#breadcrumb\",\"itemListElement\":[{\"@type\":\"ListItem\",\"position\":1,\"name\":\"Home\",\"item\":\"https:\/\/www.themethotel.gr\/de\/\"},{\"@type\":\"ListItem\",\"position\":2,\"name\":\"Startseite\"}]},{\"@type\":\"WebSite\",\"@id\":\"https:\/\/www.themethotel.gr\/#website\",\"url\":\"https:\/\/www.themethotel.gr\/\",\"name\":\"The Met Hotel\",\"description\":\"Business Hotel in Greece\",\"publisher\":{\"@id\":\"https:\/\/www.themethotel.gr\/#organization\"},\"potentialAction\":[{\"@type\":\"SearchAction\",\"target\":{\"@type\":\"EntryPoint\",\"urlTemplate\":\"https:\/\/www.themethotel.gr\/?s={search_term_string}\"},\"query-input\":{\"@type\":\"PropertyValueSpecification\",\"valueRequired\":true,\"valueName\":\"search_term_string\"}}],\"inLanguage\":\"de\"},{\"@type\":\"Organization\",\"@id\":\"https:\/\/www.themethotel.gr\/#organization\",\"name\":\"The Met Hotel\",\"url\":\"https:\/\/www.themethotel.gr\/\",\"logo\":{\"@type\":\"ImageObject\",\"inLanguage\":\"de\",\"@id\":\"https:\/\/www.themethotel.gr\/#\/schema\/logo\/image\/\",\"url\":\"https:\/\/www.themethotel.gr\/wp-content\/uploads\/2017\/09\/logo3.jpg\",\"contentUrl\":\"https:\/\/www.themethotel.gr\/wp-content\/uploads\/2017\/09\/logo3.jpg\",\"width\":266,\"height\":135,\"caption\":\"The Met Hotel\"},\"image\":{\"@id\":\"https:\/\/www.themethotel.gr\/#\/schema\/logo\/image\/\"}}]}<\/script>\n<!-- \/ Yoast SEO plugin. -->","yoast_head_json":{"title":"Luxury Hotel in Thessaloniki | The Met Hotel","description":"THE MET HOTEL is an ideal choice featuring luxury accommodations, gourmet dining, state of the art business conferencing facilities, and a top class spa & rejuvenation center, in the heart of Thessaloniki.","robots":{"index":"index","follow":"follow","max-snippet":"max-snippet:-1","max-image-preview":"max-image-preview:large","max-video-preview":"max-video-preview:-1"},"canonical":"https:\/\/www.themethotel.gr\/de\/","og_locale":"de_DE","og_type":"article","og_title":"Luxury Hotel in Thessaloniki | The Met Hotel","og_description":"THE MET HOTEL is an ideal choice featuring luxury accommodations, gourmet dining, state of the art business conferencing facilities, and a top class spa & rejuvenation center, in the heart of Thessaloniki.","og_url":"https:\/\/www.themethotel.gr\/de\/","og_site_name":"The Met Hotel","article_modified_time":"2025-10-13T11:19:08+00:00","twitter_card":"summary_large_image","twitter_misc":{"Gesch\u00e4tzte Lesezeit":"2\u00a0Minuten"},"schema":{"@context":"https:\/\/schema.org","@graph":[{"@type":"WebPage","@id":"https:\/\/www.themethotel.gr\/de\/","url":"https:\/\/www.themethotel.gr\/de\/","name":"Luxury Hotel in Thessaloniki | The Met Hotel","isPartOf":{"@id":"https:\/\/www.themethotel.gr\/#website"},"datePublished":"2017-09-04T10:34:34+00:00","dateModified":"2025-10-13T11:19:08+00:00","description":"THE MET HOTEL is an ideal choice featuring luxury accommodations, gourmet dining, state of the art business conferencing facilities, and a top class spa & rejuvenation center, in the heart of Thessaloniki.","breadcrumb":{"@id":"https:\/\/www.themethotel.gr\/de\/#breadcrumb"},"inLanguage":"de","potentialAction":[{"@type":"ReadAction","target":["https:\/\/www.themethotel.gr\/de\/"]}]},{"@type":"BreadcrumbList","@id":"https:\/\/www.themethotel.gr\/de\/#breadcrumb","itemListElement":[{"@type":"ListItem","position":1,"name":"Home","item":"https:\/\/www.themethotel.gr\/de\/"},{"@type":"ListItem","position":2,"name":"Startseite"}]},{"@type":"WebSite","@id":"https:\/\/www.themethotel.gr\/#website","url":"https:\/\/www.themethotel.gr\/","name":"The Met Hotel","description":"Business Hotel in Greece","publisher":{"@id":"https:\/\/www.themethotel.gr\/#organization"},"potentialAction":[{"@type":"SearchAction","target":{"@type":"EntryPoint","urlTemplate":"https:\/\/www.themethotel.gr\/?s={search_term_string}"},"query-input":{"@type":"PropertyValueSpecification","valueRequired":true,"valueName":"search_term_string"}}],"inLanguage":"de"},{"@type":"Organization","@id":"https:\/\/www.themethotel.gr\/#organization","name":"The Met Hotel","url":"https:\/\/www.themethotel.gr\/","logo":{"@type":"ImageObject","inLanguage":"de","@id":"https:\/\/www.themethotel.gr\/#\/schema\/logo\/image\/","url":"https:\/\/www.themethotel.gr\/wp-content\/uploads\/2017\/09\/logo3.jpg","contentUrl":"https:\/\/www.themethotel.gr\/wp-content\/uploads\/2017\/09\/logo3.jpg","width":266,"height":135,"caption":"The Met Hotel"},"image":{"@id":"https:\/\/www.themethotel.gr\/#\/schema\/logo\/image\/"}}]}},"publishpress_future_action":{"enabled":false,"date":"2026-04-30 02:27:44","action":"change-status","newStatus":"draft","terms":[],"taxonomy":"translation_priority","extraData":[]},"publishpress_future_workflow_manual_trigger":{"enabledWorkflows":[]},"_links":{"self":[{"href":"https:\/\/www.themethotel.gr\/de\/wp-json\/wp\/v2\/pages\/2508","targetHints":{"allow":["GET"]}}],"collection":[{"href":"https:\/\/www.themethotel.gr\/de\/wp-json\/wp\/v2\/pages"}],"about":[{"href":"https:\/\/www.themethotel.gr\/de\/wp-json\/wp\/v2\/types\/page"}],"author":[{"embeddable":true,"href":"https:\/\/www.themethotel.gr\/de\/wp-json\/wp\/v2\/users\/1"}],"replies":[{"embeddable":true,"href":"https:\/\/www.themethotel.gr\/de\/wp-json\/wp\/v2\/comments?post=2508"}],"version-history":[{"count":11,"href":"https:\/\/www.themethotel.gr\/de\/wp-json\/wp\/v2\/pages\/2508\/revisions"}],"predecessor-version":[{"id":6965,"href":"https:\/\/www.themethotel.gr\/de\/wp-json\/wp\/v2\/pages\/2508\/revisions\/6965"}],"wp:attachment":[{"href":"https:\/\/www.themethotel.gr\/de\/wp-json\/wp\/v2\/media?parent=2508"}],"curies":[{"name":"wp","href":"https:\/\/api.w.org\/{rel}","templated":true}]}}