{"id":2582,"date":"2017-09-26T11:03:07","date_gmt":"2017-09-26T11:03:07","guid":{"rendered":"https:\/\/www.themethotel.gr\/eat-drink\/"},"modified":"2022-11-11T12:07:48","modified_gmt":"2022-11-11T10:07:48","slug":"eat-drink","status":"publish","type":"page","link":"https:\/\/www.themethotel.gr\/de\/eat-drink\/","title":{"rendered":"Verpflegung"},"content":{"rendered":"<div class=\"lpb-clear-section\"><\/div><!-- .lpb-clear-section -->\n\n<div class=\"lpb-section parallax-no text-dark row-stretch-boxed columns-gap-default equal-height-no padding-top-no padding-bottom-no margin-bottom-no has-bg\" style=\"background-color:#ffffff;\"  data-stretch=\"full\" data-x=\"50%\"><!-- .lpb-section -->\n\n<div class=\"lpb-page-row\"><!-- .lpb-page-row -->\n<div class=\"lpb-container\"><!-- .lpb-container -->\n<div class=\"lpb-row\"><!-- .lpb-row -->\n\n<div class=\"lpb-col-12 lpb-page-item has-bg\" id=\"introcol\"><!-- .lpb-page-item -->\n\n<div class=\"lpb-item-column\" >\n\t<div class=\"lpb-item-content\"><h1 class=\"myintrotitle\">KULINARISCHE INNOVATIONEN IN EINER ELEGANTEN UMGEBUNG<\/h1>\n<p class=\"myintroparag\">In einer entspannten Atmosph\u00e4re von ungezwungener Raffinesse haben die G\u00e4ste des MET HOTEL eine gro\u00dfartige Gelegenheit, <strong>kreative griechische<\/strong> und <strong>zeitgen\u00f6ssische asiatische<\/strong> K\u00f6stlichkeiten zu probieren, die von unseren engagierten Mitarbeitern mit den besten Zutaten zubereitet werden. Gourmet-Gerichte, die Kreativit\u00e4t, Innovation und saisonale Aromen betonen, sorgen f\u00fcr unvergessliche Dining- und Wein-Erlebnisse, im Einklang mit der reichen kulinarischen Tradition der Stadt.<\/p>\n<\/div>\n<\/div>\n<\/div><!-- \/.lpb-page-item -->\n\n<\/div><!-- \/.lpb-row -->\n<\/div><!-- \/.lpb-container -->\n<\/div><!-- \/.lpb-page-row -->\n\n<\/div><!-- \/.lpb-section -->\n\n<div class=\"lpb-section parallax-yes text-dark row-stretch-default columns-gap-default equal-height-no padding-top-no padding-bottom-no margin-bottom-no has-bg\" style=\"background-color:#ffffff;\" id=\"text-fotos-dining\" data-stretch=\"full\" data-x=\"50%\"><!-- .lpb-section -->\n\n<div class=\"lpb-page-row\"><!-- .lpb-page-row -->\n<div class=\"lpb-container\"><!-- .lpb-container -->\n<div class=\"lpb-row\"><!-- .lpb-row -->\n\n<div class=\"lpb-col-6 lpb-page-item has-bg\" id=\"image1\"><!-- .lpb-page-item -->\n\n\t\t<div class=\"morrison-hotel-gallery flexslider\" data-speed=\"4000\" style=\"max-width:\">\n\t\t\t<ul class=\"slides\">\n\t\t\t\t\n\t\t\t\t\t<li>\n\t\t\t\t\t\t<img width=\"570\" height=\"570\" src=\"https:\/\/www.themethotel.gr\/wp-content\/uploads\/2017\/09\/skybar.jpg\" class=\"attachment-full size-full\" alt=\"sky bar\" \/>\t\t\t\t\t<\/li>\n\n\t\t\t\t\n\t\t\t\t\t<li>\n\t\t\t\t\t\t<img width=\"570\" height=\"570\" src=\"https:\/\/www.themethotel.gr\/wp-content\/uploads\/2017\/09\/skybar_b.jpg\" class=\"attachment-full size-full\" alt=\"sky bar\" \/>\t\t\t\t\t<\/li>\n\n\t\t\t\t\n\t\t\t\t\t<li>\n\t\t\t\t\t\t<img width=\"570\" height=\"570\" src=\"https:\/\/www.themethotel.gr\/wp-content\/uploads\/2017\/09\/sky_bar_c.jpg\" class=\"attachment-full size-full\" alt=\"sky bar\" \/>\t\t\t\t\t<\/li>\n\n\t\t\t\t\t\t\t<\/ul>\n\t\t<\/div>\n\t<\/div><!-- \/.lpb-page-item -->\n<div class=\"lpb-col-6 lpb-page-item has-bg\" id=\"resttext1\"><!-- .lpb-page-item -->\n\n<div class=\"lpb-item-column\" >\n\t<div class=\"lpb-item-content\"><h3><a href=\"https:\/\/www.themethotel.gr\/de\/sky-bar\/\">SKY | BAR<\/a><\/h3>\n<p class=\"dining-details\">In der 7. Etage des THE MET HOTEL, direkt am Swimmingpool auf der Dachterrasse, befindet sich die angesagte <strong>S K Y | B A R<\/strong> und bietet ihren G\u00e4sten die M\u00f6glichkeit, den atemberaubenden Rundblick auf <strong>Thessaloniki <\/strong>zu bewundern, w\u00e4hrend sie einen k\u00f6stlichen Cocktail, ein Erfrischungsgetr\u00e4nk oder einen Saft genie\u00dfen, oder ein leichtes Gericht von der Speisekarte am Pool zu sich nehmen.<\/p>\n<div class=\"actions\"><a href=\"https:\/\/www.themethotel.gr\/de\/sky-bar\/\" class=\"mybtn rooms\">Read More<\/a><\/div>\n<\/div>\n<\/div>\n<\/div><!-- \/.lpb-page-item -->\n\n<\/div><!-- \/.lpb-row -->\n<\/div><!-- \/.lpb-container -->\n<\/div><!-- \/.lpb-page-row -->\n\n<div class=\"lpb-page-row\"><!-- .lpb-page-row -->\n<div class=\"lpb-container\"><!-- .lpb-container -->\n<div class=\"lpb-row\"><!-- .lpb-row -->\n\n<div class=\"lpb-col-6 lpb-page-item has-bg\" id=\"image2\"><!-- .lpb-page-item -->\n\n<div class=\"lpb-item-image alignment-center\">\n\t\n\t<img width=\"570\" height=\"570\" src=\"https:\/\/www.themethotel.gr\/wp-content\/uploads\/2017\/09\/long_bar1.jpg\" class=\"attachment-full size-full\" alt=\"long bar\" srcset=\"https:\/\/www.themethotel.gr\/wp-content\/uploads\/2017\/09\/long_bar1.jpg 570w, https:\/\/www.themethotel.gr\/wp-content\/uploads\/2017\/09\/long_bar1-150x150.jpg 150w, https:\/\/www.themethotel.gr\/wp-content\/uploads\/2017\/09\/long_bar1-300x300.jpg 300w, https:\/\/www.themethotel.gr\/wp-content\/uploads\/2017\/09\/long_bar1-85x85.jpg 85w, https:\/\/www.themethotel.gr\/wp-content\/uploads\/2017\/09\/long_bar1-320x320.jpg 320w\" sizes=\"(max-width: 570px) 100vw, 570px\" \/>\n\t\n<\/div>\n<\/div><!-- \/.lpb-page-item -->\n<div class=\"lpb-col-6 lpb-page-item has-bg\" id=\"resttext2\"><!-- .lpb-page-item -->\n\n<div class=\"lpb-item-column\" >\n\t<div class=\"lpb-item-content\"><h3><a href=\"https:\/\/www.themethotel.gr\/de\/the-long-bar\/\">The Long Bar<\/a><\/h3>\n<p class=\"dining-details\">Mit einer beeindruckenden L\u00e4nge von 18 Metern bietet THE MET HOTEL eine <strong>exquisite Bar<\/strong> mit einer gro\u00dfen Auswahl an Cocktailspezialit\u00e4ten vor einer faszinierenden vergoldeten 22-kar\u00e4tigen Hintergrundwand.<\/p>\n<div class=\"actions\"><a href=\"https:\/\/www.themethotel.gr\/de\/the-long-bar\/\" class=\"mybtn rooms\">Read More<\/a><\/div>\n<\/div>\n<\/div>\n<\/div><!-- \/.lpb-page-item -->\n\n<\/div><!-- \/.lpb-row -->\n<\/div><!-- \/.lpb-container -->\n<\/div><!-- \/.lpb-page-row -->\n\n<div class=\"lpb-page-row\"><!-- .lpb-page-row -->\n<div class=\"lpb-container\"><!-- .lpb-container -->\n<div class=\"lpb-row\"><!-- .lpb-row -->\n\n<div class=\"lpb-col-6 lpb-page-item has-bg\" id=\"image3\"><!-- .lpb-page-item -->\n\n<div class=\"lpb-item-image alignment-center\">\n\t\n\t<img width=\"570\" height=\"570\" src=\"https:\/\/www.themethotel.gr\/wp-content\/uploads\/2017\/09\/avenue1.jpg\" class=\"attachment-full size-full\" alt=\"avenue 48\" srcset=\"https:\/\/www.themethotel.gr\/wp-content\/uploads\/2017\/09\/avenue1.jpg 570w, https:\/\/www.themethotel.gr\/wp-content\/uploads\/2017\/09\/avenue1-150x150.jpg 150w, https:\/\/www.themethotel.gr\/wp-content\/uploads\/2017\/09\/avenue1-300x300.jpg 300w, https:\/\/www.themethotel.gr\/wp-content\/uploads\/2017\/09\/avenue1-85x85.jpg 85w, https:\/\/www.themethotel.gr\/wp-content\/uploads\/2017\/09\/avenue1-320x320.jpg 320w\" sizes=\"(max-width: 570px) 100vw, 570px\" \/>\n\t\n<\/div>\n<\/div><!-- \/.lpb-page-item -->\n<div class=\"lpb-col-6 lpb-page-item has-bg\" id=\"resttext3\"><!-- .lpb-page-item -->\n\n<div class=\"lpb-item-column\" >\n\t<div class=\"lpb-item-content\"><h3><a href=\"https:\/\/www.themethotel.gr\/de\/avenue-48\/\">Avenue 48 Restaurant<\/a><\/h3>\n<p class=\"dining-details\">Das Avenue 48 Restaurant befindet sich im Erdgeschoss und bietet ein reichhaltiges <strong>Fr\u00fchst\u00fccksbuffet<\/strong>, das die G\u00e4ste nach einer langen Nacht st\u00e4rkt oder einen fr\u00f6hlichen Start in den neuen Tag bietet.<\/p>\n<div class=\"actions\"><a href=\"https:\/\/www.themethotel.gr\/de\/avenue-48\/\" class=\"mybtn rooms\">Read More<\/a><\/div>\n<\/div>\n<\/div>\n<\/div><!-- \/.lpb-page-item -->\n\n<\/div><!-- \/.lpb-row -->\n<\/div><!-- \/.lpb-container -->\n<\/div><!-- \/.lpb-page-row -->\n\n<div class=\"lpb-page-row\"><!-- .lpb-page-row -->\n<div class=\"lpb-container\"><!-- .lpb-container -->\n<div class=\"lpb-row\"><!-- .lpb-row -->\n\n<div class=\"lpb-col-6 lpb-page-item has-bg\" id=\"image4\"><!-- .lpb-page-item -->\n\n\t\t<div class=\"morrison-hotel-gallery flexslider\" data-speed=\"4000\" style=\"max-width:\">\n\t\t\t<ul class=\"slides\">\n\t\t\t\t\n\t\t\t\t\t<li>\n\t\t\t\t\t\t<img width=\"570\" height=\"570\" src=\"https:\/\/www.themethotel.gr\/wp-content\/uploads\/2017\/09\/chan_rest1.jpg\" class=\"attachment-full size-full\" alt=\"chan restaurant\" \/>\t\t\t\t\t<\/li>\n\n\t\t\t\t\n\t\t\t\t\t<li>\n\t\t\t\t\t\t<img width=\"570\" height=\"570\" src=\"https:\/\/www.themethotel.gr\/wp-content\/uploads\/2017\/09\/chan_rest3.jpg\" class=\"attachment-full size-full\" alt=\"chan restaurant\" \/>\t\t\t\t\t<\/li>\n\n\t\t\t\t\n\t\t\t\t\t<li>\n\t\t\t\t\t\t<img width=\"570\" height=\"570\" src=\"https:\/\/www.themethotel.gr\/wp-content\/uploads\/2017\/09\/chan_rest2.jpg\" class=\"attachment-full size-full\" alt=\"\" \/>\t\t\t\t\t<\/li>\n\n\t\t\t\t\t\t\t<\/ul>\n\t\t<\/div>\n\t<\/div><!-- \/.lpb-page-item -->\n<div class=\"lpb-col-6 lpb-page-item has-bg\" id=\"resttext4\"><!-- .lpb-page-item -->\n\n<div class=\"lpb-item-column\" >\n\t<div class=\"lpb-item-content\"><h3><a href=\"https:\/\/www.themethotel.gr\/de\/chan-restaurant\/\">Chan Restaurant<\/a><\/h3>\n<p class=\"dining-details\">Das <strong>Chan Restaurant<\/strong> des The Met Hotel wurde von den Londoner Architekten Andy Martin &amp; Associates entworfen und pr\u00e4sentiert das Beste der asiatischen Innovation in der Stadt Thessaloniki.<\/p>\n<div class=\"actions\"><a href=\"https:\/\/www.themethotel.gr\/de\/chan-restaurant\/\" class=\"mybtn rooms\">Read More<\/a><\/div>\n<\/div>\n<\/div>\n<\/div><!-- \/.lpb-page-item -->\n\n<\/div><!-- \/.lpb-row -->\n<\/div><!-- \/.lpb-container -->\n<\/div><!-- \/.lpb-page-row -->\n\n<div class=\"lpb-page-row\"><!-- .lpb-page-row -->\n<div class=\"lpb-container\"><!-- .lpb-container -->\n<div class=\"lpb-row\"><!-- .lpb-row -->\n\n<div class=\"lpb-col-6 lpb-page-item has-bg\" id=\"image5\"><!-- .lpb-page-item -->\n\n<div class=\"lpb-item-image alignment-center\">\n\t\n\t<img width=\"570\" height=\"570\" src=\"https:\/\/www.themethotel.gr\/wp-content\/uploads\/2017\/09\/chan_bar_im.jpg\" class=\"attachment-full size-full\" alt=\"chan bar\" srcset=\"https:\/\/www.themethotel.gr\/wp-content\/uploads\/2017\/09\/chan_bar_im.jpg 570w, https:\/\/www.themethotel.gr\/wp-content\/uploads\/2017\/09\/chan_bar_im-150x150.jpg 150w, https:\/\/www.themethotel.gr\/wp-content\/uploads\/2017\/09\/chan_bar_im-300x300.jpg 300w, https:\/\/www.themethotel.gr\/wp-content\/uploads\/2017\/09\/chan_bar_im-85x85.jpg 85w, https:\/\/www.themethotel.gr\/wp-content\/uploads\/2017\/09\/chan_bar_im-320x320.jpg 320w\" sizes=\"(max-width: 570px) 100vw, 570px\" \/>\n\t\n<\/div>\n<\/div><!-- \/.lpb-page-item -->\n<div class=\"lpb-col-6 lpb-page-item has-bg\" id=\"resttext5\"><!-- .lpb-page-item -->\n\n<div class=\"lpb-item-column\" >\n\t<div class=\"lpb-item-content\"><h3><a href=\"https:\/\/www.themethotel.gr\/de\/chan-bar\/\">Chan Bar<\/a><\/h3>\n<p class=\"dining-details\">Die elegante <strong>Chan Bar<\/strong> im THE MET HOTEL ist modern gestaltet und die ideale Wahl, um sich bei einem Drink oder Cocktail in einem kosmopolitischen Ambiente zu entspannen.<\/p>\n<div class=\"actions\"><a href=\"https:\/\/www.themethotel.gr\/de\/chan-bar\/\" class=\"mybtn rooms\">Read More<\/a><\/div>\n<\/div>\n<\/div>\n<\/div><!-- \/.lpb-page-item -->\n\n<\/div><!-- \/.lpb-row -->\n<\/div><!-- \/.lpb-container -->\n<\/div><!-- \/.lpb-page-row -->\n\n<div class=\"lpb-page-row\"><!-- .lpb-page-row -->\n<div class=\"lpb-container\"><!-- .lpb-container -->\n<div class=\"lpb-row\"><!-- .lpb-row -->\n\n<div class=\"lpb-col-6 lpb-page-item has-bg\" id=\"image6\"><!-- .lpb-page-item -->\n\n<div class=\"lpb-item-image alignment-center\">\n\t\n\t<img width=\"570\" height=\"570\" src=\"https:\/\/www.themethotel.gr\/wp-content\/uploads\/2017\/09\/InRoomDining.jpg\" class=\"attachment-full size-full\" alt=\"\" srcset=\"https:\/\/www.themethotel.gr\/wp-content\/uploads\/2017\/09\/InRoomDining.jpg 570w, https:\/\/www.themethotel.gr\/wp-content\/uploads\/2017\/09\/InRoomDining-150x150.jpg 150w, https:\/\/www.themethotel.gr\/wp-content\/uploads\/2017\/09\/InRoomDining-300x300.jpg 300w, https:\/\/www.themethotel.gr\/wp-content\/uploads\/2017\/09\/InRoomDining-85x85.jpg 85w, https:\/\/www.themethotel.gr\/wp-content\/uploads\/2017\/09\/InRoomDining-320x320.jpg 320w\" sizes=\"(max-width: 570px) 100vw, 570px\" \/>\n\t\n<\/div>\n<\/div><!-- \/.lpb-page-item -->\n<div class=\"lpb-col-6 lpb-page-item has-bg\" id=\"resttext6\"><!-- .lpb-page-item -->\n\n<div class=\"lpb-item-column\" >\n\t<div class=\"lpb-item-content\"><h3><a href=\"https:\/\/www.themethotel.gr\/de\/in-room-dining\/\">In Room Dining<\/a><\/h3>\n<p class=\"dining-details\">Im The Met Hotel bietet Ihnen die M\u00f6glichkeit, Ihr Fr\u00fchst\u00fcck auf <strong>Essen in Ihrem Zimmer<\/strong>. Der Service ist tags\u00fcber gegen einen Aufpreis von 5\u20ac pro Bestellung g\u00fcltig. Au\u00dferdem bietet Ihnen das Hotel die M\u00f6glichkeit, Ihr Fr\u00fchst\u00fcck kostenlos in einem speziellen Take-Away-Paket zu genie\u00dfen.<\/p>\n<div class=\"actions\"><a href=\"https:\/\/www.themethotel.gr\/de\/in-room-dining\/\" class=\"mybtn rooms\">Read More<\/a><\/div>\n<\/div>\n<\/div>\n<\/div><!-- \/.lpb-page-item -->\n<\/div><!-- \/.lpb-row -->\n<\/div><!-- \/.lpb-container -->\n<\/div><!-- \/.lpb-page-row -->\n\n<\/div><!-- \/.lpb-section -->\n\n","protected":false},"excerpt":{"rendered":"<p>KULINARISCHE INNOVATIONEN IN EINER ELEGANTEN UMGEBUNG In einer entspannten Atmosph\u00e4re von ungezwungener Raffinesse haben die G\u00e4ste des MET HOTEL eine gro\u00dfartige Gelegenheit, kreative griechische und zeitgen\u00f6ssische asiatische K\u00f6stlichkeiten zu probieren, die von unseren engagierten Mitarbeitern mit den besten Zutaten zubereitet werden. Gourmet-Gerichte, die Kreativit\u00e4t, Innovation und saisonale Aromen betonen, sorgen f\u00fcr unvergessliche Dining- und Wein-Erlebnisse, [&hellip;]<\/p>\n","protected":false},"author":1,"featured_media":0,"parent":0,"menu_order":0,"comment_status":"closed","ping_status":"closed","template":"","meta":{"_acf_changed":false,"footnotes":""},"class_list":["post-2582","page","type-page","status-publish","hentry"],"acf":[],"yoast_head":"<!-- This site is optimized with the Yoast SEO plugin v26.3 - https:\/\/yoast.com\/wordpress\/plugins\/seo\/ -->\n<title>Dining | Hotel | Thessaloniki | The Met Hotel<\/title>\n<meta name=\"description\" content=\"In a relaxed atmosphere of casual sophistication, MET HOTEL guests have a great opportunity to sample creative Greek and contemporary Asian delicacies prepared by our dedicated staff using only the finest ingredients.\" \/>\n<meta name=\"robots\" content=\"index, follow, max-snippet:-1, max-image-preview:large, max-video-preview:-1\" \/>\n<link rel=\"canonical\" href=\"https:\/\/www.themethotel.gr\/eat-drink\/\" \/>\n<meta property=\"og:locale\" content=\"de_DE\" \/>\n<meta property=\"og:type\" content=\"article\" \/>\n<meta property=\"og:title\" content=\"Dining | Hotel | Thessaloniki | The Met Hotel\" \/>\n<meta property=\"og:description\" content=\"In a relaxed atmosphere of casual sophistication, MET HOTEL guests have a great opportunity to sample creative Greek and contemporary Asian delicacies prepared by our dedicated staff using only the finest ingredients.\" \/>\n<meta property=\"og:url\" content=\"https:\/\/www.themethotel.gr\/eat-drink\/\" \/>\n<meta property=\"og:site_name\" content=\"The Met Hotel\" \/>\n<meta property=\"article:modified_time\" content=\"2022-11-11T10:07:48+00:00\" \/>\n<meta name=\"twitter:card\" content=\"summary_large_image\" \/>\n<meta name=\"twitter:label1\" content=\"Gesch\u00e4tzte Lesezeit\" \/>\n\t<meta name=\"twitter:data1\" content=\"2\u00a0Minuten\" \/>\n<script type=\"application\/ld+json\" class=\"yoast-schema-graph\">{\"@context\":\"https:\/\/schema.org\",\"@graph\":[{\"@type\":\"WebPage\",\"@id\":\"https:\/\/www.themethotel.gr\/eat-drink\/\",\"url\":\"https:\/\/www.themethotel.gr\/eat-drink\/\",\"name\":\"Dining | Hotel | Thessaloniki | The Met Hotel\",\"isPartOf\":{\"@id\":\"https:\/\/www.themethotel.gr\/#website\"},\"datePublished\":\"2017-09-26T11:03:07+00:00\",\"dateModified\":\"2022-11-11T10:07:48+00:00\",\"description\":\"In a relaxed atmosphere of casual sophistication, MET HOTEL guests have a great opportunity to sample creative Greek and contemporary Asian delicacies prepared by our dedicated staff using only the finest ingredients.\",\"breadcrumb\":{\"@id\":\"https:\/\/www.themethotel.gr\/eat-drink\/#breadcrumb\"},\"inLanguage\":\"de\",\"potentialAction\":[{\"@type\":\"ReadAction\",\"target\":[\"https:\/\/www.themethotel.gr\/eat-drink\/\"]}]},{\"@type\":\"BreadcrumbList\",\"@id\":\"https:\/\/www.themethotel.gr\/eat-drink\/#breadcrumb\",\"itemListElement\":[{\"@type\":\"ListItem\",\"position\":1,\"name\":\"Home\",\"item\":\"https:\/\/www.themethotel.gr\/de\/\"},{\"@type\":\"ListItem\",\"position\":2,\"name\":\"Verpflegung\"}]},{\"@type\":\"WebSite\",\"@id\":\"https:\/\/www.themethotel.gr\/#website\",\"url\":\"https:\/\/www.themethotel.gr\/\",\"name\":\"The Met Hotel\",\"description\":\"Business Hotel in Greece\",\"publisher\":{\"@id\":\"https:\/\/www.themethotel.gr\/#organization\"},\"potentialAction\":[{\"@type\":\"SearchAction\",\"target\":{\"@type\":\"EntryPoint\",\"urlTemplate\":\"https:\/\/www.themethotel.gr\/?s={search_term_string}\"},\"query-input\":{\"@type\":\"PropertyValueSpecification\",\"valueRequired\":true,\"valueName\":\"search_term_string\"}}],\"inLanguage\":\"de\"},{\"@type\":\"Organization\",\"@id\":\"https:\/\/www.themethotel.gr\/#organization\",\"name\":\"The Met Hotel\",\"url\":\"https:\/\/www.themethotel.gr\/\",\"logo\":{\"@type\":\"ImageObject\",\"inLanguage\":\"de\",\"@id\":\"https:\/\/www.themethotel.gr\/#\/schema\/logo\/image\/\",\"url\":\"https:\/\/www.themethotel.gr\/wp-content\/uploads\/2017\/09\/logo3.jpg\",\"contentUrl\":\"https:\/\/www.themethotel.gr\/wp-content\/uploads\/2017\/09\/logo3.jpg\",\"width\":266,\"height\":135,\"caption\":\"The Met Hotel\"},\"image\":{\"@id\":\"https:\/\/www.themethotel.gr\/#\/schema\/logo\/image\/\"}}]}<\/script>\n<!-- \/ Yoast SEO plugin. -->","yoast_head_json":{"title":"Dining | Hotel | Thessaloniki | The Met Hotel","description":"In a relaxed atmosphere of casual sophistication, MET HOTEL guests have a great opportunity to sample creative Greek and contemporary Asian delicacies prepared by our dedicated staff using only the finest ingredients.","robots":{"index":"index","follow":"follow","max-snippet":"max-snippet:-1","max-image-preview":"max-image-preview:large","max-video-preview":"max-video-preview:-1"},"canonical":"https:\/\/www.themethotel.gr\/eat-drink\/","og_locale":"de_DE","og_type":"article","og_title":"Dining | Hotel | Thessaloniki | The Met Hotel","og_description":"In a relaxed atmosphere of casual sophistication, MET HOTEL guests have a great opportunity to sample creative Greek and contemporary Asian delicacies prepared by our dedicated staff using only the finest ingredients.","og_url":"https:\/\/www.themethotel.gr\/eat-drink\/","og_site_name":"The Met Hotel","article_modified_time":"2022-11-11T10:07:48+00:00","twitter_card":"summary_large_image","twitter_misc":{"Gesch\u00e4tzte Lesezeit":"2\u00a0Minuten"},"schema":{"@context":"https:\/\/schema.org","@graph":[{"@type":"WebPage","@id":"https:\/\/www.themethotel.gr\/eat-drink\/","url":"https:\/\/www.themethotel.gr\/eat-drink\/","name":"Dining | Hotel | Thessaloniki | The Met Hotel","isPartOf":{"@id":"https:\/\/www.themethotel.gr\/#website"},"datePublished":"2017-09-26T11:03:07+00:00","dateModified":"2022-11-11T10:07:48+00:00","description":"In a relaxed atmosphere of casual sophistication, MET HOTEL guests have a great opportunity to sample creative Greek and contemporary Asian delicacies prepared by our dedicated staff using only the finest ingredients.","breadcrumb":{"@id":"https:\/\/www.themethotel.gr\/eat-drink\/#breadcrumb"},"inLanguage":"de","potentialAction":[{"@type":"ReadAction","target":["https:\/\/www.themethotel.gr\/eat-drink\/"]}]},{"@type":"BreadcrumbList","@id":"https:\/\/www.themethotel.gr\/eat-drink\/#breadcrumb","itemListElement":[{"@type":"ListItem","position":1,"name":"Home","item":"https:\/\/www.themethotel.gr\/de\/"},{"@type":"ListItem","position":2,"name":"Verpflegung"}]},{"@type":"WebSite","@id":"https:\/\/www.themethotel.gr\/#website","url":"https:\/\/www.themethotel.gr\/","name":"The Met Hotel","description":"Business Hotel in Greece","publisher":{"@id":"https:\/\/www.themethotel.gr\/#organization"},"potentialAction":[{"@type":"SearchAction","target":{"@type":"EntryPoint","urlTemplate":"https:\/\/www.themethotel.gr\/?s={search_term_string}"},"query-input":{"@type":"PropertyValueSpecification","valueRequired":true,"valueName":"search_term_string"}}],"inLanguage":"de"},{"@type":"Organization","@id":"https:\/\/www.themethotel.gr\/#organization","name":"The Met Hotel","url":"https:\/\/www.themethotel.gr\/","logo":{"@type":"ImageObject","inLanguage":"de","@id":"https:\/\/www.themethotel.gr\/#\/schema\/logo\/image\/","url":"https:\/\/www.themethotel.gr\/wp-content\/uploads\/2017\/09\/logo3.jpg","contentUrl":"https:\/\/www.themethotel.gr\/wp-content\/uploads\/2017\/09\/logo3.jpg","width":266,"height":135,"caption":"The Met Hotel"},"image":{"@id":"https:\/\/www.themethotel.gr\/#\/schema\/logo\/image\/"}}]}},"publishpress_future_action":{"enabled":false,"date":"2026-05-15 17:38:52","action":"change-status","newStatus":"draft","terms":[],"taxonomy":"translation_priority","extraData":[]},"publishpress_future_workflow_manual_trigger":{"enabledWorkflows":[]},"_links":{"self":[{"href":"https:\/\/www.themethotel.gr\/de\/wp-json\/wp\/v2\/pages\/2582","targetHints":{"allow":["GET"]}}],"collection":[{"href":"https:\/\/www.themethotel.gr\/de\/wp-json\/wp\/v2\/pages"}],"about":[{"href":"https:\/\/www.themethotel.gr\/de\/wp-json\/wp\/v2\/types\/page"}],"author":[{"embeddable":true,"href":"https:\/\/www.themethotel.gr\/de\/wp-json\/wp\/v2\/users\/1"}],"replies":[{"embeddable":true,"href":"https:\/\/www.themethotel.gr\/de\/wp-json\/wp\/v2\/comments?post=2582"}],"version-history":[{"count":7,"href":"https:\/\/www.themethotel.gr\/de\/wp-json\/wp\/v2\/pages\/2582\/revisions"}],"predecessor-version":[{"id":4388,"href":"https:\/\/www.themethotel.gr\/de\/wp-json\/wp\/v2\/pages\/2582\/revisions\/4388"}],"wp:attachment":[{"href":"https:\/\/www.themethotel.gr\/de\/wp-json\/wp\/v2\/media?parent=2582"}],"curies":[{"name":"wp","href":"https:\/\/api.w.org\/{rel}","templated":true}]}}