{"id":2790,"date":"2017-11-27T16:06:28","date_gmt":"2017-11-27T14:06:28","guid":{"rendered":"https:\/\/www.themethotel.gr\/hotel-details\/"},"modified":"2024-01-03T09:35:33","modified_gmt":"2024-01-03T07:35:33","slug":"hotel-details","status":"publish","type":"page","link":"https:\/\/www.themethotel.gr\/de\/hotel-details\/","title":{"rendered":"Hotel Details"},"content":{"rendered":"<h1>THE MET HOTEL AUF EINEN BLICK<\/h1>\n<h5>HOTELDETAILS<\/h5>\n<p class=\"myhotelname\">The Met Hotel<\/p>\n<ul class=\"mycontdet\">\n<li><i class=\"icon fa fa-map-marker\"><\/i><span class=\"contdetspan\">8, 26. Oktovriou Str. 546 27 Thessaloniki<\/span><\/li>\n<li><i class=\"icon fa fa-phone\"><\/i><span class=\"contdetspan\">+30 2310 017 000<\/span><\/li>\n<li><i class=\"icon fa fa-fax\"><\/i><span class=\"contdetspan\">+30 2310 017 100<\/span><\/li>\n<li><a href=\"mailto:themethotel@chandris.gr\"><i class=\"icon fa fa-envelope-o\"><\/i><span class=\"contdetspan\">themethotel@chandris.gr<\/span><\/a><\/li>\n<\/ul>\n<h5 class=\"mytopmargin\">RESERVIERUNGSABTEILUNG<\/h5>\n<ul class=\"mycontdet\">\n<li><i class=\"icon fa fa-phone\"><\/i><span class=\"contdetspan\">+30 2310 017 082<\/span><\/li>\n<\/ul>\n<h5>INFORMATIONEN ZUR AN- UND ABREISE<\/h5>\n<p>Check-in: 15:00 Uhr<br \/>\nCheck-out: 11:00 Uhr\n<\/p>\n<h5 class=\"mytopmargin\">INTERNETZUGANG<\/h5>\n<p>Kostenlose, drahtlose Verbindung auf den Zimmern und in allen \u00f6ffentlichen Bereichen<\/p>\n<h5 class=\"mytopmargin\">PARKEN<\/h5>\n<p>Tiefgarage (200 Pl\u00e4tze)<br \/>\nLadestation f\u00fcr Elektrofahrzeuge<br \/>\nParkservice<\/p>\n\t\t\t\t\t\t<style>\r\n\t\t\t\t<style>\r\n#wpsm_accordion_2796 .wpsm_panel-heading{\r\n\tpadding:0px !important;\r\n}\r\n#wpsm_accordion_2796 .wpsm_panel-title {\r\n\tmargin:0px !important; \r\n\ttext-transform:none !important;\r\n\tline-height: 1 !important;\r\n}\r\n#wpsm_accordion_2796 .wpsm_panel-title a{\r\n\ttext-decoration:none;\r\n\toverflow:hidden;\r\n\tdisplay:block;\r\n\tpadding:0px;\r\n\tfont-size: 16px !important;\r\n\tfont-family: Open Sans !important;\r\n\tcolor:#292b2c !important;\r\n\tborder-bottom:0px !important;\r\n}\r\n\r\n#wpsm_accordion_2796 .wpsm_panel-title a:focus {\r\noutline: 0px !important;\r\n}\r\n\r\n#wpsm_accordion_2796 .wpsm_panel-title a:hover, #wpsm_accordion_2796 .wpsm_panel-title a:focus {\r\n\tcolor:#292b2c !important;\r\n}\r\n#wpsm_accordion_2796 .acc-a{\r\n\tcolor: #292b2c !important;\r\n\tbackground-color:#e8e8e8 !important;\r\n\tborder-color: #ddd;\r\n}\r\n#wpsm_accordion_2796 .wpsm_panel-default > .wpsm_panel-heading{\r\n\tcolor: #292b2c !important;\r\n\tbackground-color: #e8e8e8 !important;\r\n\tborder-color: #e8e8e8 !important;\r\n\tborder-top-left-radius: 0px;\r\n\tborder-top-right-radius: 0px;\r\n}\r\n#wpsm_accordion_2796 .wpsm_panel-default {\r\n\t\tborder:1px solid transparent !important;\r\n\t}\r\n#wpsm_accordion_2796 {\r\n\tmargin-bottom: 20px;\r\n\toverflow: hidden;\r\n\tfloat: none;\r\n\twidth: 100%;\r\n\tdisplay: block;\r\n}\r\n#wpsm_accordion_2796 .ac_title_class{\r\n\tdisplay: block;\r\n\tpadding-top: 12px;\r\n\tpadding-bottom: 12px;\r\n\tpadding-left: 15px;\r\n\tpadding-right: 15px;\r\n}\r\n#wpsm_accordion_2796  .wpsm_panel {\r\n\toverflow:hidden;\r\n\t-webkit-box-shadow: 0 0px 0px rgba(0, 0, 0, .05);\r\n\tbox-shadow: 0 0px 0px rgba(0, 0, 0, .05);\r\n\t\t\tborder-radius: 0px;\r\n\t}\r\n#wpsm_accordion_2796  .wpsm_panel + .wpsm_panel {\r\n\t\tmargin-top: 5px;\r\n\t}\r\n#wpsm_accordion_2796  .wpsm_panel-body{\r\n\tbackground-color:#ffffff !important;\r\n\tcolor:#292b2c !important;\r\n\tborder-top-color: #e8e8e8 !important;\r\n\tfont-size:14px !important;\r\n\tfont-family: Open Sans !important;\r\n\toverflow: hidden;\r\n\t\tborder: 2px solid transparent !important;\r\n\t}\r\n\r\n#wpsm_accordion_2796 .ac_open_cl_icon{\r\n\tbackground-color:#e8e8e8 !important;\r\n\tcolor: #292b2c !important;\r\n\tfloat:left !important;\r\n\tpadding-top: 12px !important;\r\n\tpadding-bottom: 12px !important;\r\n\tline-height: 1.0 !important;\r\n\tpadding-left: 15px !important;\r\n\tpadding-right: 15px !important;\r\n\tdisplay: inline-block !important;\r\n}\r\n\r\n\t\t\t\r\n\t\t\t<\/style>\t\r\n\t\t\t<\/style>\r\n\t\t\t<div class=\"wpsm_panel-group\" id=\"wpsm_accordion_2796\" >\r\n\t\t\t\t\t\t\t\t\r\n\t\t\t\t\t<!-- Inner panel Start -->\r\n\t\t\t\t\t<div class=\"wpsm_panel wpsm_panel-default\">\r\n\t\t\t\t\t\t<div class=\"wpsm_panel-heading\" role=\"tab\" >\r\n\t\t\t\t\t\t  <h4 class=\"wpsm_panel-title\">\r\n\t\t\t\t\t\t\t<a  class=\"\"  data-toggle=\"collapse\" data-parent=\"#wpsm_accordion_2796 \" href=\"javascript:void(0)\" data-target=\"#ac_2796_collapse1\" onclick=\"do_resize()\">\r\n\t\t\t\t\t\t\t\t\t\t\t\t\t\t\t\t\t<span class=\"ac_open_cl_icon fa fa-minus\"><\/span>\r\n\t\t\t\t\t\t\t\t\t\r\n\t\t\t\t\t\t\t\t \r\n\t\t\t\t\t\t\t\t<span class=\"ac_title_class\">\r\n\t\t\t\t\t\t\t\t\t\t\t\t\t\t\t\t\t\t\t\t<span style=\"margin-right:6px;\" class=\"fa fa-users\"><\/span>\r\n\t\t\t\t\t\t\t\t\tSERVICELEISTUNGEN &amp; EINRICHTUNGEN\t\t\t\t\t\t\t\t<\/span>\r\n\t\t\t\t\t\t\t<\/a>\r\n\t\t\t\t\t\t  <\/h4>\r\n\t\t\t\t\t\t<\/div>\r\n\t\t\t\t\t\t<div id=\"ac_2796_collapse1\" class=\"wpsm_panel-collapse collapse in\"  >\r\n\t\t\t\t\t\t  <div class=\"wpsm_panel-body\">\r\n\t\t\t\t\t\t\t<div class=\"lpb-col-6\">\r\n\t\t\t<ul>\r\n\t\t\t\t<li>Ladestation f\u00fcr Elektrofahrzeuge<\/li>\r\n\t\t\t\t<li>Kostenloser Shuttlebus-Service zum \/ vom Stadtzentrum<\/li>\r\n\t\t\t\t<li>HD-Fernseher mit Satelliten- und Pay-TV-Kan\u00e4len<\/li>\r\n\t\t\t\t<li>Business Centre<\/li>\r\n\t\t\t\t<li>Zimmerservice<\/li>\r\n\t\t\t\t<li>24-Stunden-Rezeption<\/li>\r\n\t\t\t\t<li>Gep\u00e4ckaufbewahrung<\/li>\r\n\t\t\t\t<li>Weckdienst<\/li>\r\n\t\t\t\t<li>Kinderbetreuung<\/li>\r\n\t\t\t<\/ul>\r\n\t\t<\/div>\r\n\t\t<div class=\"lpb-col-6\">\r\n\t\t\t<ul>\r\n\t\t\t\t<li>Nichtraucher-Zimmer<\/li>\r\n\t\t\t\t<li>Bereiche zug\u00e4nglich f\u00fcr Menschen mit Behinderung<\/li>\r\n\t\t\t\t<li>Friseursalon mit Nagelstudio<\/li>\r\n\t\t\t\t<li>T\u00e4glich kostenlos internationale Zeitschriften und Zeitungen <\/li>\r\n\t\t\t\t<li>Blumenarrangements<\/li>\r\n\t\t\t\t<li>Autovermietung<\/li>\r\n\t\t\t\t<li>Concierge-Service<\/li>\r\n\t\t\t\t<li>AMMON EXPRESS Organisation von Ausfl\u00fcgen<\/li>\r\n\t\t\t\t<li>Haustier-Service<\/li>\r\n\t\t\t<\/ul>\r\n\t\t<\/div>\t\t\t\t\t\t  <\/div>\r\n\t\t\t\t\t\t<\/div>\r\n\t\t\t\t\t<\/div>\r\n\t\t\t\t\t<!-- Inner panel End -->\r\n\t\t\t\t\t\r\n\t\t\t\t\t\t\t\t\r\n\t\t\t\t\t<!-- Inner panel Start -->\r\n\t\t\t\t\t<div class=\"wpsm_panel wpsm_panel-default\">\r\n\t\t\t\t\t\t<div class=\"wpsm_panel-heading\" role=\"tab\" >\r\n\t\t\t\t\t\t  <h4 class=\"wpsm_panel-title\">\r\n\t\t\t\t\t\t\t<a  class=\"collapsed\"  data-toggle=\"collapse\" data-parent=\"#wpsm_accordion_2796 \" href=\"javascript:void(0)\" data-target=\"#ac_2796_collapse2\" onclick=\"do_resize()\">\r\n\t\t\t\t\t\t\t\t\t\t\t\t\t\t\t\t\t<span class=\"ac_open_cl_icon fa fa-plus\"><\/span>\r\n\t\t\t\t\t\t\t\t\t\r\n\t\t\t\t\t\t\t\t \r\n\t\t\t\t\t\t\t\t<span class=\"ac_title_class\">\r\n\t\t\t\t\t\t\t\t\t\t\t\t\t\t\t\t\t\t\t\t<span style=\"margin-right:6px;\" class=\"fa fa-bed\"><\/span>\r\n\t\t\t\t\t\t\t\t\tGuest Room Information\t\t\t\t\t\t\t\t<\/span>\r\n\t\t\t\t\t\t\t<\/a>\r\n\t\t\t\t\t\t  <\/h4>\r\n\t\t\t\t\t\t<\/div>\r\n\t\t\t\t\t\t<div id=\"ac_2796_collapse2\" class=\"wpsm_panel-collapse collapse \"  >\r\n\t\t\t\t\t\t  <div class=\"wpsm_panel-body\">\r\n\t\t\t\t\t\t\t<div class=\"lpb-col-6\">\r\n\t\t\t<ul>\r\n\t\t\t\t<li>HD 32-Zoll-Fernseher mit Satelliten-Kan\u00e4len<\/li>\r\n\t\t\t\t<li>High-Tech-Zimmerkarten<\/li>\r\n\t\t\t\t<li>High-Speed-Internetzugang<\/li>\r\n\t\t\t\t<li>\u00d6kologische Matratzen Coco-Mat und Obermatratze mit Federkern<\/li>\r\n\t\t\t\t<li>Coco-Mat Kissen<\/li>\r\n\t\t\t\t<li>Markenpflegeprodukte<\/li>\r\n\t\t\t\t<li>Badewanne oder Duschkabine<\/li>\r\n\t\t\t\t<li>Badem\u00e4ntel und Hotelslipper<\/li>\r\n\t\t\t\t<li>F\u00f6hn<\/li>\r\n\t\t\t<\/ul>\r\n\t\t<\/div>\r\n\t\t<div class=\"lpb-col-6\">\r\n\t\t\t<ul>\r\n\t\t\t\t<li>Digitaler Tresor in der Gr\u00f6\u00dfe eines Laptops<\/li>\r\n\t\t\t\t<li>Direktwahltelefon mit Anrufbeantworter und Smart Keys<\/li>\r\n\t\t\t\t<li>B\u00fcro<\/li>\r\n\t\t\t\t<li>Balkon<\/li>\r\n\t\t\t\t<li>Mini bar<\/li>\r\n\t\t\t\t<li>Zimmertelefon<\/li>\r\n\t\t\t\t<li>Autonome Klimaanlage<\/li>\r\n\t\t\t\t<li>T\u00e4gliches Housekeeping<\/li>\r\n\t\t\t\t<li>Kinderbetten<\/li>\r\n\t\t\t\t<li>Reinigungsservice<\/li>\r\n\t\t\t<\/ul>\r\n\t\t<\/div>\t\t\t\t\t\t  <\/div>\r\n\t\t\t\t\t\t<\/div>\r\n\t\t\t\t\t<\/div>\r\n\t\t\t\t\t<!-- Inner panel End -->\r\n\t\t\t\t\t\r\n\t\t\t\t\t\t\t\t\r\n\t\t\t\t\t<!-- Inner panel Start -->\r\n\t\t\t\t\t<div class=\"wpsm_panel wpsm_panel-default\">\r\n\t\t\t\t\t\t<div class=\"wpsm_panel-heading\" role=\"tab\" >\r\n\t\t\t\t\t\t  <h4 class=\"wpsm_panel-title\">\r\n\t\t\t\t\t\t\t<a  class=\"collapsed\"  data-toggle=\"collapse\" data-parent=\"#wpsm_accordion_2796 \" href=\"javascript:void(0)\" data-target=\"#ac_2796_collapse3\" onclick=\"do_resize()\">\r\n\t\t\t\t\t\t\t\t\t\t\t\t\t\t\t\t\t<span class=\"ac_open_cl_icon fa fa-plus\"><\/span>\r\n\t\t\t\t\t\t\t\t\t\r\n\t\t\t\t\t\t\t\t \r\n\t\t\t\t\t\t\t\t<span class=\"ac_title_class\">\r\n\t\t\t\t\t\t\t\t\t\t\t\t\t\t\t\t\t\t\t\t<span style=\"margin-right:6px;\" class=\"fa fa-cutlery\"><\/span>\r\n\t\t\t\t\t\t\t\t\tRESTAURANTS\t\t\t\t\t\t\t\t<\/span>\r\n\t\t\t\t\t\t\t<\/a>\r\n\t\t\t\t\t\t  <\/h4>\r\n\t\t\t\t\t\t<\/div>\r\n\t\t\t\t\t\t<div id=\"ac_2796_collapse3\" class=\"wpsm_panel-collapse collapse \"  >\r\n\t\t\t\t\t\t  <div class=\"wpsm_panel-body\">\r\n\t\t\t\t\t\t\t<div class=\"lpb-col-12\">\r\n\t\t\t<ul>\r\n\t\t\t\t<li>Avenue 48<\/li>\r\n\t\t\t\t<li>Restaurant und Bar Chan<\/li>\r\n\t\t\t\t<li>Sky Bar<\/li>\r\n\t\t\t\t<li>Long Bar<\/li>\r\n\t\t\t<\/ul>\r\n\t\t<\/div>\r\n\t\t<div class=\"lpb-col-12\">\r\n\t\t\t<span>Weitere Informationen erhalten Sie auf der <a href=\"http:\/\/www.themethotel.gr\/de\/eat-drink\/\">Restaurants-Seite  Dining<\/a><\/span>\r\n\t\t<\/div>\t\t\t\t\t\t  <\/div>\r\n\t\t\t\t\t\t<\/div>\r\n\t\t\t\t\t<\/div>\r\n\t\t\t\t\t<!-- Inner panel End -->\r\n\t\t\t\t\t\r\n\t\t\t\t\t\t\t\t\r\n\t\t\t\t\t<!-- Inner panel Start -->\r\n\t\t\t\t\t<div class=\"wpsm_panel wpsm_panel-default\">\r\n\t\t\t\t\t\t<div class=\"wpsm_panel-heading\" role=\"tab\" >\r\n\t\t\t\t\t\t  <h4 class=\"wpsm_panel-title\">\r\n\t\t\t\t\t\t\t<a  class=\"collapsed\"  data-toggle=\"collapse\" data-parent=\"#wpsm_accordion_2796 \" href=\"javascript:void(0)\" data-target=\"#ac_2796_collapse4\" onclick=\"do_resize()\">\r\n\t\t\t\t\t\t\t\t\t\t\t\t\t\t\t\t\t<span class=\"ac_open_cl_icon fa fa-plus\"><\/span>\r\n\t\t\t\t\t\t\t\t\t\r\n\t\t\t\t\t\t\t\t \r\n\t\t\t\t\t\t\t\t<span class=\"ac_title_class\">\r\n\t\t\t\t\t\t\t\t\t\t\t\t\t\t\t\t\t\t\t\t<span style=\"margin-right:6px;\" class=\"fa fa-car\"><\/span>\r\n\t\t\t\t\t\t\t\t\tTRANSPORT\t\t\t\t\t\t\t\t<\/span>\r\n\t\t\t\t\t\t\t<\/a>\r\n\t\t\t\t\t\t  <\/h4>\r\n\t\t\t\t\t\t<\/div>\r\n\t\t\t\t\t\t<div id=\"ac_2796_collapse4\" class=\"wpsm_panel-collapse collapse \"  >\r\n\t\t\t\t\t\t  <div class=\"wpsm_panel-body\">\r\n\t\t\t\t\t\t\t<div class=\"lpb-col-12\">\r\n<span class=\"mytransporttitle\">Internationaler flughafen Thessaloniki <Macedonia><\/span>\r\n<p>Mit dem Taxi: 30 \u2013 40 Minuten<br>\r\n<a href=\"https:\/\/www.google.gr\/maps\/dir\/The+Met+Hotel,+26is+Oktovriou+48,+Thessaloniki+546+27\/Thessaloniki+Airport+Makedonia+(SKG),+Ethniki+Odos+Aerodromiou+Thessalonikis,+Thessaloniki\/\" target=\"_blank\">ANWEISUNGEN<\/a><\/p>\r\n\r\n<span class=\"mytransporttitle\">STADTZENTRUM<\/span>\r\n<p>Mit dem Taxi\/Hotelbus: 5 \u2013 10 Minuten<br>\r\n<a href=\"https:\/\/www.google.gr\/maps\/dir\/The+Met+Hotel,+26is+Oktovriou,+Thessaloniki\/Aristotelous+Square,+Thessaloniki\/\" target=\"_blank\">ANWEISUNGEN<\/a><\/p>\r\n<\/div>\r\n\t\t\t\t\t\t  <\/div>\r\n\t\t\t\t\t\t<\/div>\r\n\t\t\t\t\t<\/div>\r\n\t\t\t\t\t<!-- Inner panel End -->\r\n\t\t\t\t\t\r\n\t\t\t\t\t\t\t\t\r\n\t\t\t\t\t<!-- Inner panel Start -->\r\n\t\t\t\t\t<div class=\"wpsm_panel wpsm_panel-default\">\r\n\t\t\t\t\t\t<div class=\"wpsm_panel-heading\" role=\"tab\" >\r\n\t\t\t\t\t\t  <h4 class=\"wpsm_panel-title\">\r\n\t\t\t\t\t\t\t<a  class=\"collapsed\"  data-toggle=\"collapse\" data-parent=\"#wpsm_accordion_2796 \" href=\"javascript:void(0)\" data-target=\"#ac_2796_collapse5\" onclick=\"do_resize()\">\r\n\t\t\t\t\t\t\t\t\t\t\t\t\t\t\t\t\t<span class=\"ac_open_cl_icon fa fa-plus\"><\/span>\r\n\t\t\t\t\t\t\t\t\t\r\n\t\t\t\t\t\t\t\t \r\n\t\t\t\t\t\t\t\t<span class=\"ac_title_class\">\r\n\t\t\t\t\t\t\t\t\t\t\t\t\t\t\t\t\t\t\t\t<span style=\"margin-right:6px;\" class=\"fa fa-suitcase\"><\/span>\r\n\t\t\t\t\t\t\t\t\tBUSINESS-SERVICE\t\t\t\t\t\t\t\t<\/span>\r\n\t\t\t\t\t\t\t<\/a>\r\n\t\t\t\t\t\t  <\/h4>\r\n\t\t\t\t\t\t<\/div>\r\n\t\t\t\t\t\t<div id=\"ac_2796_collapse5\" class=\"wpsm_panel-collapse collapse \"  >\r\n\t\t\t\t\t\t  <div class=\"wpsm_panel-body\">\r\n\t\t\t\t\t\t\t<div class=\"lpb-col-12\">\r\n\t\t\t<ul>\r\n\t\t\t\t<li>Fotokopien<\/li>\r\n\t\t\t\t<li>Senden von FAX <\/li>\r\n\t\t\t\t<li>Ausdrucken von Seiten<\/li>\r\n\t\t\t<\/ul>\r\n\t\t<\/div>\t\t\t\t\t\t  <\/div>\r\n\t\t\t\t\t\t<\/div>\r\n\t\t\t\t\t<\/div>\r\n\t\t\t\t\t<!-- Inner panel End -->\r\n\t\t\t\t\t\r\n\t\t\t\t\t\t\t\t\r\n\t\t\t\t\t<!-- Inner panel Start -->\r\n\t\t\t\t\t<div class=\"wpsm_panel wpsm_panel-default\">\r\n\t\t\t\t\t\t<div class=\"wpsm_panel-heading\" role=\"tab\" >\r\n\t\t\t\t\t\t  <h4 class=\"wpsm_panel-title\">\r\n\t\t\t\t\t\t\t<a  class=\"collapsed\"  data-toggle=\"collapse\" data-parent=\"#wpsm_accordion_2796 \" href=\"javascript:void(0)\" data-target=\"#ac_2796_collapse6\" onclick=\"do_resize()\">\r\n\t\t\t\t\t\t\t\t\t\t\t\t\t\t\t\t\t<span class=\"ac_open_cl_icon fa fa-plus\"><\/span>\r\n\t\t\t\t\t\t\t\t\t\r\n\t\t\t\t\t\t\t\t \r\n\t\t\t\t\t\t\t\t<span class=\"ac_title_class\">\r\n\t\t\t\t\t\t\t\t\t\t\t\t\t\t\t\t\t\t\t\t<span style=\"margin-right:6px;\" class=\"fa fa-wheelchair\"><\/span>\r\n\t\t\t\t\t\t\t\t\tZUG\u00c4NGLICHKEIT\t\t\t\t\t\t\t\t<\/span>\r\n\t\t\t\t\t\t\t<\/a>\r\n\t\t\t\t\t\t  <\/h4>\r\n\t\t\t\t\t\t<\/div>\r\n\t\t\t\t\t\t<div id=\"ac_2796_collapse6\" class=\"wpsm_panel-collapse collapse \"  >\r\n\t\t\t\t\t\t  <div class=\"wpsm_panel-body\">\r\n\t\t\t\t\t\t\t<div class=\"lpb-col-12\">\r\n\t\t\t<ul>\r\n\t\t\t\t<li>Spezielle Zimmer f\u00fcr behinderte G\u00e4ste<\/li>\r\n\t\t\t\t<li>Leichter Zugang zum Fitnessstudio<\/li>\r\n\t\t\t\t<li>Alle Tagungsr\u00e4ume sind f\u00fcr G\u00e4ste mit Behinderung zug\u00e4nglich<\/li>\r\n\t\t\t\t<li>Die Behinderten-gerechten Zimmer sind leicht erreichbar <\/li>\r\n\t\t\t\t<li>Die Restaurants sind f\u00fcr G\u00e4ste mit Behinderung leicht erreichbar<\/li>\r\n\t\t\t\t<li>Die Fahrst\u00fchle sind Behinderten-gerecht <\/li>\r\n\t\t\t<\/ul>\r\n\t\t<\/div>\t\t\t\t\t\t  <\/div>\r\n\t\t\t\t\t\t<\/div>\r\n\t\t\t\t\t<\/div>\r\n\t\t\t\t\t<!-- Inner panel End -->\r\n\t\t\t\t\t\r\n\t\t\t\t\t\t\t<\/div>\r\n\t\t\t\r\n<script type=\"text\/javascript\">\r\n\t\r\n\t\tfunction do_resize(){\r\n\r\n\t\t\tvar width=jQuery( '.wpsm_panel .wpsm_panel-body iframe' ).width();\r\n\t\t\tvar height=jQuery( '.wpsm_panel .wpsm_panel-body iframe' ).height();\r\n\r\n\t\t\tvar toggleSize = true;\r\n\t\t\tjQuery('iframe').animate({\r\n\t\t\t    width: toggleSize ? width : 640,\r\n\t\t\t    height: toggleSize ? height : 360\r\n\t\t\t  }, 250);\r\n\r\n\t\t\t  toggleSize = !toggleSize;\r\n\t\t}\r\n\t\t\r\n<\/script>\t\n","protected":false},"excerpt":{"rendered":"<p>THE MET HOTEL AUF EINEN BLICK HOTELDETAILS The Met Hotel 8, 26. Oktovriou Str. 546 27 Thessaloniki +30 2310 017 000 +30 2310 017 100 themethotel@chandris.gr RESERVIERUNGSABTEILUNG +30 2310 017 082 INFORMATIONEN ZUR AN- UND ABREISE Check-in: 15:00 Uhr Check-out: 11:00 Uhr INTERNETZUGANG Kostenlose, drahtlose Verbindung auf den Zimmern und in allen \u00f6ffentlichen Bereichen PARKEN [&hellip;]<\/p>\n","protected":false},"author":1,"featured_media":0,"parent":0,"menu_order":0,"comment_status":"closed","ping_status":"closed","template":"","meta":{"_acf_changed":false,"footnotes":""},"class_list":["post-2790","page","type-page","status-publish","hentry"],"acf":[],"yoast_head":"<!-- This site is optimized with the Yoast SEO plugin v26.3 - https:\/\/yoast.com\/wordpress\/plugins\/seo\/ -->\n<title>Hotel Details - The Met Hotel<\/title>\n<meta name=\"robots\" content=\"index, follow, max-snippet:-1, max-image-preview:large, max-video-preview:-1\" \/>\n<link rel=\"canonical\" href=\"https:\/\/www.themethotel.gr\/de\/hotel-details\/\" \/>\n<meta property=\"og:locale\" content=\"de_DE\" \/>\n<meta property=\"og:type\" content=\"article\" \/>\n<meta property=\"og:title\" content=\"Hotel Details - The Met Hotel\" \/>\n<meta property=\"og:description\" content=\"THE MET HOTEL AUF EINEN BLICK HOTELDETAILS The Met Hotel 8, 26. Oktovriou Str. 546 27 Thessaloniki +30 2310 017 000 +30 2310 017 100 themethotel@chandris.gr RESERVIERUNGSABTEILUNG +30 2310 017 082 INFORMATIONEN ZUR AN- UND ABREISE Check-in: 15:00 Uhr Check-out: 11:00 Uhr INTERNETZUGANG Kostenlose, drahtlose Verbindung auf den Zimmern und in allen \u00f6ffentlichen Bereichen PARKEN [&hellip;]\" \/>\n<meta property=\"og:url\" content=\"https:\/\/www.themethotel.gr\/de\/hotel-details\/\" \/>\n<meta property=\"og:site_name\" content=\"The Met Hotel\" \/>\n<meta property=\"article:modified_time\" content=\"2024-01-03T07:35:33+00:00\" \/>\n<meta name=\"twitter:card\" content=\"summary_large_image\" \/>\n<meta name=\"twitter:label1\" content=\"Gesch\u00e4tzte Lesezeit\" \/>\n\t<meta name=\"twitter:data1\" content=\"1\u00a0Minute\" \/>\n<script type=\"application\/ld+json\" class=\"yoast-schema-graph\">{\"@context\":\"https:\/\/schema.org\",\"@graph\":[{\"@type\":\"WebPage\",\"@id\":\"https:\/\/www.themethotel.gr\/de\/hotel-details\/\",\"url\":\"https:\/\/www.themethotel.gr\/de\/hotel-details\/\",\"name\":\"Hotel Details - The Met Hotel\",\"isPartOf\":{\"@id\":\"https:\/\/www.themethotel.gr\/#website\"},\"datePublished\":\"2017-11-27T14:06:28+00:00\",\"dateModified\":\"2024-01-03T07:35:33+00:00\",\"breadcrumb\":{\"@id\":\"https:\/\/www.themethotel.gr\/de\/hotel-details\/#breadcrumb\"},\"inLanguage\":\"de\",\"potentialAction\":[{\"@type\":\"ReadAction\",\"target\":[\"https:\/\/www.themethotel.gr\/de\/hotel-details\/\"]}]},{\"@type\":\"BreadcrumbList\",\"@id\":\"https:\/\/www.themethotel.gr\/de\/hotel-details\/#breadcrumb\",\"itemListElement\":[{\"@type\":\"ListItem\",\"position\":1,\"name\":\"Home\",\"item\":\"https:\/\/www.themethotel.gr\/de\/\"},{\"@type\":\"ListItem\",\"position\":2,\"name\":\"Hotel Details\"}]},{\"@type\":\"WebSite\",\"@id\":\"https:\/\/www.themethotel.gr\/#website\",\"url\":\"https:\/\/www.themethotel.gr\/\",\"name\":\"The Met Hotel\",\"description\":\"Business Hotel in Greece\",\"publisher\":{\"@id\":\"https:\/\/www.themethotel.gr\/#organization\"},\"potentialAction\":[{\"@type\":\"SearchAction\",\"target\":{\"@type\":\"EntryPoint\",\"urlTemplate\":\"https:\/\/www.themethotel.gr\/?s={search_term_string}\"},\"query-input\":{\"@type\":\"PropertyValueSpecification\",\"valueRequired\":true,\"valueName\":\"search_term_string\"}}],\"inLanguage\":\"de\"},{\"@type\":\"Organization\",\"@id\":\"https:\/\/www.themethotel.gr\/#organization\",\"name\":\"The Met Hotel\",\"url\":\"https:\/\/www.themethotel.gr\/\",\"logo\":{\"@type\":\"ImageObject\",\"inLanguage\":\"de\",\"@id\":\"https:\/\/www.themethotel.gr\/#\/schema\/logo\/image\/\",\"url\":\"https:\/\/www.themethotel.gr\/wp-content\/uploads\/2017\/09\/logo3.jpg\",\"contentUrl\":\"https:\/\/www.themethotel.gr\/wp-content\/uploads\/2017\/09\/logo3.jpg\",\"width\":266,\"height\":135,\"caption\":\"The Met Hotel\"},\"image\":{\"@id\":\"https:\/\/www.themethotel.gr\/#\/schema\/logo\/image\/\"}}]}<\/script>\n<!-- \/ Yoast SEO plugin. -->","yoast_head_json":{"title":"Hotel Details - The Met Hotel","robots":{"index":"index","follow":"follow","max-snippet":"max-snippet:-1","max-image-preview":"max-image-preview:large","max-video-preview":"max-video-preview:-1"},"canonical":"https:\/\/www.themethotel.gr\/de\/hotel-details\/","og_locale":"de_DE","og_type":"article","og_title":"Hotel Details - The Met Hotel","og_description":"THE MET HOTEL AUF EINEN BLICK HOTELDETAILS The Met Hotel 8, 26. Oktovriou Str. 546 27 Thessaloniki +30 2310 017 000 +30 2310 017 100 themethotel@chandris.gr RESERVIERUNGSABTEILUNG +30 2310 017 082 INFORMATIONEN ZUR AN- UND ABREISE Check-in: 15:00 Uhr Check-out: 11:00 Uhr INTERNETZUGANG Kostenlose, drahtlose Verbindung auf den Zimmern und in allen \u00f6ffentlichen Bereichen PARKEN [&hellip;]","og_url":"https:\/\/www.themethotel.gr\/de\/hotel-details\/","og_site_name":"The Met Hotel","article_modified_time":"2024-01-03T07:35:33+00:00","twitter_card":"summary_large_image","twitter_misc":{"Gesch\u00e4tzte Lesezeit":"1\u00a0Minute"},"schema":{"@context":"https:\/\/schema.org","@graph":[{"@type":"WebPage","@id":"https:\/\/www.themethotel.gr\/de\/hotel-details\/","url":"https:\/\/www.themethotel.gr\/de\/hotel-details\/","name":"Hotel Details - The Met Hotel","isPartOf":{"@id":"https:\/\/www.themethotel.gr\/#website"},"datePublished":"2017-11-27T14:06:28+00:00","dateModified":"2024-01-03T07:35:33+00:00","breadcrumb":{"@id":"https:\/\/www.themethotel.gr\/de\/hotel-details\/#breadcrumb"},"inLanguage":"de","potentialAction":[{"@type":"ReadAction","target":["https:\/\/www.themethotel.gr\/de\/hotel-details\/"]}]},{"@type":"BreadcrumbList","@id":"https:\/\/www.themethotel.gr\/de\/hotel-details\/#breadcrumb","itemListElement":[{"@type":"ListItem","position":1,"name":"Home","item":"https:\/\/www.themethotel.gr\/de\/"},{"@type":"ListItem","position":2,"name":"Hotel Details"}]},{"@type":"WebSite","@id":"https:\/\/www.themethotel.gr\/#website","url":"https:\/\/www.themethotel.gr\/","name":"The Met Hotel","description":"Business Hotel in Greece","publisher":{"@id":"https:\/\/www.themethotel.gr\/#organization"},"potentialAction":[{"@type":"SearchAction","target":{"@type":"EntryPoint","urlTemplate":"https:\/\/www.themethotel.gr\/?s={search_term_string}"},"query-input":{"@type":"PropertyValueSpecification","valueRequired":true,"valueName":"search_term_string"}}],"inLanguage":"de"},{"@type":"Organization","@id":"https:\/\/www.themethotel.gr\/#organization","name":"The Met Hotel","url":"https:\/\/www.themethotel.gr\/","logo":{"@type":"ImageObject","inLanguage":"de","@id":"https:\/\/www.themethotel.gr\/#\/schema\/logo\/image\/","url":"https:\/\/www.themethotel.gr\/wp-content\/uploads\/2017\/09\/logo3.jpg","contentUrl":"https:\/\/www.themethotel.gr\/wp-content\/uploads\/2017\/09\/logo3.jpg","width":266,"height":135,"caption":"The Met Hotel"},"image":{"@id":"https:\/\/www.themethotel.gr\/#\/schema\/logo\/image\/"}}]}},"publishpress_future_action":{"enabled":false,"date":"2026-05-07 04:17:45","action":"change-status","newStatus":"draft","terms":[],"taxonomy":"translation_priority","extraData":[]},"publishpress_future_workflow_manual_trigger":{"enabledWorkflows":[]},"_links":{"self":[{"href":"https:\/\/www.themethotel.gr\/de\/wp-json\/wp\/v2\/pages\/2790","targetHints":{"allow":["GET"]}}],"collection":[{"href":"https:\/\/www.themethotel.gr\/de\/wp-json\/wp\/v2\/pages"}],"about":[{"href":"https:\/\/www.themethotel.gr\/de\/wp-json\/wp\/v2\/types\/page"}],"author":[{"embeddable":true,"href":"https:\/\/www.themethotel.gr\/de\/wp-json\/wp\/v2\/users\/1"}],"replies":[{"embeddable":true,"href":"https:\/\/www.themethotel.gr\/de\/wp-json\/wp\/v2\/comments?post=2790"}],"version-history":[{"count":6,"href":"https:\/\/www.themethotel.gr\/de\/wp-json\/wp\/v2\/pages\/2790\/revisions"}],"predecessor-version":[{"id":5045,"href":"https:\/\/www.themethotel.gr\/de\/wp-json\/wp\/v2\/pages\/2790\/revisions\/5045"}],"wp:attachment":[{"href":"https:\/\/www.themethotel.gr\/de\/wp-json\/wp\/v2\/media?parent=2790"}],"curies":[{"name":"wp","href":"https:\/\/api.w.org\/{rel}","templated":true}]}}