{"id":2818,"date":"2017-11-07T09:22:04","date_gmt":"2017-11-07T09:22:04","guid":{"rendered":"https:\/\/www.themethotel.gr\/the-long-bar\/"},"modified":"2022-11-07T12:57:24","modified_gmt":"2022-11-07T10:57:24","slug":"the-long-bar","status":"publish","type":"page","link":"https:\/\/www.themethotel.gr\/de\/the-long-bar\/","title":{"rendered":"The Long Bar"},"content":{"rendered":"<div class=\"lpb-clear-section\"><\/div><!-- .lpb-clear-section -->\n\n<div class=\"lpb-section parallax-no text-dark row-stretch-full columns-gap-no-gap equal-height-no padding-top-no padding-bottom-no margin-bottom-no has-bg\" style=\"background-color:#ffffff;\" id=\"nopadding\" data-stretch=\"full\" data-x=\"50%\"><!-- .lpb-section -->\n\n<div class=\"lpb-page-row\"><!-- .lpb-page-row -->\n<div class=\"lpb-container\"><!-- .lpb-container -->\n<div class=\"lpb-row\"><!-- .lpb-row -->\n\n<div class=\"lpb-col-12 lpb-page-item has-bg\" ><!-- .lpb-page-item -->\n\n<div class=\"lpb-item-revslider>\">\n\t\n\t\t\t<!-- START Long Bar REVOLUTION SLIDER 6.7.37 --><p class=\"rs-p-wp-fix\"><\/p>\n\t\t\t<rs-module-wrap id=\"rev_slider_4_1_wrapper\" data-source=\"gallery\" style=\"visibility:hidden;background:transparent;padding:0;margin:0px auto;margin-top:0;margin-bottom:0;\">\n\t\t\t\t<rs-module id=\"rev_slider_4_1\" style=\"\" data-version=\"6.7.37\">\n\t\t\t\t\t<rs-slides style=\"overflow: hidden; position: absolute;\">\n\t\t\t\t\t\t<rs-slide style=\"position: absolute;\" data-key=\"rs-37\" data-title=\"Slide\" data-in=\"x:(100%);\">\n\t\t\t\t\t\t\t<img src=\"\/\/www.themethotel.gr\/wp-content\/plugins\/revslider\/sr6\/assets\/assets\/dummy.png\" alt=\"\" title=\"The Long Bar\" class=\"rev-slidebg tp-rs-img rs-lazyload\" data-lazyload=\"\/\/www.themethotel.gr\/wp-content\/uploads\/2017\/11\/LongBarSlide001.jpg\" data-no-retina>\n<!---->\t\t\t\t\t<\/rs-slide>\n\t\t\t\t\t\t<rs-slide style=\"position: absolute;\" data-key=\"rs-38\" data-title=\"Slide\" data-in=\"x:(100%);\">\n\t\t\t\t\t\t\t<img src=\"\/\/www.themethotel.gr\/wp-content\/plugins\/revslider\/sr6\/assets\/assets\/dummy.png\" alt=\"\" title=\"The Long Bar\" class=\"rev-slidebg tp-rs-img rs-lazyload\" data-lazyload=\"\/\/www.themethotel.gr\/wp-content\/uploads\/2017\/11\/LongBarSlide002.jpg\" data-no-retina>\n<!---->\t\t\t\t\t<\/rs-slide>\n\t\t\t\t\t\t<rs-slide style=\"position: absolute;\" data-key=\"rs-39\" data-title=\"Slide\" data-in=\"x:(100%);\">\n\t\t\t\t\t\t\t<img src=\"\/\/www.themethotel.gr\/wp-content\/plugins\/revslider\/sr6\/assets\/assets\/dummy.png\" alt=\"\" title=\"The Long Bar\" class=\"rev-slidebg tp-rs-img rs-lazyload\" data-lazyload=\"\/\/www.themethotel.gr\/wp-content\/uploads\/2017\/11\/LongBarSlide003.jpg\" data-no-retina>\n<!---->\t\t\t\t\t<\/rs-slide>\n\t\t\t\t\t<\/rs-slides>\n\t\t\t\t<\/rs-module>\n\t\t\t\t<script>\n\t\t\t\t\tsetREVStartSize({c: 'rev_slider_4_1',rl:[1240,1024,778,480],el:[],gw:[1920],gh:[600],type:'standard',justify:'',layout:'fullwidth',mh:\"250\"});if (window.RS_MODULES!==undefined && window.RS_MODULES.modules!==undefined && window.RS_MODULES.modules[\"revslider41\"]!==undefined) {window.RS_MODULES.modules[\"revslider41\"].once = false;window.revapi4 = undefined;if (window.RS_MODULES.checkMinimal!==undefined) window.RS_MODULES.checkMinimal()}\n\t\t\t\t<\/script>\n\t\t\t<\/rs-module-wrap>\n\t\t\t<!-- END REVOLUTION SLIDER -->\n<\/div>\n<\/div><!-- \/.lpb-page-item -->\n\n<\/div><!-- \/.lpb-row -->\n<\/div><!-- \/.lpb-container -->\n<\/div><!-- \/.lpb-page-row -->\n\n<\/div><!-- \/.lpb-section -->\n\n<div class=\"lpb-section parallax-no text-dark row-stretch-boxed columns-gap-default equal-height-no padding-top-no padding-bottom-no margin-bottom-no has-bg\" style=\"background-color:#ffffff;\" id=\"introcol\" data-stretch=\"full\" data-x=\"50%\"><!-- .lpb-section -->\n\n<div class=\"lpb-page-row\"><!-- .lpb-page-row -->\n<div class=\"lpb-container\"><!-- .lpb-container -->\n<div class=\"lpb-row\"><!-- .lpb-row -->\n\n<div class=\"lpb-col-12 lpb-page-item has-bg\" ><!-- .lpb-page-item -->\n\n<div class=\"lpb-item-column\" >\n\t<div class=\"lpb-item-content\"><h1 class=\"myintrotitle\">Long Bar<\/h1>\n<p class=\"dining-intro\">Die beeindruckende 18 Meter lange Long Bar bietet eine gro\u00dfe Auswahl fantasievoller Cocktails vor einer faszinierenden vergoldeten 22-kar\u00e4tigen Hintergrundwand.<br \/>\nDie G\u00e4ste k\u00f6nnen sich bei einem Getr\u00e4nk oder einer leichten Mahlzeit entspannen oder einige der ausgezeichneten Gerichte aus dem \u00c0-la-carte-Men\u00fc ausw\u00e4hlen, begleitet von einem erlesenen Jahrgang aus der aktuellen Weinkarte.<\/p>\n<\/div>\n<\/div>\n<\/div><!-- \/.lpb-page-item -->\n\n<\/div><!-- \/.lpb-row -->\n<\/div><!-- \/.lpb-container -->\n<\/div><!-- \/.lpb-page-row -->\n\n<\/div><!-- \/.lpb-section -->\n\n<div class=\"lpb-section parallax-no text-dark row-stretch-default columns-gap-default equal-height-no padding-top-no padding-bottom-no margin-bottom-no has-bg\" style=\"background-color:#ffffff;\" id=\"myrestdet\" data-stretch=\"full\" data-x=\"50%\"><!-- .lpb-section -->\n\n<div class=\"lpb-page-row\"><!-- .lpb-page-row -->\n<div class=\"lpb-container\"><!-- .lpb-container -->\n<div class=\"lpb-row\"><!-- .lpb-row -->\n\n<div class=\"lpb-col-6 lpb-page-item has-bg\" id=\"mycolleftwb\"><!-- .lpb-page-item -->\n\n<div class=\"lpb-item-column\" >\n\t<div class=\"lpb-item-content\"><h2 class=\"myhtwo\">Betriebstage<\/h2>\n<p class=\"mypara\">\n7 Tage die Woche<\/p>\n<\/div>\n<\/div>\n<\/div><!-- \/.lpb-page-item -->\n<div class=\"lpb-col-6 lpb-page-item has-bg\" id=\"mycolright\"><!-- .lpb-page-item -->\n\n<div class=\"lpb-item-column\" >\n\t<div class=\"lpb-item-content\"><h2 class=\"myhtwo\">\u00d6ffnungszeiten<\/h2>\n<p class=\"mypara\">\nSonntag bis Samstag: 08:30 - 01:00 (letzte Essensbestellung 23:45)<\/p>\n<\/div>\n<\/div>\n<\/div><!-- \/.lpb-page-item -->\n<\/div><!-- \/.lpb-row -->\n<\/div><!-- \/.lpb-container -->\n<\/div><!-- \/.lpb-page-row -->\n\n<\/div><!-- \/.lpb-section -->\n\n","protected":false},"excerpt":{"rendered":"<p>Long Bar Die beeindruckende 18 Meter lange Long Bar bietet eine gro\u00dfe Auswahl fantasievoller Cocktails vor einer faszinierenden vergoldeten 22-kar\u00e4tigen Hintergrundwand. Die G\u00e4ste k\u00f6nnen sich bei einem Getr\u00e4nk oder einer leichten Mahlzeit entspannen oder einige der ausgezeichneten Gerichte aus dem \u00c0-la-carte-Men\u00fc ausw\u00e4hlen, begleitet von einem erlesenen Jahrgang aus der aktuellen Weinkarte. Betriebstage 7 Tage die [&hellip;]<\/p>\n","protected":false},"author":1,"featured_media":0,"parent":0,"menu_order":0,"comment_status":"closed","ping_status":"closed","template":"","meta":{"_acf_changed":false,"footnotes":""},"class_list":["post-2818","page","type-page","status-publish","hentry"],"acf":[],"yoast_head":"<!-- This site is optimized with the Yoast SEO plugin v26.3 - https:\/\/yoast.com\/wordpress\/plugins\/seo\/ -->\n<title>The Long Bar | Hotel | Thessaloniki | The Met Hotel<\/title>\n<meta name=\"description\" content=\"Measuring an impressive 18 meters (59 feet) in length, THE MET HOTEL&#039;s exquisite bar offers a wide range of specialty cocktails in front of a mesmerizing gold-plated 22 carat background wall.\" \/>\n<meta name=\"robots\" content=\"index, follow, max-snippet:-1, max-image-preview:large, max-video-preview:-1\" \/>\n<link rel=\"canonical\" href=\"https:\/\/www.themethotel.gr\/de\/the-long-bar\/\" \/>\n<meta property=\"og:locale\" content=\"de_DE\" \/>\n<meta property=\"og:type\" content=\"article\" \/>\n<meta property=\"og:title\" content=\"The Long Bar | Hotel | Thessaloniki | The Met Hotel\" \/>\n<meta property=\"og:description\" content=\"Measuring an impressive 18 meters (59 feet) in length, THE MET HOTEL&#039;s exquisite bar offers a wide range of specialty cocktails in front of a mesmerizing gold-plated 22 carat background wall.\" \/>\n<meta property=\"og:url\" content=\"https:\/\/www.themethotel.gr\/de\/the-long-bar\/\" \/>\n<meta property=\"og:site_name\" content=\"The Met Hotel\" \/>\n<meta property=\"article:modified_time\" content=\"2022-11-07T10:57:24+00:00\" \/>\n<meta name=\"twitter:card\" content=\"summary_large_image\" \/>\n<script type=\"application\/ld+json\" class=\"yoast-schema-graph\">{\"@context\":\"https:\/\/schema.org\",\"@graph\":[{\"@type\":\"WebPage\",\"@id\":\"https:\/\/www.themethotel.gr\/de\/the-long-bar\/\",\"url\":\"https:\/\/www.themethotel.gr\/de\/the-long-bar\/\",\"name\":\"The Long Bar | Hotel | Thessaloniki | The Met Hotel\",\"isPartOf\":{\"@id\":\"https:\/\/www.themethotel.gr\/#website\"},\"datePublished\":\"2017-11-07T09:22:04+00:00\",\"dateModified\":\"2022-11-07T10:57:24+00:00\",\"description\":\"Measuring an impressive 18 meters (59 feet) in length, THE MET HOTEL's exquisite bar offers a wide range of specialty cocktails in front of a mesmerizing gold-plated 22 carat background wall.\",\"breadcrumb\":{\"@id\":\"https:\/\/www.themethotel.gr\/de\/the-long-bar\/#breadcrumb\"},\"inLanguage\":\"de\",\"potentialAction\":[{\"@type\":\"ReadAction\",\"target\":[\"https:\/\/www.themethotel.gr\/de\/the-long-bar\/\"]}]},{\"@type\":\"BreadcrumbList\",\"@id\":\"https:\/\/www.themethotel.gr\/de\/the-long-bar\/#breadcrumb\",\"itemListElement\":[{\"@type\":\"ListItem\",\"position\":1,\"name\":\"Home\",\"item\":\"https:\/\/www.themethotel.gr\/de\/\"},{\"@type\":\"ListItem\",\"position\":2,\"name\":\"The Long Bar\"}]},{\"@type\":\"WebSite\",\"@id\":\"https:\/\/www.themethotel.gr\/#website\",\"url\":\"https:\/\/www.themethotel.gr\/\",\"name\":\"The Met Hotel\",\"description\":\"Business Hotel in Greece\",\"publisher\":{\"@id\":\"https:\/\/www.themethotel.gr\/#organization\"},\"potentialAction\":[{\"@type\":\"SearchAction\",\"target\":{\"@type\":\"EntryPoint\",\"urlTemplate\":\"https:\/\/www.themethotel.gr\/?s={search_term_string}\"},\"query-input\":{\"@type\":\"PropertyValueSpecification\",\"valueRequired\":true,\"valueName\":\"search_term_string\"}}],\"inLanguage\":\"de\"},{\"@type\":\"Organization\",\"@id\":\"https:\/\/www.themethotel.gr\/#organization\",\"name\":\"The Met Hotel\",\"url\":\"https:\/\/www.themethotel.gr\/\",\"logo\":{\"@type\":\"ImageObject\",\"inLanguage\":\"de\",\"@id\":\"https:\/\/www.themethotel.gr\/#\/schema\/logo\/image\/\",\"url\":\"https:\/\/www.themethotel.gr\/wp-content\/uploads\/2017\/09\/logo3.jpg\",\"contentUrl\":\"https:\/\/www.themethotel.gr\/wp-content\/uploads\/2017\/09\/logo3.jpg\",\"width\":266,\"height\":135,\"caption\":\"The Met Hotel\"},\"image\":{\"@id\":\"https:\/\/www.themethotel.gr\/#\/schema\/logo\/image\/\"}}]}<\/script>\n<!-- \/ Yoast SEO plugin. -->","yoast_head_json":{"title":"The Long Bar | Hotel | Thessaloniki | The Met Hotel","description":"Measuring an impressive 18 meters (59 feet) in length, THE MET HOTEL's exquisite bar offers a wide range of specialty cocktails in front of a mesmerizing gold-plated 22 carat background wall.","robots":{"index":"index","follow":"follow","max-snippet":"max-snippet:-1","max-image-preview":"max-image-preview:large","max-video-preview":"max-video-preview:-1"},"canonical":"https:\/\/www.themethotel.gr\/de\/the-long-bar\/","og_locale":"de_DE","og_type":"article","og_title":"The Long Bar | Hotel | Thessaloniki | The Met Hotel","og_description":"Measuring an impressive 18 meters (59 feet) in length, THE MET HOTEL's exquisite bar offers a wide range of specialty cocktails in front of a mesmerizing gold-plated 22 carat background wall.","og_url":"https:\/\/www.themethotel.gr\/de\/the-long-bar\/","og_site_name":"The Met Hotel","article_modified_time":"2022-11-07T10:57:24+00:00","twitter_card":"summary_large_image","schema":{"@context":"https:\/\/schema.org","@graph":[{"@type":"WebPage","@id":"https:\/\/www.themethotel.gr\/de\/the-long-bar\/","url":"https:\/\/www.themethotel.gr\/de\/the-long-bar\/","name":"The Long Bar | Hotel | Thessaloniki | The Met Hotel","isPartOf":{"@id":"https:\/\/www.themethotel.gr\/#website"},"datePublished":"2017-11-07T09:22:04+00:00","dateModified":"2022-11-07T10:57:24+00:00","description":"Measuring an impressive 18 meters (59 feet) in length, THE MET HOTEL's exquisite bar offers a wide range of specialty cocktails in front of a mesmerizing gold-plated 22 carat background wall.","breadcrumb":{"@id":"https:\/\/www.themethotel.gr\/de\/the-long-bar\/#breadcrumb"},"inLanguage":"de","potentialAction":[{"@type":"ReadAction","target":["https:\/\/www.themethotel.gr\/de\/the-long-bar\/"]}]},{"@type":"BreadcrumbList","@id":"https:\/\/www.themethotel.gr\/de\/the-long-bar\/#breadcrumb","itemListElement":[{"@type":"ListItem","position":1,"name":"Home","item":"https:\/\/www.themethotel.gr\/de\/"},{"@type":"ListItem","position":2,"name":"The Long Bar"}]},{"@type":"WebSite","@id":"https:\/\/www.themethotel.gr\/#website","url":"https:\/\/www.themethotel.gr\/","name":"The Met Hotel","description":"Business Hotel in Greece","publisher":{"@id":"https:\/\/www.themethotel.gr\/#organization"},"potentialAction":[{"@type":"SearchAction","target":{"@type":"EntryPoint","urlTemplate":"https:\/\/www.themethotel.gr\/?s={search_term_string}"},"query-input":{"@type":"PropertyValueSpecification","valueRequired":true,"valueName":"search_term_string"}}],"inLanguage":"de"},{"@type":"Organization","@id":"https:\/\/www.themethotel.gr\/#organization","name":"The Met Hotel","url":"https:\/\/www.themethotel.gr\/","logo":{"@type":"ImageObject","inLanguage":"de","@id":"https:\/\/www.themethotel.gr\/#\/schema\/logo\/image\/","url":"https:\/\/www.themethotel.gr\/wp-content\/uploads\/2017\/09\/logo3.jpg","contentUrl":"https:\/\/www.themethotel.gr\/wp-content\/uploads\/2017\/09\/logo3.jpg","width":266,"height":135,"caption":"The Met Hotel"},"image":{"@id":"https:\/\/www.themethotel.gr\/#\/schema\/logo\/image\/"}}]}},"publishpress_future_action":{"enabled":false,"date":"2026-04-15 16:49:38","action":"change-status","newStatus":"draft","terms":[],"taxonomy":"translation_priority","extraData":[]},"publishpress_future_workflow_manual_trigger":{"enabledWorkflows":[]},"_links":{"self":[{"href":"https:\/\/www.themethotel.gr\/de\/wp-json\/wp\/v2\/pages\/2818","targetHints":{"allow":["GET"]}}],"collection":[{"href":"https:\/\/www.themethotel.gr\/de\/wp-json\/wp\/v2\/pages"}],"about":[{"href":"https:\/\/www.themethotel.gr\/de\/wp-json\/wp\/v2\/types\/page"}],"author":[{"embeddable":true,"href":"https:\/\/www.themethotel.gr\/de\/wp-json\/wp\/v2\/users\/1"}],"replies":[{"embeddable":true,"href":"https:\/\/www.themethotel.gr\/de\/wp-json\/wp\/v2\/comments?post=2818"}],"version-history":[{"count":3,"href":"https:\/\/www.themethotel.gr\/de\/wp-json\/wp\/v2\/pages\/2818\/revisions"}],"predecessor-version":[{"id":4334,"href":"https:\/\/www.themethotel.gr\/de\/wp-json\/wp\/v2\/pages\/2818\/revisions\/4334"}],"wp:attachment":[{"href":"https:\/\/www.themethotel.gr\/de\/wp-json\/wp\/v2\/media?parent=2818"}],"curies":[{"name":"wp","href":"https:\/\/api.w.org\/{rel}","templated":true}]}}