{"id":2826,"date":"2017-11-07T10:01:31","date_gmt":"2017-11-07T10:01:31","guid":{"rendered":"https:\/\/www.themethotel.gr\/chan-restaurant\/"},"modified":"2025-04-10T12:25:45","modified_gmt":"2025-04-10T10:25:45","slug":"chan-restaurant","status":"publish","type":"page","link":"https:\/\/www.themethotel.gr\/de\/chan-restaurant\/","title":{"rendered":"Chan Restaurant"},"content":{"rendered":"<div class=\"lpb-clear-section\"><\/div><!-- .lpb-clear-section -->\n\n<div class=\"lpb-section parallax-no text-dark row-stretch-full columns-gap-no-gap equal-height-no padding-top-no padding-bottom-no margin-bottom-no has-bg\" style=\"background-color:#ffffff;\" id=\"nopadding\" data-stretch=\"full\" data-x=\"50%\"><!-- .lpb-section -->\n\n<div class=\"lpb-page-row\"><!-- .lpb-page-row -->\n<div class=\"lpb-container\"><!-- .lpb-container -->\n<div class=\"lpb-row\"><!-- .lpb-row -->\n\n<div class=\"lpb-col-12 lpb-page-item has-bg\" ><!-- .lpb-page-item -->\n\n<div class=\"lpb-item-image alignment-center\">\n\t\n\t<img width=\"1600\" height=\"457\" src=\"https:\/\/www.themethotel.gr\/wp-content\/uploads\/2025\/04\/Website-Header.jpg\" class=\"attachment-full size-full\" alt=\"\" srcset=\"https:\/\/www.themethotel.gr\/wp-content\/uploads\/2025\/04\/Website-Header.jpg 1600w, https:\/\/www.themethotel.gr\/wp-content\/uploads\/2025\/04\/Website-Header-300x86.jpg 300w, https:\/\/www.themethotel.gr\/wp-content\/uploads\/2025\/04\/Website-Header-1024x292.jpg 1024w, https:\/\/www.themethotel.gr\/wp-content\/uploads\/2025\/04\/Website-Header-768x219.jpg 768w, https:\/\/www.themethotel.gr\/wp-content\/uploads\/2025\/04\/Website-Header-1536x439.jpg 1536w, https:\/\/www.themethotel.gr\/wp-content\/uploads\/2025\/04\/Website-Header-350x100.jpg 350w\" sizes=\"(max-width: 1600px) 100vw, 1600px\" \/>\n\t\n<\/div>\n<\/div><!-- \/.lpb-page-item -->\n\n<\/div><!-- \/.lpb-row -->\n<\/div><!-- \/.lpb-container -->\n<\/div><!-- \/.lpb-page-row -->\n\n<\/div><!-- \/.lpb-section -->\n\n<div class=\"lpb-section parallax-no text-dark row-stretch-boxed columns-gap-default equal-height-no padding-top-no padding-bottom-no margin-bottom-no has-bg\" style=\"background-color:#ffffff;\" id=\"introcol\" data-stretch=\"full\" data-x=\"50%\"><!-- .lpb-section -->\n\n<div class=\"lpb-page-row\"><!-- .lpb-page-row -->\n<div class=\"lpb-container\"><!-- .lpb-container -->\n<div class=\"lpb-row\"><!-- .lpb-row -->\n\n<div class=\"lpb-col-12 lpb-page-item has-bg\" ><!-- .lpb-page-item -->\n\n<div class=\"lpb-item-column\" >\n\t<div class=\"lpb-item-content\"><h1 class=\"myintrotitle\">Restaurant Chan<\/h1>\n<p class=\"dining-intro\">Das Chan Restaurant wurde von Andy Martin &amp; Associates Architecture in London entworfen und pr\u00e4sentiert das Beste der asiatischen gastronomischen Innovation und kreative griechische k\u00fcche. Wunderbare <strong>asiatische Kreationen<\/strong> mit Knowhow und Phantasie in einer sch\u00f6nen und anspruchsvollen Umgebung wecken die Sinne und bieten ein unvergessliches <strong>Gourmet-Erlebnis<\/strong>.<\/p>\n<p class=\"dining-intro\" style=\"font-style:italic\">\n<\/div>\n<\/div>\n<\/div><!-- \/.lpb-page-item -->\n\n<\/div><!-- \/.lpb-row -->\n<\/div><!-- \/.lpb-container -->\n<\/div><!-- \/.lpb-page-row -->\n\n<\/div><!-- \/.lpb-section -->\n\n<div class=\"lpb-section parallax-no text-dark row-stretch-default columns-gap-default equal-height-no padding-top-no padding-bottom-no margin-bottom-no has-bg\" style=\"background-color:#ffffff;\" id=\"myrestdet\" data-stretch=\"full\" data-x=\"50%\"><!-- .lpb-section -->\n\n<div class=\"lpb-page-row\"><!-- .lpb-page-row -->\n<div class=\"lpb-container\"><!-- .lpb-container -->\n<div class=\"lpb-row\"><!-- .lpb-row -->\n\n<div class=\"lpb-col-6 lpb-page-item has-bg\" id=\"mycolleftwb\"><!-- .lpb-page-item -->\n\n<div class=\"lpb-item-column\" >\n\t<div class=\"lpb-item-content\"><h2 class=\"myhtwo\">\u00d6ffnungszeiten<\/h2>\n<p class=\"mypara\">\nFreitag &amp; Samstag 19.00 \u2013 01.00 (letzte Essensbestellung 23:30)<\/p>\n<\/div>\n<\/div>\n<\/div><!-- \/.lpb-page-item -->\n<div class=\"lpb-col-6 lpb-page-item has-bg\" id=\"mycolright\"><!-- .lpb-page-item -->\n\n<div class=\"lpb-item-column\" >\n\t<div class=\"lpb-item-content\"><h2 class=\"myhtwo\">Speisekarte<\/h2>\n<p class=\"mypara\">\n<a href=\"https:\/\/www.themethotel.gr\/flipbooks\/chan-restaurant-menu\/\" target=\"\u201d_blank\u201d\">Asiatische Speisekarte und Griechische kreative K\u00fcche<\/a><\/p>\n<\/div>\n<\/div>\n<\/div><!-- \/.lpb-page-item -->\n\n<\/div><!-- \/.lpb-row -->\n<\/div><!-- \/.lpb-container -->\n<\/div><!-- \/.lpb-page-row -->\n\n<\/div><!-- \/.lpb-section -->\n\n<div class=\"lpb-section parallax-no text-dark row-stretch-default columns-gap-default equal-height-no padding-top-no padding-bottom-no margin-bottom-no has-bg\" style=\"background-color:#ffffff;\" id=\"myrestbook\" data-stretch=\"full\" data-x=\"50%\"><!-- .lpb-section -->\n\n<div class=\"lpb-page-row\"><!-- .lpb-page-row -->\n<div class=\"lpb-container\"><!-- .lpb-container -->\n<div class=\"lpb-row\"><!-- .lpb-row -->\n\n<div class=\"lpb-col-12 lpb-page-item has-bg\" ><!-- .lpb-page-item -->\n\n<div class=\"lpb-item-column\" >\n\t<div class=\"lpb-item-content\"><div class=\"etable-pro\"><a class=\"etableLink-pro\" href=\"https:\/\/www.e-restaurants.gr\/estiatorio\/chan-restaurant-bar-thessaloniki\" rel=\"noopener\" target=\"_blank\" style=\"text-align:center\">Einen Tisch reservieren<\/a><\/div>\n<p style=\"text-align:center;margin-top:10px\">Reservierungen telefonisch: +30 2310 017000<\/p>\n<\/div>\n<\/div>\n<\/div><!-- \/.lpb-page-item -->\n<\/div><!-- \/.lpb-row -->\n<\/div><!-- \/.lpb-container -->\n<\/div><!-- \/.lpb-page-row -->\n\n<\/div><!-- \/.lpb-section -->\n\n","protected":false},"excerpt":{"rendered":"<p>Restaurant Chan Das Chan Restaurant wurde von Andy Martin &amp; Associates Architecture in London entworfen und pr\u00e4sentiert das Beste der asiatischen gastronomischen Innovation und kreative griechische k\u00fcche. Wunderbare asiatische Kreationen mit Knowhow und Phantasie in einer sch\u00f6nen und anspruchsvollen Umgebung wecken die Sinne und bieten ein unvergessliches Gourmet-Erlebnis. \u00d6ffnungszeiten Freitag &amp; Samstag 19.00 \u2013 01.00 [&hellip;]<\/p>\n","protected":false},"author":1,"featured_media":0,"parent":0,"menu_order":0,"comment_status":"closed","ping_status":"closed","template":"","meta":{"_acf_changed":false,"footnotes":""},"class_list":["post-2826","page","type-page","status-publish","hentry"],"acf":[],"yoast_head":"<!-- This site is optimized with the Yoast SEO plugin v26.3 - https:\/\/yoast.com\/wordpress\/plugins\/seo\/ -->\n<title>Chan Restaurant | Hotel | Thessaloniki | The Met Hotel<\/title>\n<meta name=\"description\" content=\"Introducing the best of Asian innovation to the city of Thessaloniki, THE MET HOTEL\u2019s Chan restaurant was designed by London based architects Andy Martin &amp; Associates. Imaginative Asian dishes in a sophisticated ambiance delight the senses, offering guests a memorable dining experience.\" \/>\n<meta name=\"robots\" content=\"index, follow, max-snippet:-1, max-image-preview:large, max-video-preview:-1\" \/>\n<link rel=\"canonical\" href=\"https:\/\/www.themethotel.gr\/de\/chan-restaurant\/\" \/>\n<meta property=\"og:locale\" content=\"de_DE\" \/>\n<meta property=\"og:type\" content=\"article\" \/>\n<meta property=\"og:title\" content=\"Chan Restaurant | Hotel | Thessaloniki | The Met Hotel\" \/>\n<meta property=\"og:description\" content=\"Introducing the best of Asian innovation to the city of Thessaloniki, THE MET HOTEL\u2019s Chan restaurant was designed by London based architects Andy Martin &amp; Associates. Imaginative Asian dishes in a sophisticated ambiance delight the senses, offering guests a memorable dining experience.\" \/>\n<meta property=\"og:url\" content=\"https:\/\/www.themethotel.gr\/de\/chan-restaurant\/\" \/>\n<meta property=\"og:site_name\" content=\"The Met Hotel\" \/>\n<meta property=\"article:modified_time\" content=\"2025-04-10T10:25:45+00:00\" \/>\n<meta name=\"twitter:card\" content=\"summary_large_image\" \/>\n<meta name=\"twitter:label1\" content=\"Gesch\u00e4tzte Lesezeit\" \/>\n\t<meta name=\"twitter:data1\" content=\"1\u00a0Minute\" \/>\n<script type=\"application\/ld+json\" class=\"yoast-schema-graph\">{\"@context\":\"https:\/\/schema.org\",\"@graph\":[{\"@type\":\"WebPage\",\"@id\":\"https:\/\/www.themethotel.gr\/de\/chan-restaurant\/\",\"url\":\"https:\/\/www.themethotel.gr\/de\/chan-restaurant\/\",\"name\":\"Chan Restaurant | Hotel | Thessaloniki | The Met Hotel\",\"isPartOf\":{\"@id\":\"https:\/\/www.themethotel.gr\/#website\"},\"datePublished\":\"2017-11-07T10:01:31+00:00\",\"dateModified\":\"2025-04-10T10:25:45+00:00\",\"description\":\"Introducing the best of Asian innovation to the city of Thessaloniki, THE MET HOTEL\u2019s Chan restaurant was designed by London based architects Andy Martin & Associates. Imaginative Asian dishes in a sophisticated ambiance delight the senses, offering guests a memorable dining experience.\",\"breadcrumb\":{\"@id\":\"https:\/\/www.themethotel.gr\/de\/chan-restaurant\/#breadcrumb\"},\"inLanguage\":\"de\",\"potentialAction\":[{\"@type\":\"ReadAction\",\"target\":[\"https:\/\/www.themethotel.gr\/de\/chan-restaurant\/\"]}]},{\"@type\":\"BreadcrumbList\",\"@id\":\"https:\/\/www.themethotel.gr\/de\/chan-restaurant\/#breadcrumb\",\"itemListElement\":[{\"@type\":\"ListItem\",\"position\":1,\"name\":\"Home\",\"item\":\"https:\/\/www.themethotel.gr\/de\/\"},{\"@type\":\"ListItem\",\"position\":2,\"name\":\"Chan Restaurant\"}]},{\"@type\":\"WebSite\",\"@id\":\"https:\/\/www.themethotel.gr\/#website\",\"url\":\"https:\/\/www.themethotel.gr\/\",\"name\":\"The Met Hotel\",\"description\":\"Business Hotel in Greece\",\"publisher\":{\"@id\":\"https:\/\/www.themethotel.gr\/#organization\"},\"potentialAction\":[{\"@type\":\"SearchAction\",\"target\":{\"@type\":\"EntryPoint\",\"urlTemplate\":\"https:\/\/www.themethotel.gr\/?s={search_term_string}\"},\"query-input\":{\"@type\":\"PropertyValueSpecification\",\"valueRequired\":true,\"valueName\":\"search_term_string\"}}],\"inLanguage\":\"de\"},{\"@type\":\"Organization\",\"@id\":\"https:\/\/www.themethotel.gr\/#organization\",\"name\":\"The Met Hotel\",\"url\":\"https:\/\/www.themethotel.gr\/\",\"logo\":{\"@type\":\"ImageObject\",\"inLanguage\":\"de\",\"@id\":\"https:\/\/www.themethotel.gr\/#\/schema\/logo\/image\/\",\"url\":\"https:\/\/www.themethotel.gr\/wp-content\/uploads\/2017\/09\/logo3.jpg\",\"contentUrl\":\"https:\/\/www.themethotel.gr\/wp-content\/uploads\/2017\/09\/logo3.jpg\",\"width\":266,\"height\":135,\"caption\":\"The Met Hotel\"},\"image\":{\"@id\":\"https:\/\/www.themethotel.gr\/#\/schema\/logo\/image\/\"}}]}<\/script>\n<!-- \/ Yoast SEO plugin. -->","yoast_head_json":{"title":"Chan Restaurant | Hotel | Thessaloniki | The Met Hotel","description":"Introducing the best of Asian innovation to the city of Thessaloniki, THE MET HOTEL\u2019s Chan restaurant was designed by London based architects Andy Martin & Associates. Imaginative Asian dishes in a sophisticated ambiance delight the senses, offering guests a memorable dining experience.","robots":{"index":"index","follow":"follow","max-snippet":"max-snippet:-1","max-image-preview":"max-image-preview:large","max-video-preview":"max-video-preview:-1"},"canonical":"https:\/\/www.themethotel.gr\/de\/chan-restaurant\/","og_locale":"de_DE","og_type":"article","og_title":"Chan Restaurant | Hotel | Thessaloniki | The Met Hotel","og_description":"Introducing the best of Asian innovation to the city of Thessaloniki, THE MET HOTEL\u2019s Chan restaurant was designed by London based architects Andy Martin & Associates. Imaginative Asian dishes in a sophisticated ambiance delight the senses, offering guests a memorable dining experience.","og_url":"https:\/\/www.themethotel.gr\/de\/chan-restaurant\/","og_site_name":"The Met Hotel","article_modified_time":"2025-04-10T10:25:45+00:00","twitter_card":"summary_large_image","twitter_misc":{"Gesch\u00e4tzte Lesezeit":"1\u00a0Minute"},"schema":{"@context":"https:\/\/schema.org","@graph":[{"@type":"WebPage","@id":"https:\/\/www.themethotel.gr\/de\/chan-restaurant\/","url":"https:\/\/www.themethotel.gr\/de\/chan-restaurant\/","name":"Chan Restaurant | Hotel | Thessaloniki | The Met Hotel","isPartOf":{"@id":"https:\/\/www.themethotel.gr\/#website"},"datePublished":"2017-11-07T10:01:31+00:00","dateModified":"2025-04-10T10:25:45+00:00","description":"Introducing the best of Asian innovation to the city of Thessaloniki, THE MET HOTEL\u2019s Chan restaurant was designed by London based architects Andy Martin & Associates. Imaginative Asian dishes in a sophisticated ambiance delight the senses, offering guests a memorable dining experience.","breadcrumb":{"@id":"https:\/\/www.themethotel.gr\/de\/chan-restaurant\/#breadcrumb"},"inLanguage":"de","potentialAction":[{"@type":"ReadAction","target":["https:\/\/www.themethotel.gr\/de\/chan-restaurant\/"]}]},{"@type":"BreadcrumbList","@id":"https:\/\/www.themethotel.gr\/de\/chan-restaurant\/#breadcrumb","itemListElement":[{"@type":"ListItem","position":1,"name":"Home","item":"https:\/\/www.themethotel.gr\/de\/"},{"@type":"ListItem","position":2,"name":"Chan Restaurant"}]},{"@type":"WebSite","@id":"https:\/\/www.themethotel.gr\/#website","url":"https:\/\/www.themethotel.gr\/","name":"The Met Hotel","description":"Business Hotel in Greece","publisher":{"@id":"https:\/\/www.themethotel.gr\/#organization"},"potentialAction":[{"@type":"SearchAction","target":{"@type":"EntryPoint","urlTemplate":"https:\/\/www.themethotel.gr\/?s={search_term_string}"},"query-input":{"@type":"PropertyValueSpecification","valueRequired":true,"valueName":"search_term_string"}}],"inLanguage":"de"},{"@type":"Organization","@id":"https:\/\/www.themethotel.gr\/#organization","name":"The Met Hotel","url":"https:\/\/www.themethotel.gr\/","logo":{"@type":"ImageObject","inLanguage":"de","@id":"https:\/\/www.themethotel.gr\/#\/schema\/logo\/image\/","url":"https:\/\/www.themethotel.gr\/wp-content\/uploads\/2017\/09\/logo3.jpg","contentUrl":"https:\/\/www.themethotel.gr\/wp-content\/uploads\/2017\/09\/logo3.jpg","width":266,"height":135,"caption":"The Met Hotel"},"image":{"@id":"https:\/\/www.themethotel.gr\/#\/schema\/logo\/image\/"}}]}},"publishpress_future_action":{"enabled":false,"date":"2026-04-23 08:35:15","action":"change-status","newStatus":"draft","terms":[],"taxonomy":"translation_priority","extraData":[]},"publishpress_future_workflow_manual_trigger":{"enabledWorkflows":[]},"_links":{"self":[{"href":"https:\/\/www.themethotel.gr\/de\/wp-json\/wp\/v2\/pages\/2826","targetHints":{"allow":["GET"]}}],"collection":[{"href":"https:\/\/www.themethotel.gr\/de\/wp-json\/wp\/v2\/pages"}],"about":[{"href":"https:\/\/www.themethotel.gr\/de\/wp-json\/wp\/v2\/types\/page"}],"author":[{"embeddable":true,"href":"https:\/\/www.themethotel.gr\/de\/wp-json\/wp\/v2\/users\/1"}],"replies":[{"embeddable":true,"href":"https:\/\/www.themethotel.gr\/de\/wp-json\/wp\/v2\/comments?post=2826"}],"version-history":[{"count":21,"href":"https:\/\/www.themethotel.gr\/de\/wp-json\/wp\/v2\/pages\/2826\/revisions"}],"predecessor-version":[{"id":7028,"href":"https:\/\/www.themethotel.gr\/de\/wp-json\/wp\/v2\/pages\/2826\/revisions\/7028"}],"wp:attachment":[{"href":"https:\/\/www.themethotel.gr\/de\/wp-json\/wp\/v2\/media?parent=2826"}],"curies":[{"name":"wp","href":"https:\/\/api.w.org\/{rel}","templated":true}]}}