{"id":2506,"date":"2017-09-04T10:34:34","date_gmt":"2017-09-04T10:34:34","guid":{"rendered":"https:\/\/www.themethotel.gr\/hotel\/"},"modified":"2025-10-13T13:11:50","modified_gmt":"2025-10-13T11:11:50","slug":"hotel","status":"publish","type":"page","link":"https:\/\/www.themethotel.gr\/fr\/","title":{"rendered":"Accueil"},"content":{"rendered":"\n\t\t\t<!-- START homepage REVOLUTION SLIDER 6.7.37 --><p class=\"rs-p-wp-fix\"><\/p>\n\t\t\t<rs-module-wrap id=\"rev_slider_2_1_wrapper\" data-source=\"gallery\" style=\"visibility:hidden;background:transparent;padding:0;margin:0px auto;margin-top:0;margin-bottom:0;\">\n\t\t\t\t<rs-module id=\"rev_slider_2_1\" style=\"\" data-version=\"6.7.37\">\n\t\t\t\t\t<rs-slides style=\"overflow: hidden; position: absolute;\">\n\t\t\t\t\t\t<rs-slide style=\"position: absolute;\" data-key=\"rs-32\" data-title=\"Slide\" data-in=\"x:(100%);\">\n\t\t\t\t\t\t\t<img decoding=\"async\" src=\"\/\/www.themethotel.gr\/wp-content\/plugins\/revslider\/sr6\/assets\/assets\/dummy.png\" alt=\"\" title=\"Accueil\" class=\"rev-slidebg tp-rs-img rs-lazyload\" data-lazyload=\"\/\/www.themethotel.gr\/wp-content\/uploads\/2017\/11\/Slide001.jpg\" data-panzoom=\"d:10000;ss:100;se:110;\" data-no-retina>\n<!---->\t\t\t\t\t<\/rs-slide>\n\t\t\t\t\t\t<rs-slide style=\"position: absolute;\" data-key=\"rs-33\" data-title=\"Slide\" data-in=\"x:(100%);\">\n\t\t\t\t\t\t\t<img decoding=\"async\" src=\"\/\/www.themethotel.gr\/wp-content\/plugins\/revslider\/sr6\/assets\/assets\/dummy.png\" alt=\"\" title=\"Accueil\" class=\"rev-slidebg tp-rs-img rs-lazyload\" data-lazyload=\"\/\/www.themethotel.gr\/wp-content\/uploads\/2017\/11\/Slide002.jpg\" data-panzoom=\"d:10000;ss:100;se:110;\" data-no-retina>\n<!---->\t\t\t\t\t<\/rs-slide>\n\t\t\t\t\t<\/rs-slides>\n\t\t\t\t<\/rs-module>\n\t\t\t\t<script>\n\t\t\t\t\tsetREVStartSize({c: 'rev_slider_2_1',rl:[1240,1024,778,480],el:[],gw:[1920],gh:[700],type:'standard',justify:'',layout:'fullwidth',mh:\"250\"});if (window.RS_MODULES!==undefined && window.RS_MODULES.modules!==undefined && window.RS_MODULES.modules[\"revslider21\"]!==undefined) {window.RS_MODULES.modules[\"revslider21\"].once = false;window.revapi2 = undefined;if (window.RS_MODULES.checkMinimal!==undefined) window.RS_MODULES.checkMinimal()}\n\t\t\t\t<\/script>\n\t\t\t<\/rs-module-wrap>\n\t\t\t<!-- END REVOLUTION SLIDER -->\n     <iframe width=\"100%\" height=\"300px\"\n            src=\"https:\/\/www.youtube.com\/embed\/5Buz0zdJqG4?rel=0&amp;showinfo=0\" frameborder=\"0\" allowfullscreen><\/iframe>\n\t\n<h1 class=\"with-subtitle\">L\u2019exp\u00e9rience \u00ab\u00a0Met Hotel\u00a0\u00bb \u00e0 Thessalonique<\/h1>\n<p>Dans la cit\u00e9 vibrante de <strong>Thessalonique<\/strong>, o\u00f9 l\u2019art et l\u2019histoire inspirent constamment une culture des affaires d\u2019avant-garde, <strong>THE MET HOTEL<\/strong>, \u00e9minent membre de <strong><a href=\"https:\/\/www.designhotels.com\/hotels\/greece\/thessaloniki\/the-met\" target=\"_blank\" rel=\"noopener\">Design Hotels<\/a><\/strong>, offre aux voyageurs avis\u00e9s, qu\u2019ils voyagent pour affaires ou plaisir, une exp\u00e9rience m\u00e9tropolitaine sophistiqu\u00e9e et inspirante. Sa situation pratique, dans le quartier du nouveau port, un des quartiers les plus anim\u00e9s de la ville, et \u00e0 courte distance du centre-ville qui foisonne de monuments, THE MET HOTEL est le choix id\u00e9al qui offre s\u00e9jour de luxe, restauration gourmet, installations de conf\u00e9rences \u00e0 la pointe de la technologie et un centre spa &amp; rajeunissement de niveau sup\u00e9rieur, le tout encadr\u00e9 par des services remarquables et l&rsquo;attention particuli\u00e8re accord\u00e9e aux d\u00e9tails. Lors de votre s\u00e9jour, le mini-bus de l\u2019hotel est a votre disposition pour vos transferre, sans charges supplementaires, pour la place central, d\u2019Aristotle et vice versa.<\/p>\n<div style=\"text-align: center;\">\n<h2>NOS CHAMBRES<\/h2>\n<\/div>\n<hr \/>\n<div id=\"wp-posts-carousel-201443446\" class=\"simple-theme wp-posts-carousel owl-carousel\"><div class=\"wp-posts-carousel-slide slides-3\"><div class=\"wp-posts-carousel-container\"><div class=\"wp-posts-carousel-image\"><a href=\"https:\/\/www.themethotel.gr\/fr\/rooms\/superior-room\/\" title=\"En Savoir Plus Chambre Superior\"><img decoding=\"async\" alt=\"Chambre Superior\" style=\"max-width:100%;max-height:100%\" src=\"https:\/\/www.themethotel.gr\/wp-content\/uploads\/2017\/09\/Superior-Room-350x215.jpg\"><\/a><\/div><div class=\"wp-posts-carousel-details\"><h3 class=\"wp-posts-carousel-title\"><a href=\"https:\/\/www.themethotel.gr\/fr\/rooms\/superior-room\/\" title=\"Chambre Superior\">Chambre Superior<\/a><\/h3><\/div><\/div><\/div><div class=\"wp-posts-carousel-slide slides-3\"><div class=\"wp-posts-carousel-container\"><div class=\"wp-posts-carousel-image\"><a href=\"https:\/\/www.themethotel.gr\/fr\/rooms\/superor-plus-twin-room\/\" title=\"En Savoir Plus Chambre Superior Plus Twin\"><img decoding=\"async\" alt=\"Chambre Superior Plus Twin\" style=\"max-width:100%;max-height:100%\" src=\"https:\/\/www.themethotel.gr\/wp-content\/uploads\/2017\/09\/superior-twin--281x215.jpg\"><\/a><\/div><div class=\"wp-posts-carousel-details\"><h3 class=\"wp-posts-carousel-title\"><a href=\"https:\/\/www.themethotel.gr\/fr\/rooms\/superor-plus-twin-room\/\" title=\"Chambre Superior Plus Twin\">Chambre Superior Plus Twin<\/a><\/h3><\/div><\/div><\/div><div class=\"wp-posts-carousel-slide slides-3\"><div class=\"wp-posts-carousel-container\"><div class=\"wp-posts-carousel-image\"><a href=\"https:\/\/www.themethotel.gr\/fr\/rooms\/superior-plus-double-room-2\/\" title=\"En Savoir Plus Chambre Superior Plus Double\"><img decoding=\"async\" alt=\"Chambre Superior Plus Double\" style=\"max-width:100%;max-height:100%\" src=\"https:\/\/www.themethotel.gr\/wp-content\/uploads\/2017\/09\/SuperiorRoom-350x215.jpg\"><\/a><\/div><div class=\"wp-posts-carousel-details\"><h3 class=\"wp-posts-carousel-title\"><a href=\"https:\/\/www.themethotel.gr\/fr\/rooms\/superior-plus-double-room-2\/\" title=\"Chambre Superior Plus Double\">Chambre Superior Plus Double<\/a><\/h3><\/div><\/div><\/div><div class=\"wp-posts-carousel-slide slides-3\"><div class=\"wp-posts-carousel-container\"><div class=\"wp-posts-carousel-image\"><a href=\"https:\/\/www.themethotel.gr\/fr\/rooms\/superior-port-room\/\" title=\"En Savoir Plus Chambre Superior avec Vue sur le Port\"><img decoding=\"async\" alt=\"Chambre Superior avec Vue sur le Port\" style=\"max-width:100%;max-height:100%\" src=\"https:\/\/www.themethotel.gr\/wp-content\/uploads\/2017\/09\/superior_port_view-350x215.jpg\"><\/a><\/div><div class=\"wp-posts-carousel-details\"><h3 class=\"wp-posts-carousel-title\"><a href=\"https:\/\/www.themethotel.gr\/fr\/rooms\/superior-port-room\/\" title=\"Chambre Superior avec Vue sur le Port\">Chambre Superior avec Vue sur le Port<\/a><\/h3><\/div><\/div><\/div><div class=\"wp-posts-carousel-slide slides-3\"><div class=\"wp-posts-carousel-container\"><div class=\"wp-posts-carousel-image\"><a href=\"https:\/\/www.themethotel.gr\/fr\/rooms\/two-interconnecting-family-rooms\/\" title=\"En Savoir Plus Deux Chambres Familiales Communicantes\"><img decoding=\"async\" alt=\"Deux Chambres Familiales Communicantes\" style=\"max-width:100%;max-height:100%\" src=\"https:\/\/www.themethotel.gr\/wp-content\/uploads\/2017\/09\/superior_plus_double-350x215.jpg\"><\/a><\/div><div class=\"wp-posts-carousel-details\"><h3 class=\"wp-posts-carousel-title\"><a href=\"https:\/\/www.themethotel.gr\/fr\/rooms\/two-interconnecting-family-rooms\/\" title=\"Deux Chambres Familiales Communicantes\">Deux Chambres Familiales Communicantes<\/a><\/h3><\/div><\/div><\/div><div class=\"wp-posts-carousel-slide slides-3\"><div class=\"wp-posts-carousel-container\"><div class=\"wp-posts-carousel-image\"><a href=\"https:\/\/www.themethotel.gr\/fr\/rooms\/superior-plus-double-room\/\" title=\"En Savoir Plus Chambre Deluxe\"><img decoding=\"async\" alt=\"Chambre Deluxe\" style=\"max-width:100%;max-height:100%\" src=\"https:\/\/www.themethotel.gr\/wp-content\/uploads\/2017\/09\/deluxe_room-350x215.jpg\"><\/a><\/div><div class=\"wp-posts-carousel-details\"><h3 class=\"wp-posts-carousel-title\"><a href=\"https:\/\/www.themethotel.gr\/fr\/rooms\/superior-plus-double-room\/\" title=\"Chambre Deluxe\">Chambre Deluxe<\/a><\/h3><\/div><\/div><\/div><div class=\"wp-posts-carousel-slide slides-3\"><div class=\"wp-posts-carousel-container\"><div class=\"wp-posts-carousel-image\"><a href=\"https:\/\/www.themethotel.gr\/fr\/rooms\/executive-room\/\" title=\"En Savoir Plus Chambre Executive\"><img decoding=\"async\" alt=\"Chambre Executive\" style=\"max-width:100%;max-height:100%\" src=\"https:\/\/www.themethotel.gr\/wp-content\/uploads\/2017\/09\/executive_room-350x215.jpg\"><\/a><\/div><div class=\"wp-posts-carousel-details\"><h3 class=\"wp-posts-carousel-title\"><a href=\"https:\/\/www.themethotel.gr\/fr\/rooms\/executive-room\/\" title=\"Chambre Executive\">Chambre Executive<\/a><\/h3><\/div><\/div><\/div><div class=\"wp-posts-carousel-slide slides-3\"><div class=\"wp-posts-carousel-container\"><div class=\"wp-posts-carousel-image\"><a href=\"https:\/\/www.themethotel.gr\/fr\/rooms\/business-suite\/\" title=\"En Savoir Plus Suite Business\"><img decoding=\"async\" alt=\"Suite Business\" style=\"max-width:100%;max-height:100%\" src=\"https:\/\/www.themethotel.gr\/wp-content\/uploads\/2017\/09\/business_suite_2-350x215.jpg\"><\/a><\/div><div class=\"wp-posts-carousel-details\"><h3 class=\"wp-posts-carousel-title\"><a href=\"https:\/\/www.themethotel.gr\/fr\/rooms\/business-suite\/\" title=\"Suite Business\">Suite Business<\/a><\/h3><\/div><\/div><\/div><div class=\"wp-posts-carousel-slide slides-3\"><div class=\"wp-posts-carousel-container\"><div class=\"wp-posts-carousel-image\"><a href=\"https:\/\/www.themethotel.gr\/fr\/rooms\/executive-suite\/\" title=\"En Savoir Plus Suite Executive\"><img decoding=\"async\" alt=\"Suite Executive\" style=\"max-width:100%;max-height:100%\" src=\"https:\/\/www.themethotel.gr\/wp-content\/uploads\/2017\/09\/executive_suite-350x215.jpg\"><\/a><\/div><div class=\"wp-posts-carousel-details\"><h3 class=\"wp-posts-carousel-title\"><a href=\"https:\/\/www.themethotel.gr\/fr\/rooms\/executive-suite\/\" title=\"Suite Executive\">Suite Executive<\/a><\/h3><\/div><\/div><\/div><div class=\"wp-posts-carousel-slide slides-3\"><div class=\"wp-posts-carousel-container\"><div class=\"wp-posts-carousel-image\"><a href=\"https:\/\/www.themethotel.gr\/fr\/rooms\/the-met-suite\/\" title=\"En Savoir Plus The Met Suite\"><img decoding=\"async\" alt=\"The Met Suite\" style=\"max-width:100%;max-height:100%\" src=\"https:\/\/www.themethotel.gr\/wp-content\/uploads\/2017\/09\/themet_suite-350x215.jpg\"><\/a><\/div><div class=\"wp-posts-carousel-details\"><h3 class=\"wp-posts-carousel-title\"><a href=\"https:\/\/www.themethotel.gr\/fr\/rooms\/the-met-suite\/\" title=\"The Met Suite\">The Met Suite<\/a><\/h3><\/div><\/div><\/div><\/div><script type=\"text\/javascript\">\n              jQuery(window).load(function(e) {\n                  var wpPostsCarousel201443446 = jQuery(\"#wp-posts-carousel-201443446\");\n                  wpPostsCarousel201443446.owlCarousel({\n                      loop: 0,\n                      nav: true,\n                      navSpeed: 300,\n                      dots: false,\n                      dotsSpeed: 800,\n                      lazyLoad: false,\n                      autoplay: false,\n                      autoplayHoverPause: true,\n                      autoplayTimeout: 12000,\n                      autoplaySpeed:  800,\n                      margin: 5,\n                      stagePadding: 0,\n                      freeDrag: false,\n                      mouseDrag: true,\n                      touchDrag: true,\n                      slideBy: 1,\n                      fallbackEasing: \"linear\",\n                      responsiveClass: true,\n                      navText: [ \"previous\", \"next\" ],\n                      responsive:{\n                          0:{items: 1},\n                          600:{items: 2},\n                          1000:{items: 3}\n                          \n                      },\n                      autoHeight: true\n                  });\n                  wpPostsCarousel201443446.on(\"mousewheel\", \".owl-stage\", function(e) {\n                if (e.deltaY > 0) {\n                    wpPostsCarousel201443446.trigger(\"next.owl\");\n                } else {\n                    wpPostsCarousel201443446.trigger(\"prev.owl\");\n                }\n                e.preventDefault();\n            });\n              });\n          <\/script>\n<div style=\"text-align: center;\">Accueillant une extraordinaire collection d\u2019\u0153uvres d\u2019arts cr\u00e9\u00e9es par les repr\u00e9sentants les plus c\u00e9l\u00e8bres de l&rsquo;avant-garde internationale et offrant \u00e0 ses h\u00f4tes une exp\u00e9rience artistique unique, <strong>THE MET HOTEL<\/strong> se distingue par son esth\u00e9tique avanc\u00e9e et son esprit jeune, exprimant l&rsquo;\u00e9nergie et la vitalit\u00e9 de la m\u00e9tropole contemporaine.<\/div>\n<div class=\"actions\"><a class=\"mybtn\" href=\"http:\/\/www.themethotel.gr\/fr\/hotel-details\/\">TOUTES LES PRESTATIONS : CONSULTER<\/a><\/div>\n<div style=\"text-align: center;\">\n<h2>OFFRES EXCLUSIVES<\/h2>\n<\/div>\n<hr \/>\n<h3><a href=\"http:\/\/www.themethotel.gr\/fr\/special-offers\/\">B\u00c9N\u00c9FICIEZ DE PRIVIL\u00c8GES EXCLUSIFS:<\/a><\/h3>\n<ul class=\"homeoffer-details\">\n<li>R\u00e9duction de 10 % dans les sections restauration et boisson<\/li>\n<li>Parking gratuit<\/li>\n<li>D\u00e9part (16h00)<\/li>\n<li>Surclassement gratuit de chambre (selon les disponibilit\u00e9s)<\/li>\n<li>R\u00e9duction de 10 % sur les soins massage<\/li>\n<\/ul>\n<div class=\"actions\"><a class=\"mybtn rooms\" href=\"http:\/\/www.themethotel.gr\/fr\/special-offers\/\">CONSULTER LES OFFRES<\/a><\/div>\n<h3><a href=\"https:\/\/www.themethotel.gr\/art\/\">UN DESIGN INT\u00c9RIEUR PARFAIT<\/a><\/h3>\n<p class=\"homeart-details\">Un monde d\u2019art de collection est pr\u00e9sent\u00e9 dans tout l\u2019h\u00f4tel. Nous vous invitons \u00e0 d\u00e9couvrir ces \u0153uvres d\u2019art qui font l&rsquo;unicit\u00e9 du THE MET HOTEL.<\/p>\n<div class=\"actions\"><a class=\"mybtn rooms\" href=\"https:\/\/www.themethotel.gr\/art\/\">VOIR NOS PHOTOGRAPHIES<\/a><\/div>\n<div style=\"text-align: center;\">\n<h3>STAY SOCIAL at <em>#TheMetHotel<\/em><\/h3>\n<\/div>\n<hr \/>\n<div style=\"text-align: center;\"><\/div>\n","protected":false},"excerpt":{"rendered":"<p>L\u2019exp\u00e9rience \u00ab\u00a0Met Hotel\u00a0\u00bb \u00e0 Thessalonique Dans la cit\u00e9 vibrante de Thessalonique, o\u00f9 l\u2019art et l\u2019histoire inspirent constamment une culture des affaires d\u2019avant-garde, THE MET HOTEL, \u00e9minent membre de Design Hotels, offre aux voyageurs avis\u00e9s, qu\u2019ils voyagent pour affaires ou plaisir, une exp\u00e9rience m\u00e9tropolitaine sophistiqu\u00e9e et inspirante. Sa situation pratique, dans le quartier du nouveau port, [&hellip;]<\/p>\n","protected":false},"author":1,"featured_media":0,"parent":0,"menu_order":0,"comment_status":"closed","ping_status":"closed","template":"","meta":{"_acf_changed":false,"footnotes":""},"class_list":["post-2506","page","type-page","status-publish","hentry"],"acf":[],"yoast_head":"<!-- This site is optimized with the Yoast SEO plugin v26.3 - https:\/\/yoast.com\/wordpress\/plugins\/seo\/ -->\n<title>Luxury Hotel in Thessaloniki | The Met Hotel<\/title>\n<meta name=\"description\" content=\"THE MET HOTEL is an ideal choice featuring luxury accommodations, gourmet dining, state of the art business conferencing facilities, and a top class spa &amp; rejuvenation center, in the heart of Thessaloniki.\" \/>\n<meta name=\"robots\" content=\"index, follow, max-snippet:-1, max-image-preview:large, max-video-preview:-1\" \/>\n<link rel=\"canonical\" href=\"https:\/\/www.themethotel.gr\/fr\/\" \/>\n<meta property=\"og:locale\" content=\"fr_FR\" \/>\n<meta property=\"og:type\" content=\"article\" \/>\n<meta property=\"og:title\" content=\"Luxury Hotel in Thessaloniki | The Met Hotel\" \/>\n<meta property=\"og:description\" content=\"THE MET HOTEL is an ideal choice featuring luxury accommodations, gourmet dining, state of the art business conferencing facilities, and a top class spa &amp; rejuvenation center, in the heart of Thessaloniki.\" \/>\n<meta property=\"og:url\" content=\"https:\/\/www.themethotel.gr\/fr\/\" \/>\n<meta property=\"og:site_name\" content=\"The Met Hotel\" \/>\n<meta property=\"article:modified_time\" content=\"2025-10-13T11:11:50+00:00\" \/>\n<meta name=\"twitter:card\" content=\"summary_large_image\" \/>\n<meta name=\"twitter:label1\" content=\"Dur\u00e9e de lecture estim\u00e9e\" \/>\n\t<meta name=\"twitter:data1\" content=\"2 minutes\" \/>\n<script type=\"application\/ld+json\" class=\"yoast-schema-graph\">{\"@context\":\"https:\/\/schema.org\",\"@graph\":[{\"@type\":\"WebPage\",\"@id\":\"https:\/\/www.themethotel.gr\/fr\/\",\"url\":\"https:\/\/www.themethotel.gr\/fr\/\",\"name\":\"Luxury Hotel in Thessaloniki | The Met Hotel\",\"isPartOf\":{\"@id\":\"https:\/\/www.themethotel.gr\/#website\"},\"datePublished\":\"2017-09-04T10:34:34+00:00\",\"dateModified\":\"2025-10-13T11:11:50+00:00\",\"description\":\"THE MET HOTEL is an ideal choice featuring luxury accommodations, gourmet dining, state of the art business conferencing facilities, and a top class spa & rejuvenation center, in the heart of Thessaloniki.\",\"breadcrumb\":{\"@id\":\"https:\/\/www.themethotel.gr\/fr\/#breadcrumb\"},\"inLanguage\":\"fr-FR\",\"potentialAction\":[{\"@type\":\"ReadAction\",\"target\":[\"https:\/\/www.themethotel.gr\/fr\/\"]}]},{\"@type\":\"BreadcrumbList\",\"@id\":\"https:\/\/www.themethotel.gr\/fr\/#breadcrumb\",\"itemListElement\":[{\"@type\":\"ListItem\",\"position\":1,\"name\":\"Home\",\"item\":\"https:\/\/www.themethotel.gr\/fr\/\"},{\"@type\":\"ListItem\",\"position\":2,\"name\":\"Accueil\"}]},{\"@type\":\"WebSite\",\"@id\":\"https:\/\/www.themethotel.gr\/#website\",\"url\":\"https:\/\/www.themethotel.gr\/\",\"name\":\"The Met Hotel\",\"description\":\"Business Hotel in Greece\",\"publisher\":{\"@id\":\"https:\/\/www.themethotel.gr\/#organization\"},\"potentialAction\":[{\"@type\":\"SearchAction\",\"target\":{\"@type\":\"EntryPoint\",\"urlTemplate\":\"https:\/\/www.themethotel.gr\/?s={search_term_string}\"},\"query-input\":{\"@type\":\"PropertyValueSpecification\",\"valueRequired\":true,\"valueName\":\"search_term_string\"}}],\"inLanguage\":\"fr-FR\"},{\"@type\":\"Organization\",\"@id\":\"https:\/\/www.themethotel.gr\/#organization\",\"name\":\"The Met Hotel\",\"url\":\"https:\/\/www.themethotel.gr\/\",\"logo\":{\"@type\":\"ImageObject\",\"inLanguage\":\"fr-FR\",\"@id\":\"https:\/\/www.themethotel.gr\/#\/schema\/logo\/image\/\",\"url\":\"https:\/\/www.themethotel.gr\/wp-content\/uploads\/2017\/09\/logo3.jpg\",\"contentUrl\":\"https:\/\/www.themethotel.gr\/wp-content\/uploads\/2017\/09\/logo3.jpg\",\"width\":266,\"height\":135,\"caption\":\"The Met Hotel\"},\"image\":{\"@id\":\"https:\/\/www.themethotel.gr\/#\/schema\/logo\/image\/\"}}]}<\/script>\n<!-- \/ Yoast SEO plugin. -->","yoast_head_json":{"title":"Luxury Hotel in Thessaloniki | The Met Hotel","description":"THE MET HOTEL is an ideal choice featuring luxury accommodations, gourmet dining, state of the art business conferencing facilities, and a top class spa & rejuvenation center, in the heart of Thessaloniki.","robots":{"index":"index","follow":"follow","max-snippet":"max-snippet:-1","max-image-preview":"max-image-preview:large","max-video-preview":"max-video-preview:-1"},"canonical":"https:\/\/www.themethotel.gr\/fr\/","og_locale":"fr_FR","og_type":"article","og_title":"Luxury Hotel in Thessaloniki | The Met Hotel","og_description":"THE MET HOTEL is an ideal choice featuring luxury accommodations, gourmet dining, state of the art business conferencing facilities, and a top class spa & rejuvenation center, in the heart of Thessaloniki.","og_url":"https:\/\/www.themethotel.gr\/fr\/","og_site_name":"The Met Hotel","article_modified_time":"2025-10-13T11:11:50+00:00","twitter_card":"summary_large_image","twitter_misc":{"Dur\u00e9e de lecture estim\u00e9e":"2 minutes"},"schema":{"@context":"https:\/\/schema.org","@graph":[{"@type":"WebPage","@id":"https:\/\/www.themethotel.gr\/fr\/","url":"https:\/\/www.themethotel.gr\/fr\/","name":"Luxury Hotel in Thessaloniki | The Met Hotel","isPartOf":{"@id":"https:\/\/www.themethotel.gr\/#website"},"datePublished":"2017-09-04T10:34:34+00:00","dateModified":"2025-10-13T11:11:50+00:00","description":"THE MET HOTEL is an ideal choice featuring luxury accommodations, gourmet dining, state of the art business conferencing facilities, and a top class spa & rejuvenation center, in the heart of Thessaloniki.","breadcrumb":{"@id":"https:\/\/www.themethotel.gr\/fr\/#breadcrumb"},"inLanguage":"fr-FR","potentialAction":[{"@type":"ReadAction","target":["https:\/\/www.themethotel.gr\/fr\/"]}]},{"@type":"BreadcrumbList","@id":"https:\/\/www.themethotel.gr\/fr\/#breadcrumb","itemListElement":[{"@type":"ListItem","position":1,"name":"Home","item":"https:\/\/www.themethotel.gr\/fr\/"},{"@type":"ListItem","position":2,"name":"Accueil"}]},{"@type":"WebSite","@id":"https:\/\/www.themethotel.gr\/#website","url":"https:\/\/www.themethotel.gr\/","name":"The Met Hotel","description":"Business Hotel in Greece","publisher":{"@id":"https:\/\/www.themethotel.gr\/#organization"},"potentialAction":[{"@type":"SearchAction","target":{"@type":"EntryPoint","urlTemplate":"https:\/\/www.themethotel.gr\/?s={search_term_string}"},"query-input":{"@type":"PropertyValueSpecification","valueRequired":true,"valueName":"search_term_string"}}],"inLanguage":"fr-FR"},{"@type":"Organization","@id":"https:\/\/www.themethotel.gr\/#organization","name":"The Met Hotel","url":"https:\/\/www.themethotel.gr\/","logo":{"@type":"ImageObject","inLanguage":"fr-FR","@id":"https:\/\/www.themethotel.gr\/#\/schema\/logo\/image\/","url":"https:\/\/www.themethotel.gr\/wp-content\/uploads\/2017\/09\/logo3.jpg","contentUrl":"https:\/\/www.themethotel.gr\/wp-content\/uploads\/2017\/09\/logo3.jpg","width":266,"height":135,"caption":"The Met Hotel"},"image":{"@id":"https:\/\/www.themethotel.gr\/#\/schema\/logo\/image\/"}}]}},"publishpress_future_action":{"enabled":false,"date":"2026-04-23 14:42:34","action":"change-status","newStatus":"draft","terms":[],"taxonomy":"translation_priority","extraData":[]},"publishpress_future_workflow_manual_trigger":{"enabledWorkflows":[]},"_links":{"self":[{"href":"https:\/\/www.themethotel.gr\/fr\/wp-json\/wp\/v2\/pages\/2506","targetHints":{"allow":["GET"]}}],"collection":[{"href":"https:\/\/www.themethotel.gr\/fr\/wp-json\/wp\/v2\/pages"}],"about":[{"href":"https:\/\/www.themethotel.gr\/fr\/wp-json\/wp\/v2\/types\/page"}],"author":[{"embeddable":true,"href":"https:\/\/www.themethotel.gr\/fr\/wp-json\/wp\/v2\/users\/1"}],"replies":[{"embeddable":true,"href":"https:\/\/www.themethotel.gr\/fr\/wp-json\/wp\/v2\/comments?post=2506"}],"version-history":[{"count":15,"href":"https:\/\/www.themethotel.gr\/fr\/wp-json\/wp\/v2\/pages\/2506\/revisions"}],"predecessor-version":[{"id":6964,"href":"https:\/\/www.themethotel.gr\/fr\/wp-json\/wp\/v2\/pages\/2506\/revisions\/6964"}],"wp:attachment":[{"href":"https:\/\/www.themethotel.gr\/fr\/wp-json\/wp\/v2\/media?parent=2506"}],"curies":[{"name":"wp","href":"https:\/\/api.w.org\/{rel}","templated":true}]}}