{"id":2571,"date":"2017-11-03T09:41:31","date_gmt":"2017-11-03T09:41:31","guid":{"rendered":"https:\/\/www.themethotel.gr\/events\/"},"modified":"2018-09-24T15:44:08","modified_gmt":"2018-09-24T13:44:08","slug":"events","status":"publish","type":"page","link":"https:\/\/www.themethotel.gr\/fr\/events\/","title":{"rendered":"Colloques"},"content":{"rendered":"<div class=\"lpb-clear-section\"><\/div><!-- .lpb-clear-section -->\n\n<div class=\"lpb-section parallax-no text-dark row-stretch-full columns-gap-no-gap equal-height-no padding-top-no padding-bottom-no margin-bottom-no has-bg\" style=\"background-color:#ffffff;\" id=\"nopadding\" data-stretch=\"full\" data-x=\"50%\"><!-- .lpb-section -->\n\n<div class=\"lpb-page-row\"><!-- .lpb-page-row -->\n<div class=\"lpb-container\"><!-- .lpb-container -->\n<div class=\"lpb-row\"><!-- .lpb-row -->\n\n<div class=\"lpb-col-12 lpb-page-item has-bg\" ><!-- .lpb-page-item -->\n\n<div class=\"lpb-item-revslider>\">\n\t\n\t\t\t<!-- START EventsTitle REVOLUTION SLIDER 6.7.37 --><p class=\"rs-p-wp-fix\"><\/p>\n\t\t\t<rs-module-wrap id=\"rev_slider_13_1_wrapper\" data-source=\"gallery\" style=\"visibility:hidden;background:transparent;padding:0;margin:0px auto;margin-top:0;margin-bottom:0;\">\n\t\t\t\t<rs-module id=\"rev_slider_13_1\" style=\"\" data-version=\"6.7.37\">\n\t\t\t\t\t<rs-slides style=\"overflow: hidden; position: absolute;\">\n\t\t\t\t\t\t<rs-slide style=\"position: absolute;\" data-key=\"rs-58\" data-title=\"Slide\" data-anim=\"adpr:false;\">\n\t\t\t\t\t\t\t<img src=\"\/\/www.themethotel.gr\/wp-content\/plugins\/revslider\/sr6\/assets\/assets\/dummy.png\" alt=\"\" title=\"Colloques\" class=\"rev-slidebg tp-rs-img rs-lazyload\" data-lazyload=\"\/\/www.themethotel.gr\/wp-content\/uploads\/2017\/11\/EventsTitle.jpg\" data-no-retina>\n<!---->\t\t\t\t\t<\/rs-slide>\n\t\t\t\t\t<\/rs-slides>\n\t\t\t\t<\/rs-module>\n\t\t\t\t<script>\n\t\t\t\t\tsetREVStartSize({c: 'rev_slider_13_1',rl:[1240,1024,778,480],el:[],gw:[1280,500,778,480],gh:[550,400,350,250],type:'standard',justify:'',layout:'fullwidth',mh:\"0\"});if (window.RS_MODULES!==undefined && window.RS_MODULES.modules!==undefined && window.RS_MODULES.modules[\"revslider131\"]!==undefined) {window.RS_MODULES.modules[\"revslider131\"].once = false;window.revapi13 = undefined;if (window.RS_MODULES.checkMinimal!==undefined) window.RS_MODULES.checkMinimal()}\n\t\t\t\t<\/script>\n\t\t\t<\/rs-module-wrap>\n\t\t\t<!-- END REVOLUTION SLIDER -->\n<\/div>\n<\/div><!-- \/.lpb-page-item -->\n\n<\/div><!-- \/.lpb-row -->\n<\/div><!-- \/.lpb-container -->\n<\/div><!-- \/.lpb-page-row -->\n\n<\/div><!-- \/.lpb-section -->\n\n<div class=\"lpb-section parallax-no text-dark row-stretch-boxed columns-gap-default equal-height-no padding-top-no padding-bottom-no margin-bottom-no has-bg\" style=\"background-color:#ffffff;\" id=\"myintro\" data-stretch=\"full\" data-x=\"50%\"><!-- .lpb-section -->\n\n<div class=\"lpb-page-row\"><!-- .lpb-page-row -->\n<div class=\"lpb-container\"><!-- .lpb-container -->\n<div class=\"lpb-row\"><!-- .lpb-row -->\n\n<div class=\"lpb-col-12 lpb-page-item has-bg\" id=\"introcol\"><!-- .lpb-page-item -->\n\n<div class=\"lpb-item-column\" >\n\t<div class=\"lpb-item-content\"><h1 class=\"myintrotitle\">R\u00c9UNIONS ET \u00c9V\u00c9NEMENTS AU THE MET HOTEL<\/h1>\n<p class=\"myintroparag\">Gr\u00e2ce aux solutions personnalis\u00e9es qu\u2019il propose, dans un d\u00e9cor raffin\u00e9, THE MET HOTEL peut r\u00e9pondre aux besoins de tout \u00e9v\u00e8nement d\u2019affaires, ind\u00e9pendamment de sa taille ou de sa complexit\u00e9.<br \/>\nNotre salle polyvalente <strong>Maistros <\/strong>et les cinq salles de conf\u00e9rences et de r\u00e9union adjacentes \u00e9quip\u00e9es de mat\u00e9riel \u00e0 la pointe de la technologie (<strong>Sirocco<\/strong>, <strong>Ostria<\/strong>, <strong>Levante<\/strong>, <strong>Zephyros <\/strong>et <strong>VIP Room<\/strong>) vous offrent une exp\u00e9rience de conf\u00e9rence o\u00f9 tout se d\u00e9roule \u00e0 la perfection. Flexible au possible, notre salle de conf\u00e9rences Maistros peut \u00eatre divis\u00e9e en cinq salles de r\u00e9union insonoris\u00e9es, pouvant accueillir jusqu\u2019\u00e0 <strong>750 personnes<\/strong>, dans une large gamme d\u2019am\u00e9nagements, tandis que notre salle de r\u00e9union Ostria peut \u00eatre divis\u00e9e en quatre parties.<br \/>Au total, <strong>13 espaces de conf\u00e9rences et de r\u00e9unions<\/strong> sont \u00e0 votre disposition pour y tenir des conf\u00e9rences et r\u00e9unions de qualit\u00e9 sup\u00e9rieure. En outre, notre personnel qualifi\u00e9 et d\u00e9vou\u00e9 vous aidera \u00e0 g\u00e9rer tous les d\u00e9tails et garantira le succ\u00e8s de votre \u00e9v\u00e8nement, du d\u00e9but jusqu\u2019\u00e0 la fin.<\/p>\n<\/div>\n<\/div>\n<\/div><!-- \/.lpb-page-item -->\n\n<\/div><!-- \/.lpb-row -->\n<\/div><!-- \/.lpb-container -->\n<\/div><!-- \/.lpb-page-row -->\n\n<\/div><!-- \/.lpb-section -->\n\n<div class=\"lpb-section parallax-no text-dark row-stretch-full columns-gap-no-gap equal-height-no padding-top-no padding-bottom-no margin-bottom-no has-bg\" style=\"background-color:#ffffff;\" id=\"myconweddet\" data-stretch=\"full\" data-x=\"50%\"><!-- .lpb-section -->\n\n<div class=\"lpb-page-row\"><!-- .lpb-page-row -->\n<div class=\"lpb-container\"><!-- .lpb-container -->\n<div class=\"lpb-row\"><!-- .lpb-row -->\n\n<div class=\"lpb-col-6 lpb-page-item has-bg\" ><!-- .lpb-page-item -->\n\n<div class=\"lpb-item-revslider>\">\n\t\n\t\t\t<!-- START Events01 REVOLUTION SLIDER 6.7.37 --><p class=\"rs-p-wp-fix\"><\/p>\n\t\t\t<rs-module-wrap id=\"rev_slider_9_2_wrapper\" data-source=\"gallery\" style=\"visibility:hidden;background:transparent;padding:0;margin:0px auto;margin-top:0;margin-bottom:0;\">\n\t\t\t\t<rs-module id=\"rev_slider_9_2\" style=\"\" data-version=\"6.7.37\">\n\t\t\t\t\t<rs-slides style=\"overflow: hidden; position: absolute;\">\n\t\t\t\t\t\t<rs-slide style=\"position: absolute;\" data-key=\"rs-50\" data-title=\"Slide\" data-in=\"x:(100%);\">\n\t\t\t\t\t\t\t<img src=\"\/\/www.themethotel.gr\/wp-content\/plugins\/revslider\/sr6\/assets\/assets\/dummy.png\" alt=\"\" title=\"Colloques\" class=\"rev-slidebg tp-rs-img rs-lazyload\" data-lazyload=\"\/\/www.themethotel.gr\/wp-content\/uploads\/2017\/11\/MeetingsSlide01.jpg\" data-no-retina>\n<!---->\t\t\t\t\t<\/rs-slide>\n\t\t\t\t\t\t<rs-slide style=\"position: absolute;\" data-key=\"rs-51\" data-title=\"Slide\" data-in=\"x:(100%);\">\n\t\t\t\t\t\t\t<img src=\"\/\/www.themethotel.gr\/wp-content\/plugins\/revslider\/sr6\/assets\/assets\/dummy.png\" alt=\"\" title=\"Colloques\" class=\"rev-slidebg tp-rs-img rs-lazyload\" data-lazyload=\"\/\/www.themethotel.gr\/wp-content\/uploads\/2017\/11\/MeetingsSlide02.jpg\" data-no-retina>\n<!---->\t\t\t\t\t<\/rs-slide>\n\t\t\t\t\t<\/rs-slides>\n\t\t\t\t<\/rs-module>\n\t\t\t\t<script>\n\t\t\t\t\tsetREVStartSize({c: 'rev_slider_9_2',rl:[1240,1024,778,480],el:[],gw:[1000,1024,778,480],gh:[550,500,400,300],type:'standard',justify:'',layout:'fullwidth',mh:\"350\"});if (window.RS_MODULES!==undefined && window.RS_MODULES.modules!==undefined && window.RS_MODULES.modules[\"revslider92\"]!==undefined) {window.RS_MODULES.modules[\"revslider92\"].once = false;window.revapi9 = undefined;if (window.RS_MODULES.checkMinimal!==undefined) window.RS_MODULES.checkMinimal()}\n\t\t\t\t<\/script>\n\t\t\t<\/rs-module-wrap>\n\t\t\t<!-- END REVOLUTION SLIDER -->\n<\/div>\n<\/div><!-- \/.lpb-page-item -->\n<div class=\"lpb-col-6 lpb-page-item has-bg\" id=\"myconwedcol\"><!-- .lpb-page-item -->\n\n<div class=\"lpb-item-column\" >\n\t<div class=\"lpb-item-content\"><h2>CONF\u00c9RENCES ET BANQUETS DE HAUT NIVEAU<\/h2>\n<p>Dans un d\u00e9cor vibrant et stimulant, o\u00f9 la fonctionnalit\u00e9 interagit en toute cr\u00e9ativit\u00e9 avec l'art d'avant-garde et le design raffin\u00e9, THE MET HOTEL convient id\u00e9alement \u00e0 la tenue d\u2019\u00e9v\u00e8nements d\u2019envergure tels que les r\u00e9unions d\u2019affaires de haut niveau, les fonctions sociales m\u00e9morables et les luxueuses r\u00e9ceptions de mariage.<\/p>\n<p class=\"myfilelink\"><a href=\"https:\/\/www.themethotel.gr\/wp-content\/uploads\/2018\/01\/THE-MET-BANQUET-BROCHURE.pdf\" target=\"_blank\"><i class=\"fa fa-file-pdf-o myfileicon\"><\/i><span>Brochure conf\u00e9rences et banquets<\/span><\/a><\/p>\n<\/div>\n<\/div>\n<\/div><!-- \/.lpb-page-item -->\n\n<\/div><!-- \/.lpb-row -->\n<\/div><!-- \/.lpb-container -->\n<\/div><!-- \/.lpb-page-row -->\n\n<\/div><!-- \/.lpb-section -->\n\n<div class=\"lpb-section parallax-no text-dark row-stretch-full columns-gap-no-gap equal-height-no padding-top-no padding-bottom-no margin-bottom-no has-bg\" style=\"background-color:#ffffff;\" id=\"myconweddetrev\" data-stretch=\"full\" data-x=\"50%\"><!-- .lpb-section -->\n\n<div class=\"lpb-page-row\"><!-- .lpb-page-row -->\n<div class=\"lpb-container\"><!-- .lpb-container -->\n<div class=\"lpb-row\"><!-- .lpb-row -->\n\n<div class=\"lpb-col-6 lpb-page-item has-bg\" ><!-- .lpb-page-item -->\n\n<div class=\"lpb-item-revslider>\">\n\t\n\t\t\t<!-- START Events02 REVOLUTION SLIDER 6.7.37 --><p class=\"rs-p-wp-fix\"><\/p>\n\t\t\t<rs-module-wrap id=\"rev_slider_10_3_wrapper\" data-source=\"gallery\" style=\"visibility:hidden;background:transparent;padding:0;margin:0px auto;margin-top:0;margin-bottom:0;\">\n\t\t\t\t<rs-module id=\"rev_slider_10_3\" style=\"\" data-version=\"6.7.37\">\n\t\t\t\t\t<rs-slides style=\"overflow: hidden; position: absolute;\">\n\t\t\t\t\t\t<rs-slide style=\"position: absolute;\" data-key=\"rs-52\" data-title=\"Slide\" data-in=\"x:(100%);\">\n\t\t\t\t\t\t\t<img src=\"\/\/www.themethotel.gr\/wp-content\/plugins\/revslider\/sr6\/assets\/assets\/dummy.png\" alt=\"\" title=\"Colloques\" class=\"rev-slidebg tp-rs-img rs-lazyload\" data-lazyload=\"\/\/www.themethotel.gr\/wp-content\/uploads\/2017\/11\/MeetingsSlide03.jpg\" data-no-retina>\n<!---->\t\t\t\t\t<\/rs-slide>\n\t\t\t\t\t\t<rs-slide style=\"position: absolute;\" data-key=\"rs-53\" data-title=\"Slide\" data-in=\"x:(100%);\">\n\t\t\t\t\t\t\t<img src=\"\/\/www.themethotel.gr\/wp-content\/plugins\/revslider\/sr6\/assets\/assets\/dummy.png\" alt=\"\" title=\"Colloques\" class=\"rev-slidebg tp-rs-img rs-lazyload\" data-lazyload=\"\/\/www.themethotel.gr\/wp-content\/uploads\/2017\/11\/MeetingsSlide04.jpg\" data-no-retina>\n<!---->\t\t\t\t\t<\/rs-slide>\n\t\t\t\t\t\t<rs-slide style=\"position: absolute;\" data-key=\"rs-54\" data-title=\"Slide\" data-in=\"x:(100%);\">\n\t\t\t\t\t\t\t<img src=\"\/\/www.themethotel.gr\/wp-content\/plugins\/revslider\/sr6\/assets\/assets\/dummy.png\" alt=\"\" title=\"Colloques\" class=\"rev-slidebg tp-rs-img rs-lazyload\" data-lazyload=\"\/\/www.themethotel.gr\/wp-content\/uploads\/2017\/11\/MeetingsSlide05.jpg\" data-no-retina>\n<!---->\t\t\t\t\t<\/rs-slide>\n\t\t\t\t\t<\/rs-slides>\n\t\t\t\t<\/rs-module>\n\t\t\t\t<script>\n\t\t\t\t\tsetREVStartSize({c: 'rev_slider_10_3',rl:[1240,1024,778,480],el:[],gw:[1000,1024,778,480],gh:[550,500,400,300],type:'standard',justify:'',layout:'fullwidth',mh:\"350\"});if (window.RS_MODULES!==undefined && window.RS_MODULES.modules!==undefined && window.RS_MODULES.modules[\"revslider103\"]!==undefined) {window.RS_MODULES.modules[\"revslider103\"].once = false;window.revapi10 = undefined;if (window.RS_MODULES.checkMinimal!==undefined) window.RS_MODULES.checkMinimal()}\n\t\t\t\t<\/script>\n\t\t\t<\/rs-module-wrap>\n\t\t\t<!-- END REVOLUTION SLIDER -->\n<\/div>\n<\/div><!-- \/.lpb-page-item -->\n<div class=\"lpb-col-6 lpb-page-item has-bg\" id=\"myconwebcolpull\"><!-- .lpb-page-item -->\n\n<div class=\"lpb-item-column\" >\n\t<div class=\"lpb-item-content\"><h2>CARACT\u00c9RISTIQUES<\/h2>\n<ul>\n<li>Panneaux et podiums<\/li>\n<li>\u00c9quipement audio et vid\u00e9o de pointe<\/li>\n<li>Projecteurs LCD<\/li>\n<li>Couverture CCTV pour visionnage \u00e0 distance ou dans la salle<\/li>\n<li>Aire foyer spacieuse<\/li>\n<li>Services d\u2019interpr\u00e9tation<\/li>\n<li>Ordinateur portable<\/li>\n<\/ul>\n<\/div>\n<\/div>\n<\/div><!-- \/.lpb-page-item -->\n\n<\/div><!-- \/.lpb-row -->\n<\/div><!-- \/.lpb-container -->\n<\/div><!-- \/.lpb-page-row -->\n\n<\/div><!-- \/.lpb-section -->\n\n<div class=\"lpb-section parallax-no text-dark row-stretch-default columns-gap-default equal-height-no padding-top-no padding-bottom-no margin-bottom-no has-bg\" style=\"background-color:#ffffff;\" id=\"mycalloutbox\" data-stretch=\"full\" data-x=\"50%\"><!-- .lpb-section -->\n\n<div class=\"lpb-page-row\"><!-- .lpb-page-row -->\n<div class=\"lpb-container\"><!-- .lpb-container -->\n<div class=\"lpb-row\"><!-- .lpb-row -->\n\n<div class=\"lpb-col-12 lpb-page-item has-bg\" id=\"calloutcol\"><!-- .lpb-page-item -->\n\n<div class=\"lpb-item-column\" >\n\t<div class=\"lpb-item-content\"><h2 class=\"myintrotitle\">Organisez l\u2019\u00e9v\u00e8nement que vous souhaitez<\/h2>\n<p class=\"myintroparag\">L\u2019attention que nous accordons sans compromis au d\u00e9tail garantit que The Met Hotel peut faire de tout \u00e9v\u00e8nement une exp\u00e9rience v\u00e9ritablement inoubliable.<\/p>\n<div class=\"actions\"><a href=\"http:\/\/www.themethotel.gr\/fr\/rfp\/\" class=\"mybtn rooms\">MESSAGE D\u2019INT\u00c9R\u00caT <\/a><\/div>\n<\/div>\n<\/div>\n<\/div><!-- \/.lpb-page-item -->\n<\/div><!-- \/.lpb-row -->\n<\/div><!-- \/.lpb-container -->\n<\/div><!-- \/.lpb-page-row -->\n\n<\/div><!-- \/.lpb-section -->\n\n","protected":false},"excerpt":{"rendered":"<p>R\u00c9UNIONS ET \u00c9V\u00c9NEMENTS AU THE MET HOTEL Gr\u00e2ce aux solutions personnalis\u00e9es qu\u2019il propose, dans un d\u00e9cor raffin\u00e9, THE MET HOTEL peut r\u00e9pondre aux besoins de tout \u00e9v\u00e8nement d\u2019affaires, ind\u00e9pendamment de sa taille ou de sa complexit\u00e9. Notre salle polyvalente Maistros et les cinq salles de conf\u00e9rences et de r\u00e9union adjacentes \u00e9quip\u00e9es de mat\u00e9riel \u00e0 la [&hellip;]<\/p>\n","protected":false},"author":1,"featured_media":0,"parent":0,"menu_order":0,"comment_status":"closed","ping_status":"closed","template":"","meta":{"_acf_changed":false,"footnotes":""},"class_list":["post-2571","page","type-page","status-publish","hentry"],"acf":[],"yoast_head":"<!-- This site is optimized with the Yoast SEO plugin v26.3 - https:\/\/yoast.com\/wordpress\/plugins\/seo\/ -->\n<title>Events | Hotel | Thessaloniki | The Met Hotel<\/title>\n<meta name=\"description\" content=\"Offering customized solutions in a sophisticated setting, THE MET HOTEL can meet the needs of any business or corporate event regardless of size or complexity.\" \/>\n<meta name=\"robots\" content=\"index, follow, max-snippet:-1, max-image-preview:large, max-video-preview:-1\" \/>\n<link rel=\"canonical\" href=\"https:\/\/www.themethotel.gr\/events\/\" \/>\n<meta property=\"og:locale\" content=\"fr_FR\" \/>\n<meta property=\"og:type\" content=\"article\" \/>\n<meta property=\"og:title\" content=\"Events | Hotel | Thessaloniki | The Met Hotel\" \/>\n<meta property=\"og:description\" content=\"Offering customized solutions in a sophisticated setting, THE MET HOTEL can meet the needs of any business or corporate event regardless of size or complexity.\" \/>\n<meta property=\"og:url\" content=\"https:\/\/www.themethotel.gr\/events\/\" \/>\n<meta property=\"og:site_name\" content=\"The Met Hotel\" \/>\n<meta property=\"article:modified_time\" content=\"2018-09-24T13:44:08+00:00\" \/>\n<meta name=\"twitter:card\" content=\"summary_large_image\" \/>\n<meta name=\"twitter:label1\" content=\"Dur\u00e9e de lecture estim\u00e9e\" \/>\n\t<meta name=\"twitter:data1\" content=\"2 minutes\" \/>\n<script type=\"application\/ld+json\" class=\"yoast-schema-graph\">{\"@context\":\"https:\/\/schema.org\",\"@graph\":[{\"@type\":\"WebPage\",\"@id\":\"https:\/\/www.themethotel.gr\/events\/\",\"url\":\"https:\/\/www.themethotel.gr\/events\/\",\"name\":\"Events | Hotel | Thessaloniki | The Met Hotel\",\"isPartOf\":{\"@id\":\"https:\/\/www.themethotel.gr\/#website\"},\"datePublished\":\"2017-11-03T09:41:31+00:00\",\"dateModified\":\"2018-09-24T13:44:08+00:00\",\"description\":\"Offering customized solutions in a sophisticated setting, THE MET HOTEL can meet the needs of any business or corporate event regardless of size or complexity.\",\"breadcrumb\":{\"@id\":\"https:\/\/www.themethotel.gr\/events\/#breadcrumb\"},\"inLanguage\":\"fr-FR\",\"potentialAction\":[{\"@type\":\"ReadAction\",\"target\":[\"https:\/\/www.themethotel.gr\/events\/\"]}]},{\"@type\":\"BreadcrumbList\",\"@id\":\"https:\/\/www.themethotel.gr\/events\/#breadcrumb\",\"itemListElement\":[{\"@type\":\"ListItem\",\"position\":1,\"name\":\"Home\",\"item\":\"https:\/\/www.themethotel.gr\/fr\/\"},{\"@type\":\"ListItem\",\"position\":2,\"name\":\"Colloques\"}]},{\"@type\":\"WebSite\",\"@id\":\"https:\/\/www.themethotel.gr\/#website\",\"url\":\"https:\/\/www.themethotel.gr\/\",\"name\":\"The Met Hotel\",\"description\":\"Business Hotel in Greece\",\"publisher\":{\"@id\":\"https:\/\/www.themethotel.gr\/#organization\"},\"potentialAction\":[{\"@type\":\"SearchAction\",\"target\":{\"@type\":\"EntryPoint\",\"urlTemplate\":\"https:\/\/www.themethotel.gr\/?s={search_term_string}\"},\"query-input\":{\"@type\":\"PropertyValueSpecification\",\"valueRequired\":true,\"valueName\":\"search_term_string\"}}],\"inLanguage\":\"fr-FR\"},{\"@type\":\"Organization\",\"@id\":\"https:\/\/www.themethotel.gr\/#organization\",\"name\":\"The Met Hotel\",\"url\":\"https:\/\/www.themethotel.gr\/\",\"logo\":{\"@type\":\"ImageObject\",\"inLanguage\":\"fr-FR\",\"@id\":\"https:\/\/www.themethotel.gr\/#\/schema\/logo\/image\/\",\"url\":\"https:\/\/www.themethotel.gr\/wp-content\/uploads\/2017\/09\/logo3.jpg\",\"contentUrl\":\"https:\/\/www.themethotel.gr\/wp-content\/uploads\/2017\/09\/logo3.jpg\",\"width\":266,\"height\":135,\"caption\":\"The Met Hotel\"},\"image\":{\"@id\":\"https:\/\/www.themethotel.gr\/#\/schema\/logo\/image\/\"}}]}<\/script>\n<!-- \/ Yoast SEO plugin. -->","yoast_head_json":{"title":"Events | Hotel | Thessaloniki | The Met Hotel","description":"Offering customized solutions in a sophisticated setting, THE MET HOTEL can meet the needs of any business or corporate event regardless of size or complexity.","robots":{"index":"index","follow":"follow","max-snippet":"max-snippet:-1","max-image-preview":"max-image-preview:large","max-video-preview":"max-video-preview:-1"},"canonical":"https:\/\/www.themethotel.gr\/events\/","og_locale":"fr_FR","og_type":"article","og_title":"Events | Hotel | Thessaloniki | The Met Hotel","og_description":"Offering customized solutions in a sophisticated setting, THE MET HOTEL can meet the needs of any business or corporate event regardless of size or complexity.","og_url":"https:\/\/www.themethotel.gr\/events\/","og_site_name":"The Met Hotel","article_modified_time":"2018-09-24T13:44:08+00:00","twitter_card":"summary_large_image","twitter_misc":{"Dur\u00e9e de lecture estim\u00e9e":"2 minutes"},"schema":{"@context":"https:\/\/schema.org","@graph":[{"@type":"WebPage","@id":"https:\/\/www.themethotel.gr\/events\/","url":"https:\/\/www.themethotel.gr\/events\/","name":"Events | Hotel | Thessaloniki | The Met Hotel","isPartOf":{"@id":"https:\/\/www.themethotel.gr\/#website"},"datePublished":"2017-11-03T09:41:31+00:00","dateModified":"2018-09-24T13:44:08+00:00","description":"Offering customized solutions in a sophisticated setting, THE MET HOTEL can meet the needs of any business or corporate event regardless of size or complexity.","breadcrumb":{"@id":"https:\/\/www.themethotel.gr\/events\/#breadcrumb"},"inLanguage":"fr-FR","potentialAction":[{"@type":"ReadAction","target":["https:\/\/www.themethotel.gr\/events\/"]}]},{"@type":"BreadcrumbList","@id":"https:\/\/www.themethotel.gr\/events\/#breadcrumb","itemListElement":[{"@type":"ListItem","position":1,"name":"Home","item":"https:\/\/www.themethotel.gr\/fr\/"},{"@type":"ListItem","position":2,"name":"Colloques"}]},{"@type":"WebSite","@id":"https:\/\/www.themethotel.gr\/#website","url":"https:\/\/www.themethotel.gr\/","name":"The Met Hotel","description":"Business Hotel in Greece","publisher":{"@id":"https:\/\/www.themethotel.gr\/#organization"},"potentialAction":[{"@type":"SearchAction","target":{"@type":"EntryPoint","urlTemplate":"https:\/\/www.themethotel.gr\/?s={search_term_string}"},"query-input":{"@type":"PropertyValueSpecification","valueRequired":true,"valueName":"search_term_string"}}],"inLanguage":"fr-FR"},{"@type":"Organization","@id":"https:\/\/www.themethotel.gr\/#organization","name":"The Met Hotel","url":"https:\/\/www.themethotel.gr\/","logo":{"@type":"ImageObject","inLanguage":"fr-FR","@id":"https:\/\/www.themethotel.gr\/#\/schema\/logo\/image\/","url":"https:\/\/www.themethotel.gr\/wp-content\/uploads\/2017\/09\/logo3.jpg","contentUrl":"https:\/\/www.themethotel.gr\/wp-content\/uploads\/2017\/09\/logo3.jpg","width":266,"height":135,"caption":"The Met Hotel"},"image":{"@id":"https:\/\/www.themethotel.gr\/#\/schema\/logo\/image\/"}}]}},"publishpress_future_action":{"enabled":false,"date":"2026-05-06 23:19:52","action":"change-status","newStatus":"draft","terms":[],"taxonomy":"translation_priority","extraData":[]},"publishpress_future_workflow_manual_trigger":{"enabledWorkflows":[]},"_links":{"self":[{"href":"https:\/\/www.themethotel.gr\/fr\/wp-json\/wp\/v2\/pages\/2571","targetHints":{"allow":["GET"]}}],"collection":[{"href":"https:\/\/www.themethotel.gr\/fr\/wp-json\/wp\/v2\/pages"}],"about":[{"href":"https:\/\/www.themethotel.gr\/fr\/wp-json\/wp\/v2\/types\/page"}],"author":[{"embeddable":true,"href":"https:\/\/www.themethotel.gr\/fr\/wp-json\/wp\/v2\/users\/1"}],"replies":[{"embeddable":true,"href":"https:\/\/www.themethotel.gr\/fr\/wp-json\/wp\/v2\/comments?post=2571"}],"version-history":[{"count":4,"href":"https:\/\/www.themethotel.gr\/fr\/wp-json\/wp\/v2\/pages\/2571\/revisions"}],"predecessor-version":[{"id":2858,"href":"https:\/\/www.themethotel.gr\/fr\/wp-json\/wp\/v2\/pages\/2571\/revisions\/2858"}],"wp:attachment":[{"href":"https:\/\/www.themethotel.gr\/fr\/wp-json\/wp\/v2\/media?parent=2571"}],"curies":[{"name":"wp","href":"https:\/\/api.w.org\/{rel}","templated":true}]}}