{"id":2576,"date":"2017-11-03T09:41:39","date_gmt":"2017-11-03T09:41:39","guid":{"rendered":"https:\/\/www.themethotel.gr\/weddings\/"},"modified":"2024-09-20T15:37:29","modified_gmt":"2024-09-20T13:37:29","slug":"weddings","status":"publish","type":"page","link":"https:\/\/www.themethotel.gr\/fr\/weddings\/","title":{"rendered":"Mariages"},"content":{"rendered":"<div class=\"lpb-clear-section\"><\/div><!-- .lpb-clear-section -->\n\n<div class=\"lpb-section parallax-no text-dark row-stretch-full columns-gap-no-gap equal-height-no padding-top-no padding-bottom-no margin-bottom-no has-bg\" style=\"background-color:#ffffff;\" id=\"nopadding\" data-stretch=\"full\" data-x=\"50%\"><!-- .lpb-section -->\n\n<div class=\"lpb-page-row\"><!-- .lpb-page-row -->\n<div class=\"lpb-container\"><!-- .lpb-container -->\n<div class=\"lpb-row\"><!-- .lpb-row -->\n\n<div class=\"lpb-col-12 lpb-page-item has-bg\" ><!-- .lpb-page-item -->\n\n<div class=\"lpb-item-revslider>\">\n\t\n\t\t\t<!-- START WeddingsNew REVOLUTION SLIDER 6.7.37 --><p class=\"rs-p-wp-fix\"><\/p>\n\t\t\t<rs-module-wrap id=\"rev_slider_27_1_wrapper\" data-source=\"gallery\" style=\"visibility:hidden;background:transparent;padding:0;margin:0px auto;margin-top:0;margin-bottom:0;\">\n\t\t\t\t<rs-module id=\"rev_slider_27_1\" style=\"\" data-version=\"6.7.37\">\n\t\t\t\t\t<rs-slides style=\"overflow: hidden; position: absolute;\">\n\t\t\t\t\t\t<rs-slide style=\"position: absolute;\" data-key=\"rs-193\" data-title=\"Slide\" data-thumb=\"\/\/www.themethotel.gr\/wp-content\/uploads\/2024\/09\/DIN2718-100x50.jpg\" data-anim=\"adpr:false;\">\n\t\t\t\t\t\t\t<img src=\"\/\/www.themethotel.gr\/wp-content\/plugins\/revslider\/sr6\/assets\/assets\/dummy.png\" alt=\"\" title=\"Mariages\" class=\"rev-slidebg tp-rs-img rs-lazyload\" data-lazyload=\"\/\/www.themethotel.gr\/wp-content\/uploads\/2024\/09\/DIN2718.jpg\" data-no-retina>\n<!---->\t\t\t\t\t<\/rs-slide>\n\t\t\t\t\t\t<rs-slide style=\"position: absolute;\" data-key=\"rs-194\" data-title=\"Slide\" data-thumb=\"\/\/www.themethotel.gr\/wp-content\/uploads\/2024\/09\/IMG_4875-100x50.jpg\" data-anim=\"adpr:false;\">\n\t\t\t\t\t\t\t<img src=\"\/\/www.themethotel.gr\/wp-content\/plugins\/revslider\/sr6\/assets\/assets\/dummy.png\" alt=\"\" title=\"Mariages\" class=\"rev-slidebg tp-rs-img rs-lazyload\" data-lazyload=\"\/\/www.themethotel.gr\/wp-content\/uploads\/2024\/09\/IMG_4875.jpg\" data-no-retina>\n<!---->\t\t\t\t\t<\/rs-slide>\n\t\t\t\t\t\t<rs-slide style=\"position: absolute;\" data-key=\"rs-196\" data-title=\"Slide\" data-thumb=\"\/\/www.themethotel.gr\/wp-content\/uploads\/2024\/09\/\u03a6\u03c9\u03c4\u03bf\u03b3\u03c1\u03b1\u03c6\u03af\u03b1-3-1-100x50.jpg\" data-anim=\"adpr:false;\">\n\t\t\t\t\t\t\t<img src=\"\/\/www.themethotel.gr\/wp-content\/plugins\/revslider\/sr6\/assets\/assets\/dummy.png\" alt=\"\" title=\"Mariages\" class=\"rev-slidebg tp-rs-img rs-lazyload\" data-lazyload=\"\/\/www.themethotel.gr\/wp-content\/uploads\/2024\/09\/\u03a6\u03c9\u03c4\u03bf\u03b3\u03c1\u03b1\u03c6\u03af\u03b1-3-1.jpg\" data-no-retina>\n<!---->\t\t\t\t\t<\/rs-slide>\n\t\t\t\t\t\t<rs-slide style=\"position: absolute;\" data-key=\"rs-197\" data-title=\"Slide\" data-thumb=\"\/\/www.themethotel.gr\/wp-content\/uploads\/2024\/09\/DIN_5743-100x50.jpg\" data-anim=\"adpr:false;\">\n\t\t\t\t\t\t\t<img src=\"\/\/www.themethotel.gr\/wp-content\/plugins\/revslider\/sr6\/assets\/assets\/dummy.png\" alt=\"\" title=\"Mariages\" class=\"rev-slidebg tp-rs-img rs-lazyload\" data-lazyload=\"\/\/www.themethotel.gr\/wp-content\/uploads\/2024\/09\/DIN_5743.jpg\" data-no-retina>\n<!---->\t\t\t\t\t<\/rs-slide>\n\t\t\t\t\t<\/rs-slides>\n\t\t\t\t<\/rs-module>\n\t\t\t\t<script>\n\t\t\t\t\tsetREVStartSize({c: 'rev_slider_27_1',rl:[1240,1024,778,480],el:[],gw:[1000,1024,778,480],gh:[550,500,400,300],type:'standard',justify:'',layout:'fullwidth',mh:\"390\"});if (window.RS_MODULES!==undefined && window.RS_MODULES.modules!==undefined && window.RS_MODULES.modules[\"revslider271\"]!==undefined) {window.RS_MODULES.modules[\"revslider271\"].once = false;window.revapi27 = undefined;if (window.RS_MODULES.checkMinimal!==undefined) window.RS_MODULES.checkMinimal()}\n\t\t\t\t<\/script>\n\t\t\t<\/rs-module-wrap>\n\t\t\t<!-- END REVOLUTION SLIDER -->\n<\/div>\n<\/div><!-- \/.lpb-page-item -->\n\n<\/div><!-- \/.lpb-row -->\n<\/div><!-- \/.lpb-container -->\n<\/div><!-- \/.lpb-page-row -->\n\n<\/div><!-- \/.lpb-section -->\n\n<div class=\"lpb-section parallax-no text-dark row-stretch-boxed columns-gap-default equal-height-no padding-top-no padding-bottom-no margin-bottom-no has-bg\" style=\"background-color:#ffffff;\" id=\"myintro\" data-stretch=\"full\" data-x=\"50%\"><!-- .lpb-section -->\n\n<div class=\"lpb-page-row\"><!-- .lpb-page-row -->\n<div class=\"lpb-container\"><!-- .lpb-container -->\n<div class=\"lpb-row\"><!-- .lpb-row -->\n\n<div class=\"lpb-col-12 lpb-page-item has-bg\" id=\"introcol\"><!-- .lpb-page-item -->\n\n<div class=\"lpb-item-column\" >\n\t<div class=\"lpb-item-content\"><h1 class=\"myintrotitle\">\u00c9V\u00c9NEMENTS SOCIAUX AU THE MET HOTEL<\/h1>\n<p class=\"myintroparag\">Organis\u00e9s \u00e0 la perfection, les \u00e9v\u00e8nements sociaux mis sur pied par THE MET HOTEL sont accueillis avec enthousiasme pour leur style original et l\u2019attention sans faille accord\u00e9e au moindre d\u00e9tail.<br \/>Notre d\u00e9cor raffin\u00e9 mais chaleureux et confortable offre la toile de fond id\u00e9ale \u00e0 un large \u00e9ventail d\u2019\u00e9v\u00e8nements tels que les c\u00e9l\u00e9brations familiales sp\u00e9ciales, les merveilleuses r\u00e9ceptions de mariage, les cocktail-parties et les f\u00eates d\u2019anniversaire imaginatives, les d\u00eeners de gala, les r\u00e9unions, les bapt\u00eames et c\u00e9l\u00e9brations d\u2019arriv\u00e9e du nouveau-n\u00e9.<br \/>Notre \u00e9quipe et sa cr\u00e9ativit\u00e9 offre des services complets de planification d\u2019\u00e9v\u00e8nements, une assistance personnalis\u00e9e adapt\u00e9e \u00e0 vos besoins et souhaits et une large gamme d\u2019options traiteur, pour faire de tout \u00e9v\u00e8nement ou c\u00e9l\u00e9bration une exp\u00e9rience inoubliable.<\/p>\n<\/div>\n<\/div>\n<\/div><!-- \/.lpb-page-item -->\n\n<\/div><!-- \/.lpb-row -->\n<\/div><!-- \/.lpb-container -->\n<\/div><!-- \/.lpb-page-row -->\n\n<\/div><!-- \/.lpb-section -->\n\n<div class=\"lpb-section parallax-no text-dark row-stretch-full columns-gap-no-gap equal-height-no padding-top-no padding-bottom-no margin-bottom-no has-bg\" style=\"background-color:#ffffff;\" id=\"myconweddet\" data-stretch=\"full\" data-x=\"50%\"><!-- .lpb-section -->\n\n<div class=\"lpb-page-row\"><!-- .lpb-page-row -->\n<div class=\"lpb-container\"><!-- .lpb-container -->\n<div class=\"lpb-row\"><!-- .lpb-row -->\n\n<div class=\"lpb-col-6 lpb-page-item has-bg\" ><!-- .lpb-page-item -->\n\n<div class=\"lpb-item-revslider>\">\n\t\n\t\t\t<!-- START WeddingsHighEndBanqueting REVOLUTION SLIDER 6.7.37 --><p class=\"rs-p-wp-fix\"><\/p>\n\t\t\t<rs-module-wrap id=\"rev_slider_28_2_wrapper\" data-source=\"gallery\" style=\"visibility:hidden;background:transparent;padding:0;margin:0px auto;margin-top:0;margin-bottom:0;\">\n\t\t\t\t<rs-module id=\"rev_slider_28_2\" style=\"\" data-version=\"6.7.37\">\n\t\t\t\t\t<rs-slides style=\"overflow: hidden; position: absolute;\">\n\t\t\t\t\t\t<rs-slide style=\"position: absolute;\" data-key=\"rs-179\" data-title=\"Slide\" data-in=\"x:(100%);\">\n\t\t\t\t\t\t\t<img src=\"\/\/www.themethotel.gr\/wp-content\/plugins\/revslider\/sr6\/assets\/assets\/dummy.png\" alt=\"\" title=\"Mariages\" class=\"rev-slidebg tp-rs-img rs-lazyload\" data-lazyload=\"\/\/www.themethotel.gr\/wp-content\/uploads\/2024\/09\/\u03a6\u03c9\u03c4\u03bf\u03b3\u03c1\u03b1\u03c6\u03af\u03b1-2-1.jpg\" data-no-retina>\n<!---->\t\t\t\t\t<\/rs-slide>\n\t\t\t\t\t<\/rs-slides>\n\t\t\t\t<\/rs-module>\n\t\t\t\t<script>\n\t\t\t\t\tsetREVStartSize({c: 'rev_slider_28_2',rl:[1240,1024,778,480],el:[],gw:[1000,1024,778,480],gh:[550,500,400,300],type:'standard',justify:'',layout:'fullwidth',mh:\"390\"});if (window.RS_MODULES!==undefined && window.RS_MODULES.modules!==undefined && window.RS_MODULES.modules[\"revslider282\"]!==undefined) {window.RS_MODULES.modules[\"revslider282\"].once = false;window.revapi28 = undefined;if (window.RS_MODULES.checkMinimal!==undefined) window.RS_MODULES.checkMinimal()}\n\t\t\t\t<\/script>\n\t\t\t<\/rs-module-wrap>\n\t\t\t<!-- END REVOLUTION SLIDER -->\n<\/div>\n<\/div><!-- \/.lpb-page-item -->\n<div class=\"lpb-col-6 lpb-page-item has-bg\" id=\"myconwedcol\"><!-- .lpb-page-item -->\n\n<div class=\"lpb-item-column\" >\n\t<div class=\"lpb-item-content\"><h2>BANQUETS DE HAUT NIVEAU<\/h2>\n<p>Dans un d\u00e9cor vibrant et stimulant, o\u00f9 la fonctionnalit\u00e9 interagit en toute cr\u00e9ativit\u00e9 avec l'art d'avant-garde et le design raffin\u00e9, THE MET HOTEL convient id\u00e9alement \u00e0 la tenue d\u2019\u00e9v\u00e8nements d\u2019envergure tels que les fonctions sociales m\u00e9morables et les luxueuses r\u00e9ceptions de mariage.<\/p>\n<p class=\"myfilelink\"><a href=\"http:\/\/www.themethotel.gr\/wp-content\/uploads\/2017\/11\/WeddingAtTheMet.pdf\" target=\"_blank\"><i class=\"fa fa-file-pdf-o myfileicon\"><\/i><span>Brochure The Met Way of Wedding<\/span><\/a><\/p>\n<\/div>\n<\/div>\n<\/div><!-- \/.lpb-page-item -->\n\n<\/div><!-- \/.lpb-row -->\n<\/div><!-- \/.lpb-container -->\n<\/div><!-- \/.lpb-page-row -->\n\n<\/div><!-- \/.lpb-section -->\n\n<div class=\"lpb-section parallax-no text-dark row-stretch-full columns-gap-no-gap equal-height-no padding-top-no padding-bottom-no margin-bottom-no has-bg\" style=\"background-color:#ffffff;\" id=\"myconweddetrev\" data-stretch=\"full\" data-x=\"50%\"><!-- .lpb-section -->\n\n<div class=\"lpb-page-row\"><!-- .lpb-page-row -->\n<div class=\"lpb-container\"><!-- .lpb-container -->\n<div class=\"lpb-row\"><!-- .lpb-row -->\n\n<div class=\"lpb-col-6 lpb-page-item has-bg\" ><!-- .lpb-page-item -->\n\n<div class=\"lpb-item-revslider>\">\n\t\n\t\t\t<!-- START WeddingsFacilities REVOLUTION SLIDER 6.7.37 --><p class=\"rs-p-wp-fix\"><\/p>\n\t\t\t<rs-module-wrap id=\"rev_slider_29_3_wrapper\" data-source=\"gallery\" style=\"visibility:hidden;background:transparent;padding:0;margin:0px auto;margin-top:0;margin-bottom:0;\">\n\t\t\t\t<rs-module id=\"rev_slider_29_3\" style=\"\" data-version=\"6.7.37\">\n\t\t\t\t\t<rs-slides style=\"overflow: hidden; position: absolute;\">\n\t\t\t\t\t\t<rs-slide style=\"position: absolute;\" data-key=\"rs-181\" data-title=\"Slide\" data-in=\"x:(100%);\">\n\t\t\t\t\t\t\t<img src=\"\/\/www.themethotel.gr\/wp-content\/plugins\/revslider\/sr6\/assets\/assets\/dummy.png\" alt=\"\" title=\"Mariages\" class=\"rev-slidebg tp-rs-img rs-lazyload\" data-lazyload=\"\/\/www.themethotel.gr\/wp-content\/uploads\/2024\/09\/\u03a6\u03c9\u03c4\u03bf\u03b3\u03c1\u03b1\u03c6\u03af\u03b1-3.jpg\" data-no-retina>\n<!---->\t\t\t\t\t<\/rs-slide>\n\t\t\t\t\t<\/rs-slides>\n\t\t\t\t<\/rs-module>\n\t\t\t\t<script>\n\t\t\t\t\tsetREVStartSize({c: 'rev_slider_29_3',rl:[1240,1024,778,480],el:[],gw:[1000,1024,778,480],gh:[550,500,400,300],type:'standard',justify:'',layout:'fullwidth',mh:\"390\"});if (window.RS_MODULES!==undefined && window.RS_MODULES.modules!==undefined && window.RS_MODULES.modules[\"revslider293\"]!==undefined) {window.RS_MODULES.modules[\"revslider293\"].once = false;window.revapi29 = undefined;if (window.RS_MODULES.checkMinimal!==undefined) window.RS_MODULES.checkMinimal()}\n\t\t\t\t<\/script>\n\t\t\t<\/rs-module-wrap>\n\t\t\t<!-- END REVOLUTION SLIDER -->\n<\/div>\n<\/div><!-- \/.lpb-page-item -->\n<div class=\"lpb-col-6 lpb-page-item has-bg\" id=\"myconwebcolpull\"><!-- .lpb-page-item -->\n\n<div class=\"lpb-item-column\" >\n\t<div class=\"lpb-item-content\"><h2>INSTALLATIONS<\/h2>\n<p>Flexibles au possible, nos salles de r\u00e9union ainsi que notre salle polyvalente de The Met Hotel peuvent accueillir jusqu\u2019\u00e0 750 personnes, dans une large gamme d\u2019am\u00e9nagements. Les coordinateurs qualifi\u00e9s et le personnel d\u00e9vou\u00e9 garantissent que votre \u00e9v\u00e8nement sera un succ\u00e8s, du d\u00e9but \u00e0 la fin.<\/p>\n<p class=\"myfilelink\"><a href=\"https:\/\/www.themethotel.gr\/wp-content\/uploads\/2018\/01\/THE-MET-BANQUET-BROCHURE.pdf\" target=\"_blank\"><i class=\"fa fa-file-pdf-o myfileicon\"><\/i><span>Brochure conf\u00e9rences et banquets<\/span><\/a><\/p>\n<\/div>\n<\/div>\n<\/div><!-- \/.lpb-page-item -->\n<\/div><!-- \/.lpb-row -->\n<\/div><!-- \/.lpb-container -->\n<\/div><!-- \/.lpb-page-row -->\n\n<\/div><!-- \/.lpb-section -->\n\n","protected":false},"excerpt":{"rendered":"<p>\u00c9V\u00c9NEMENTS SOCIAUX AU THE MET HOTEL Organis\u00e9s \u00e0 la perfection, les \u00e9v\u00e8nements sociaux mis sur pied par THE MET HOTEL sont accueillis avec enthousiasme pour leur style original et l\u2019attention sans faille accord\u00e9e au moindre d\u00e9tail.Notre d\u00e9cor raffin\u00e9 mais chaleureux et confortable offre la toile de fond id\u00e9ale \u00e0 un large \u00e9ventail d\u2019\u00e9v\u00e8nements tels que [&hellip;]<\/p>\n","protected":false},"author":1,"featured_media":0,"parent":0,"menu_order":0,"comment_status":"closed","ping_status":"closed","template":"","meta":{"_acf_changed":false,"footnotes":""},"class_list":["post-2576","page","type-page","status-publish","hentry"],"acf":[],"yoast_head":"<!-- This site is optimized with the Yoast SEO plugin v26.3 - https:\/\/yoast.com\/wordpress\/plugins\/seo\/ -->\n<title>Wedding | Hotel | Thessaloniki | The Met Hotel<\/title>\n<meta name=\"description\" content=\"Our sophisticated yet warm and cozy setting provides the ideal backdrop for a variety of banqueting events, including special family celebrations, fabulous wedding receptions, imaginative cocktail and birthday parties, gala dinners, reunions, christenings and baby showers.\" \/>\n<meta name=\"robots\" content=\"index, follow, max-snippet:-1, max-image-preview:large, max-video-preview:-1\" \/>\n<link rel=\"canonical\" href=\"https:\/\/www.themethotel.gr\/fr\/weddings\/\" \/>\n<meta property=\"og:locale\" content=\"fr_FR\" \/>\n<meta property=\"og:type\" content=\"article\" \/>\n<meta property=\"og:title\" content=\"Wedding | Hotel | Thessaloniki | The Met Hotel\" \/>\n<meta property=\"og:description\" content=\"Our sophisticated yet warm and cozy setting provides the ideal backdrop for a variety of banqueting events, including special family celebrations, fabulous wedding receptions, imaginative cocktail and birthday parties, gala dinners, reunions, christenings and baby showers.\" \/>\n<meta property=\"og:url\" content=\"https:\/\/www.themethotel.gr\/fr\/weddings\/\" \/>\n<meta property=\"og:site_name\" content=\"The Met Hotel\" \/>\n<meta property=\"article:modified_time\" content=\"2024-09-20T13:37:29+00:00\" \/>\n<meta name=\"twitter:card\" content=\"summary_large_image\" \/>\n<meta name=\"twitter:label1\" content=\"Dur\u00e9e de lecture estim\u00e9e\" \/>\n\t<meta name=\"twitter:data1\" content=\"1 minute\" \/>\n<script type=\"application\/ld+json\" class=\"yoast-schema-graph\">{\"@context\":\"https:\/\/schema.org\",\"@graph\":[{\"@type\":\"WebPage\",\"@id\":\"https:\/\/www.themethotel.gr\/fr\/weddings\/\",\"url\":\"https:\/\/www.themethotel.gr\/fr\/weddings\/\",\"name\":\"Wedding | Hotel | Thessaloniki | The Met Hotel\",\"isPartOf\":{\"@id\":\"https:\/\/www.themethotel.gr\/#website\"},\"datePublished\":\"2017-11-03T09:41:39+00:00\",\"dateModified\":\"2024-09-20T13:37:29+00:00\",\"description\":\"Our sophisticated yet warm and cozy setting provides the ideal backdrop for a variety of banqueting events, including special family celebrations, fabulous wedding receptions, imaginative cocktail and birthday parties, gala dinners, reunions, christenings and baby showers.\",\"breadcrumb\":{\"@id\":\"https:\/\/www.themethotel.gr\/fr\/weddings\/#breadcrumb\"},\"inLanguage\":\"fr-FR\",\"potentialAction\":[{\"@type\":\"ReadAction\",\"target\":[\"https:\/\/www.themethotel.gr\/fr\/weddings\/\"]}]},{\"@type\":\"BreadcrumbList\",\"@id\":\"https:\/\/www.themethotel.gr\/fr\/weddings\/#breadcrumb\",\"itemListElement\":[{\"@type\":\"ListItem\",\"position\":1,\"name\":\"Home\",\"item\":\"https:\/\/www.themethotel.gr\/fr\/\"},{\"@type\":\"ListItem\",\"position\":2,\"name\":\"Mariages\"}]},{\"@type\":\"WebSite\",\"@id\":\"https:\/\/www.themethotel.gr\/#website\",\"url\":\"https:\/\/www.themethotel.gr\/\",\"name\":\"The Met Hotel\",\"description\":\"Business Hotel in Greece\",\"publisher\":{\"@id\":\"https:\/\/www.themethotel.gr\/#organization\"},\"potentialAction\":[{\"@type\":\"SearchAction\",\"target\":{\"@type\":\"EntryPoint\",\"urlTemplate\":\"https:\/\/www.themethotel.gr\/?s={search_term_string}\"},\"query-input\":{\"@type\":\"PropertyValueSpecification\",\"valueRequired\":true,\"valueName\":\"search_term_string\"}}],\"inLanguage\":\"fr-FR\"},{\"@type\":\"Organization\",\"@id\":\"https:\/\/www.themethotel.gr\/#organization\",\"name\":\"The Met Hotel\",\"url\":\"https:\/\/www.themethotel.gr\/\",\"logo\":{\"@type\":\"ImageObject\",\"inLanguage\":\"fr-FR\",\"@id\":\"https:\/\/www.themethotel.gr\/#\/schema\/logo\/image\/\",\"url\":\"https:\/\/www.themethotel.gr\/wp-content\/uploads\/2017\/09\/logo3.jpg\",\"contentUrl\":\"https:\/\/www.themethotel.gr\/wp-content\/uploads\/2017\/09\/logo3.jpg\",\"width\":266,\"height\":135,\"caption\":\"The Met Hotel\"},\"image\":{\"@id\":\"https:\/\/www.themethotel.gr\/#\/schema\/logo\/image\/\"}}]}<\/script>\n<!-- \/ Yoast SEO plugin. -->","yoast_head_json":{"title":"Wedding | Hotel | Thessaloniki | The Met Hotel","description":"Our sophisticated yet warm and cozy setting provides the ideal backdrop for a variety of banqueting events, including special family celebrations, fabulous wedding receptions, imaginative cocktail and birthday parties, gala dinners, reunions, christenings and baby showers.","robots":{"index":"index","follow":"follow","max-snippet":"max-snippet:-1","max-image-preview":"max-image-preview:large","max-video-preview":"max-video-preview:-1"},"canonical":"https:\/\/www.themethotel.gr\/fr\/weddings\/","og_locale":"fr_FR","og_type":"article","og_title":"Wedding | Hotel | Thessaloniki | The Met Hotel","og_description":"Our sophisticated yet warm and cozy setting provides the ideal backdrop for a variety of banqueting events, including special family celebrations, fabulous wedding receptions, imaginative cocktail and birthday parties, gala dinners, reunions, christenings and baby showers.","og_url":"https:\/\/www.themethotel.gr\/fr\/weddings\/","og_site_name":"The Met Hotel","article_modified_time":"2024-09-20T13:37:29+00:00","twitter_card":"summary_large_image","twitter_misc":{"Dur\u00e9e de lecture estim\u00e9e":"1 minute"},"schema":{"@context":"https:\/\/schema.org","@graph":[{"@type":"WebPage","@id":"https:\/\/www.themethotel.gr\/fr\/weddings\/","url":"https:\/\/www.themethotel.gr\/fr\/weddings\/","name":"Wedding | Hotel | Thessaloniki | The Met Hotel","isPartOf":{"@id":"https:\/\/www.themethotel.gr\/#website"},"datePublished":"2017-11-03T09:41:39+00:00","dateModified":"2024-09-20T13:37:29+00:00","description":"Our sophisticated yet warm and cozy setting provides the ideal backdrop for a variety of banqueting events, including special family celebrations, fabulous wedding receptions, imaginative cocktail and birthday parties, gala dinners, reunions, christenings and baby showers.","breadcrumb":{"@id":"https:\/\/www.themethotel.gr\/fr\/weddings\/#breadcrumb"},"inLanguage":"fr-FR","potentialAction":[{"@type":"ReadAction","target":["https:\/\/www.themethotel.gr\/fr\/weddings\/"]}]},{"@type":"BreadcrumbList","@id":"https:\/\/www.themethotel.gr\/fr\/weddings\/#breadcrumb","itemListElement":[{"@type":"ListItem","position":1,"name":"Home","item":"https:\/\/www.themethotel.gr\/fr\/"},{"@type":"ListItem","position":2,"name":"Mariages"}]},{"@type":"WebSite","@id":"https:\/\/www.themethotel.gr\/#website","url":"https:\/\/www.themethotel.gr\/","name":"The Met Hotel","description":"Business Hotel in Greece","publisher":{"@id":"https:\/\/www.themethotel.gr\/#organization"},"potentialAction":[{"@type":"SearchAction","target":{"@type":"EntryPoint","urlTemplate":"https:\/\/www.themethotel.gr\/?s={search_term_string}"},"query-input":{"@type":"PropertyValueSpecification","valueRequired":true,"valueName":"search_term_string"}}],"inLanguage":"fr-FR"},{"@type":"Organization","@id":"https:\/\/www.themethotel.gr\/#organization","name":"The Met Hotel","url":"https:\/\/www.themethotel.gr\/","logo":{"@type":"ImageObject","inLanguage":"fr-FR","@id":"https:\/\/www.themethotel.gr\/#\/schema\/logo\/image\/","url":"https:\/\/www.themethotel.gr\/wp-content\/uploads\/2017\/09\/logo3.jpg","contentUrl":"https:\/\/www.themethotel.gr\/wp-content\/uploads\/2017\/09\/logo3.jpg","width":266,"height":135,"caption":"The Met Hotel"},"image":{"@id":"https:\/\/www.themethotel.gr\/#\/schema\/logo\/image\/"}}]}},"publishpress_future_action":{"enabled":false,"date":"2026-04-21 23:56:37","action":"change-status","newStatus":"draft","terms":[],"taxonomy":"translation_priority","extraData":[]},"publishpress_future_workflow_manual_trigger":{"enabledWorkflows":[]},"_links":{"self":[{"href":"https:\/\/www.themethotel.gr\/fr\/wp-json\/wp\/v2\/pages\/2576","targetHints":{"allow":["GET"]}}],"collection":[{"href":"https:\/\/www.themethotel.gr\/fr\/wp-json\/wp\/v2\/pages"}],"about":[{"href":"https:\/\/www.themethotel.gr\/fr\/wp-json\/wp\/v2\/types\/page"}],"author":[{"embeddable":true,"href":"https:\/\/www.themethotel.gr\/fr\/wp-json\/wp\/v2\/users\/1"}],"replies":[{"embeddable":true,"href":"https:\/\/www.themethotel.gr\/fr\/wp-json\/wp\/v2\/comments?post=2576"}],"version-history":[{"count":5,"href":"https:\/\/www.themethotel.gr\/fr\/wp-json\/wp\/v2\/pages\/2576\/revisions"}],"predecessor-version":[{"id":5918,"href":"https:\/\/www.themethotel.gr\/fr\/wp-json\/wp\/v2\/pages\/2576\/revisions\/5918"}],"wp:attachment":[{"href":"https:\/\/www.themethotel.gr\/fr\/wp-json\/wp\/v2\/media?parent=2576"}],"curies":[{"name":"wp","href":"https:\/\/api.w.org\/{rel}","templated":true}]}}