{"id":2580,"date":"2017-09-26T11:03:07","date_gmt":"2017-09-26T11:03:07","guid":{"rendered":"https:\/\/www.themethotel.gr\/eat-drink\/"},"modified":"2022-11-11T12:06:16","modified_gmt":"2022-11-11T10:06:16","slug":"eat-drink","status":"publish","type":"page","link":"https:\/\/www.themethotel.gr\/fr\/eat-drink\/","title":{"rendered":"Restauration"},"content":{"rendered":"<div class=\"lpb-clear-section\"><\/div><!-- .lpb-clear-section -->\n\n<div class=\"lpb-section parallax-no text-dark row-stretch-boxed columns-gap-default equal-height-no padding-top-no padding-bottom-no margin-bottom-no has-bg\" style=\"background-color:#ffffff;\"  data-stretch=\"full\" data-x=\"50%\"><!-- .lpb-section -->\n\n<div class=\"lpb-page-row\"><!-- .lpb-page-row -->\n<div class=\"lpb-container\"><!-- .lpb-container -->\n<div class=\"lpb-row\"><!-- .lpb-row -->\n\n<div class=\"lpb-col-12 lpb-page-item has-bg\" id=\"introcol\"><!-- .lpb-page-item -->\n\n<div class=\"lpb-item-column\" >\n\t<div class=\"lpb-item-content\"><h1 class=\"myintrotitle\">DES INNOVATIONS CULINAIRES DANS UN D\u00c9COR \u00c9L\u00c9GANT<\/h1>\n<p class=\"myintroparag\">Dans une ambiance d\u00e9tendue d\u2019\u00e9l\u00e9gance d\u00e9contract\u00e9e, les h\u00f4tes de THE MET HOTEL ont l\u2019occasion remarquable de d\u00e9guster des saveurs de la cuisine <strong>grecque cr\u00e9ative<\/strong> et <strong>asiatique contemporaine<\/strong>, pr\u00e9par\u00e9es par notre personnel sp\u00e9cialis\u00e9, \u00e0 base des ingr\u00e9dients les meilleurs. Des plats gourmets qui mettent l\u2019accent sur la cr\u00e9ativit\u00e9, l\u2019innovation et les saveurs de saison offrent des exp\u00e9riences gustatives et \u0153nologiques inoubliables, en parfaite harmonie avec la riche tradition culinaire de la ville.<\/p>\n<\/div>\n<\/div>\n<\/div><!-- \/.lpb-page-item -->\n\n<\/div><!-- \/.lpb-row -->\n<\/div><!-- \/.lpb-container -->\n<\/div><!-- \/.lpb-page-row -->\n\n<\/div><!-- \/.lpb-section -->\n\n<div class=\"lpb-section parallax-yes text-dark row-stretch-default columns-gap-default equal-height-no padding-top-no padding-bottom-no margin-bottom-no has-bg\" style=\"background-color:#ffffff;\" id=\"text-fotos-dining\" data-stretch=\"full\" data-x=\"50%\"><!-- .lpb-section -->\n\n<div class=\"lpb-page-row\"><!-- .lpb-page-row -->\n<div class=\"lpb-container\"><!-- .lpb-container -->\n<div class=\"lpb-row\"><!-- .lpb-row -->\n\n<div class=\"lpb-col-6 lpb-page-item has-bg\" id=\"image1\"><!-- .lpb-page-item -->\n\n\t\t<div class=\"morrison-hotel-gallery flexslider\" data-speed=\"4000\" style=\"max-width:\">\n\t\t\t<ul class=\"slides\">\n\t\t\t\t\n\t\t\t\t\t<li>\n\t\t\t\t\t\t<img width=\"570\" height=\"570\" src=\"https:\/\/www.themethotel.gr\/wp-content\/uploads\/2017\/09\/skybar.jpg\" class=\"attachment-full size-full\" alt=\"sky bar\" \/>\t\t\t\t\t<\/li>\n\n\t\t\t\t\n\t\t\t\t\t<li>\n\t\t\t\t\t\t<img width=\"570\" height=\"570\" src=\"https:\/\/www.themethotel.gr\/wp-content\/uploads\/2017\/09\/skybar_b.jpg\" class=\"attachment-full size-full\" alt=\"sky bar\" \/>\t\t\t\t\t<\/li>\n\n\t\t\t\t\n\t\t\t\t\t<li>\n\t\t\t\t\t\t<img width=\"570\" height=\"570\" src=\"https:\/\/www.themethotel.gr\/wp-content\/uploads\/2017\/09\/sky_bar_c.jpg\" class=\"attachment-full size-full\" alt=\"sky bar\" \/>\t\t\t\t\t<\/li>\n\n\t\t\t\t\t\t\t<\/ul>\n\t\t<\/div>\n\t<\/div><!-- \/.lpb-page-item -->\n<div class=\"lpb-col-6 lpb-page-item has-bg\" id=\"resttext1\"><!-- .lpb-page-item -->\n\n<div class=\"lpb-item-column\" >\n\t<div class=\"lpb-item-content\"><h3><a href=\"http:\/\/www.themethotel.gr\/fr\/sky-bar\/\">SKY | BAR<\/a><\/h3>\n<p class=\"dining-details\">Au 7e \u00e9tage de THE MET HOTEL, \u00e0 c\u00f4t\u00e9 de notre piscine sur le toit, l\u2019\u00e9l\u00e9gant <strong>S K Y | B A R<\/strong> offre \u00e0 nos h\u00f4tes l\u2019occasion d\u2019admirer une vue \u00e9poustouflante 360\u00b0 sur <strong>Thessalonique <\/strong>tout en savourant un d\u00e9licieux cocktail, une boisson non alcoolis\u00e9e ou un jus, ou en s\u2019offrant un l\u00e9ger repas choisi dans la carte de la piscine.<\/p>\n<div class=\"actions\"><a href=\"http:\/\/www.themethotel.gr\/fr\/sky-bar\/\" class=\"mybtn rooms\">Read More<\/a><\/div>\n<\/div>\n<\/div>\n<\/div><!-- \/.lpb-page-item -->\n\n<\/div><!-- \/.lpb-row -->\n<\/div><!-- \/.lpb-container -->\n<\/div><!-- \/.lpb-page-row -->\n\n<div class=\"lpb-page-row\"><!-- .lpb-page-row -->\n<div class=\"lpb-container\"><!-- .lpb-container -->\n<div class=\"lpb-row\"><!-- .lpb-row -->\n\n<div class=\"lpb-col-6 lpb-page-item has-bg\" id=\"image2\"><!-- .lpb-page-item -->\n\n<div class=\"lpb-item-image alignment-center\">\n\t\n\t<img width=\"570\" height=\"570\" src=\"https:\/\/www.themethotel.gr\/wp-content\/uploads\/2017\/09\/long_bar1.jpg\" class=\"attachment-full size-full\" alt=\"long bar\" srcset=\"https:\/\/www.themethotel.gr\/wp-content\/uploads\/2017\/09\/long_bar1.jpg 570w, https:\/\/www.themethotel.gr\/wp-content\/uploads\/2017\/09\/long_bar1-150x150.jpg 150w, https:\/\/www.themethotel.gr\/wp-content\/uploads\/2017\/09\/long_bar1-300x300.jpg 300w, https:\/\/www.themethotel.gr\/wp-content\/uploads\/2017\/09\/long_bar1-85x85.jpg 85w, https:\/\/www.themethotel.gr\/wp-content\/uploads\/2017\/09\/long_bar1-320x320.jpg 320w\" sizes=\"(max-width: 570px) 100vw, 570px\" \/>\n\t\n<\/div>\n<\/div><!-- \/.lpb-page-item -->\n<div class=\"lpb-col-6 lpb-page-item has-bg\" id=\"resttext2\"><!-- .lpb-page-item -->\n\n<div class=\"lpb-item-column\" >\n\t<div class=\"lpb-item-content\"><h3><a href=\"http:\/\/www.themethotel.gr\/fr\/the-long-bar\/\">The Long Bar<\/a><\/h3>\n<p class=\"dining-details\">Avec sa longueur impressionnante de 18 m\u00e8tres (59 pieds), <strong>le bar exquis<\/strong> de THE MET HOTEL offre une large gamme de cocktails \u00e0 savourer devant un mur de fond envo\u00fbtant plaqu\u00e9 or 22 carats.<\/p>\n<div class=\"actions\"><a href=\"http:\/\/www.themethotel.gr\/fr\/the-long-bar\/\" class=\"mybtn rooms\">Read More<\/a><\/div>\n<\/div>\n<\/div>\n<\/div><!-- \/.lpb-page-item -->\n\n<\/div><!-- \/.lpb-row -->\n<\/div><!-- \/.lpb-container -->\n<\/div><!-- \/.lpb-page-row -->\n\n<div class=\"lpb-page-row\"><!-- .lpb-page-row -->\n<div class=\"lpb-container\"><!-- .lpb-container -->\n<div class=\"lpb-row\"><!-- .lpb-row -->\n\n<div class=\"lpb-col-6 lpb-page-item has-bg\" id=\"image3\"><!-- .lpb-page-item -->\n\n<div class=\"lpb-item-image alignment-center\">\n\t\n\t<img width=\"570\" height=\"570\" src=\"https:\/\/www.themethotel.gr\/wp-content\/uploads\/2017\/09\/avenue1.jpg\" class=\"attachment-full size-full\" alt=\"avenue 48\" srcset=\"https:\/\/www.themethotel.gr\/wp-content\/uploads\/2017\/09\/avenue1.jpg 570w, https:\/\/www.themethotel.gr\/wp-content\/uploads\/2017\/09\/avenue1-150x150.jpg 150w, https:\/\/www.themethotel.gr\/wp-content\/uploads\/2017\/09\/avenue1-300x300.jpg 300w, https:\/\/www.themethotel.gr\/wp-content\/uploads\/2017\/09\/avenue1-85x85.jpg 85w, https:\/\/www.themethotel.gr\/wp-content\/uploads\/2017\/09\/avenue1-320x320.jpg 320w\" sizes=\"(max-width: 570px) 100vw, 570px\" \/>\n\t\n<\/div>\n<\/div><!-- \/.lpb-page-item -->\n<div class=\"lpb-col-6 lpb-page-item has-bg\" id=\"resttext3\"><!-- .lpb-page-item -->\n\n<div class=\"lpb-item-column\" >\n\t<div class=\"lpb-item-content\"><h3><a href=\"http:\/\/www.themethotel.gr\/avenue-48\/\">Avenue 48 Restaurant<\/a><\/h3>\n<p class=\"dining-details\">Situ\u00e9 au rez-de-chauss\u00e9e, Avenue 48 offre un g\u00e9n\u00e9reux <strong>buffet petit d\u00e9jeuner<\/strong> qui revigore les h\u00f4tes apr\u00e8s une longue nuit de sortie et leur permet de commencer une agr\u00e9able journ\u00e9e du bon pied.<\/p>\n<div class=\"actions\"><a href=\"http:\/\/www.themethotel.gr\/fr\/avenue-48\/\" class=\"mybtn rooms\">Read More<\/a><\/div>\n<\/div>\n<\/div>\n<\/div><!-- \/.lpb-page-item -->\n\n<\/div><!-- \/.lpb-row -->\n<\/div><!-- \/.lpb-container -->\n<\/div><!-- \/.lpb-page-row -->\n\n<div class=\"lpb-page-row\"><!-- .lpb-page-row -->\n<div class=\"lpb-container\"><!-- .lpb-container -->\n<div class=\"lpb-row\"><!-- .lpb-row -->\n\n<div class=\"lpb-col-6 lpb-page-item has-bg\" id=\"image4\"><!-- .lpb-page-item -->\n\n\t\t<div class=\"morrison-hotel-gallery flexslider\" data-speed=\"4000\" style=\"max-width:\">\n\t\t\t<ul class=\"slides\">\n\t\t\t\t\n\t\t\t\t\t<li>\n\t\t\t\t\t\t<img width=\"570\" height=\"570\" src=\"https:\/\/www.themethotel.gr\/wp-content\/uploads\/2017\/09\/chan_rest1.jpg\" class=\"attachment-full size-full\" alt=\"chan restaurant\" \/>\t\t\t\t\t<\/li>\n\n\t\t\t\t\n\t\t\t\t\t<li>\n\t\t\t\t\t\t<img width=\"570\" height=\"570\" src=\"https:\/\/www.themethotel.gr\/wp-content\/uploads\/2017\/09\/chan_rest3.jpg\" class=\"attachment-full size-full\" alt=\"chan restaurant\" \/>\t\t\t\t\t<\/li>\n\n\t\t\t\t\n\t\t\t\t\t<li>\n\t\t\t\t\t\t<img width=\"570\" height=\"570\" src=\"https:\/\/www.themethotel.gr\/wp-content\/uploads\/2017\/09\/chan_rest2.jpg\" class=\"attachment-full size-full\" alt=\"\" \/>\t\t\t\t\t<\/li>\n\n\t\t\t\t\t\t\t<\/ul>\n\t\t<\/div>\n\t<\/div><!-- \/.lpb-page-item -->\n<div class=\"lpb-col-6 lpb-page-item has-bg\" id=\"resttext4\"><!-- .lpb-page-item -->\n\n<div class=\"lpb-item-column\" >\n\t<div class=\"lpb-item-content\"><h3><a href=\"http:\/\/www.themethotel.gr\/fr\/chan-restaurant\/\">Chan Restaurant<\/a><\/h3>\n<p class=\"dining-details\">Afin de pr\u00e9senter le meilleur de l\u2019innovation asiatique \u00e0 la ville de Thessalonique, le <strong>restaurant Chan<\/strong> de THE MET HOTEL a \u00e9t\u00e9 con\u00e7u par le bureau d\u2019architectes, bas\u00e9 \u00e0 Londres, Andy Martin &amp; Associates.<\/p>\n<div class=\"actions\"><a href=\"http:\/\/www.themethotel.gr\/fr\/chan-restaurant\/\" class=\"mybtn rooms\">Read More<\/a><\/div>\n<\/div>\n<\/div>\n<\/div><!-- \/.lpb-page-item -->\n\n<\/div><!-- \/.lpb-row -->\n<\/div><!-- \/.lpb-container -->\n<\/div><!-- \/.lpb-page-row -->\n\n<div class=\"lpb-page-row\"><!-- .lpb-page-row -->\n<div class=\"lpb-container\"><!-- .lpb-container -->\n<div class=\"lpb-row\"><!-- .lpb-row -->\n\n<div class=\"lpb-col-6 lpb-page-item has-bg\" id=\"image5\"><!-- .lpb-page-item -->\n\n<div class=\"lpb-item-image alignment-center\">\n\t\n\t<img width=\"570\" height=\"570\" src=\"https:\/\/www.themethotel.gr\/wp-content\/uploads\/2017\/09\/chan_bar_im.jpg\" class=\"attachment-full size-full\" alt=\"chan bar\" srcset=\"https:\/\/www.themethotel.gr\/wp-content\/uploads\/2017\/09\/chan_bar_im.jpg 570w, https:\/\/www.themethotel.gr\/wp-content\/uploads\/2017\/09\/chan_bar_im-150x150.jpg 150w, https:\/\/www.themethotel.gr\/wp-content\/uploads\/2017\/09\/chan_bar_im-300x300.jpg 300w, https:\/\/www.themethotel.gr\/wp-content\/uploads\/2017\/09\/chan_bar_im-85x85.jpg 85w, https:\/\/www.themethotel.gr\/wp-content\/uploads\/2017\/09\/chan_bar_im-320x320.jpg 320w\" sizes=\"(max-width: 570px) 100vw, 570px\" \/>\n\t\n<\/div>\n<\/div><!-- \/.lpb-page-item -->\n<div class=\"lpb-col-6 lpb-page-item has-bg\" id=\"resttext5\"><!-- .lpb-page-item -->\n\n<div class=\"lpb-item-column\" >\n\t<div class=\"lpb-item-content\"><h3><a href=\"http:\/\/www.themethotel.gr\/fr\/chan-bar\/\">Chan Bar<\/a><\/h3>\n<p class=\"dining-details\">Am\u00e9nag\u00e9 avec \u00e9l\u00e9gance dans un design de pointe, le <strong>bar Chan<\/strong> au THE MET HOTEL est le choix id\u00e9al pour se d\u00e9tendre en savourant votre verre pr\u00e9f\u00e9r\u00e9 ou un cocktail, dans une ambiance cosmopolite.<\/p>\n<div class=\"actions\"><a href=\"http:\/\/www.themethotel.gr\/fr\/chan-bar\/\" class=\"mybtn rooms\">Read More<\/a><\/div>\n<\/div>\n<\/div>\n<\/div><!-- \/.lpb-page-item -->\n\n<\/div><!-- \/.lpb-row -->\n<\/div><!-- \/.lpb-container -->\n<\/div><!-- \/.lpb-page-row -->\n\n<div class=\"lpb-page-row\"><!-- .lpb-page-row -->\n<div class=\"lpb-container\"><!-- .lpb-container -->\n<div class=\"lpb-row\"><!-- .lpb-row -->\n\n<div class=\"lpb-col-6 lpb-page-item has-bg\" id=\"image6\"><!-- .lpb-page-item -->\n\n<div class=\"lpb-item-image alignment-center\">\n\t\n\t<img width=\"570\" height=\"570\" src=\"https:\/\/www.themethotel.gr\/wp-content\/uploads\/2017\/09\/InRoomDining.jpg\" class=\"attachment-full size-full\" alt=\"\" srcset=\"https:\/\/www.themethotel.gr\/wp-content\/uploads\/2017\/09\/InRoomDining.jpg 570w, https:\/\/www.themethotel.gr\/wp-content\/uploads\/2017\/09\/InRoomDining-150x150.jpg 150w, https:\/\/www.themethotel.gr\/wp-content\/uploads\/2017\/09\/InRoomDining-300x300.jpg 300w, https:\/\/www.themethotel.gr\/wp-content\/uploads\/2017\/09\/InRoomDining-85x85.jpg 85w, https:\/\/www.themethotel.gr\/wp-content\/uploads\/2017\/09\/InRoomDining-320x320.jpg 320w\" sizes=\"(max-width: 570px) 100vw, 570px\" \/>\n\t\n<\/div>\n<\/div><!-- \/.lpb-page-item -->\n<div class=\"lpb-col-6 lpb-page-item has-bg\" id=\"resttext6\"><!-- .lpb-page-item -->\n\n<div class=\"lpb-item-column\" >\n\t<div class=\"lpb-item-content\"><h3><a href=\"http:\/\/www.themethotel.gr\/fr\/in-room-dining\/\">Se restaurer dans la chambre<\/a><\/h3>\n<p class=\"dining-details\">The Met Hotel vous offre la possibilit\u00e9 de prendre votre <strong>repas dans votre chambre<\/strong>. Le service est valable en journ\u00e9e moyennant un suppl\u00e9ment de 5\u20ac par commande. De plus, l'h\u00f4tel vous offre la possibilit\u00e9 de profiter de votre petit-d\u00e9jeuner dans un forfait sp\u00e9cial \u00e0 emporter sans aucun frais.<\/p>\n<div class=\"actions\"><a href=\"http:\/\/www.themethotel.gr\/fr\/in-room-dining\/\" class=\"mybtn rooms\">Read More<\/a><\/div>\n<\/div>\n<\/div>\n<\/div><!-- \/.lpb-page-item -->\n<\/div><!-- \/.lpb-row -->\n<\/div><!-- \/.lpb-container -->\n<\/div><!-- \/.lpb-page-row -->\n\n<\/div><!-- \/.lpb-section -->\n\n","protected":false},"excerpt":{"rendered":"<p>DES INNOVATIONS CULINAIRES DANS UN D\u00c9COR \u00c9L\u00c9GANT Dans une ambiance d\u00e9tendue d\u2019\u00e9l\u00e9gance d\u00e9contract\u00e9e, les h\u00f4tes de THE MET HOTEL ont l\u2019occasion remarquable de d\u00e9guster des saveurs de la cuisine grecque cr\u00e9ative et asiatique contemporaine, pr\u00e9par\u00e9es par notre personnel sp\u00e9cialis\u00e9, \u00e0 base des ingr\u00e9dients les meilleurs. Des plats gourmets qui mettent l\u2019accent sur la cr\u00e9ativit\u00e9, l\u2019innovation [&hellip;]<\/p>\n","protected":false},"author":1,"featured_media":0,"parent":0,"menu_order":0,"comment_status":"closed","ping_status":"closed","template":"","meta":{"_acf_changed":false,"footnotes":""},"class_list":["post-2580","page","type-page","status-publish","hentry"],"acf":[],"yoast_head":"<!-- This site is optimized with the Yoast SEO plugin v26.3 - https:\/\/yoast.com\/wordpress\/plugins\/seo\/ -->\n<title>Dining | Hotel | Thessaloniki | The Met Hotel<\/title>\n<meta name=\"description\" content=\"In a relaxed atmosphere of casual sophistication, MET HOTEL guests have a great opportunity to sample creative Greek and contemporary Asian delicacies prepared by our dedicated staff using only the finest ingredients.\" \/>\n<meta name=\"robots\" content=\"index, follow, max-snippet:-1, max-image-preview:large, max-video-preview:-1\" \/>\n<link rel=\"canonical\" href=\"https:\/\/www.themethotel.gr\/eat-drink\/\" \/>\n<meta property=\"og:locale\" content=\"fr_FR\" \/>\n<meta property=\"og:type\" content=\"article\" \/>\n<meta property=\"og:title\" content=\"Dining | Hotel | Thessaloniki | The Met Hotel\" \/>\n<meta property=\"og:description\" content=\"In a relaxed atmosphere of casual sophistication, MET HOTEL guests have a great opportunity to sample creative Greek and contemporary Asian delicacies prepared by our dedicated staff using only the finest ingredients.\" \/>\n<meta property=\"og:url\" content=\"https:\/\/www.themethotel.gr\/eat-drink\/\" \/>\n<meta property=\"og:site_name\" content=\"The Met Hotel\" \/>\n<meta property=\"article:modified_time\" content=\"2022-11-11T10:06:16+00:00\" \/>\n<meta name=\"twitter:card\" content=\"summary_large_image\" \/>\n<meta name=\"twitter:label1\" content=\"Dur\u00e9e de lecture estim\u00e9e\" \/>\n\t<meta name=\"twitter:data1\" content=\"2 minutes\" \/>\n<script type=\"application\/ld+json\" class=\"yoast-schema-graph\">{\"@context\":\"https:\/\/schema.org\",\"@graph\":[{\"@type\":\"WebPage\",\"@id\":\"https:\/\/www.themethotel.gr\/eat-drink\/\",\"url\":\"https:\/\/www.themethotel.gr\/eat-drink\/\",\"name\":\"Dining | Hotel | Thessaloniki | The Met Hotel\",\"isPartOf\":{\"@id\":\"https:\/\/www.themethotel.gr\/#website\"},\"datePublished\":\"2017-09-26T11:03:07+00:00\",\"dateModified\":\"2022-11-11T10:06:16+00:00\",\"description\":\"In a relaxed atmosphere of casual sophistication, MET HOTEL guests have a great opportunity to sample creative Greek and contemporary Asian delicacies prepared by our dedicated staff using only the finest ingredients.\",\"breadcrumb\":{\"@id\":\"https:\/\/www.themethotel.gr\/eat-drink\/#breadcrumb\"},\"inLanguage\":\"fr-FR\",\"potentialAction\":[{\"@type\":\"ReadAction\",\"target\":[\"https:\/\/www.themethotel.gr\/eat-drink\/\"]}]},{\"@type\":\"BreadcrumbList\",\"@id\":\"https:\/\/www.themethotel.gr\/eat-drink\/#breadcrumb\",\"itemListElement\":[{\"@type\":\"ListItem\",\"position\":1,\"name\":\"Home\",\"item\":\"https:\/\/www.themethotel.gr\/fr\/\"},{\"@type\":\"ListItem\",\"position\":2,\"name\":\"Restauration\"}]},{\"@type\":\"WebSite\",\"@id\":\"https:\/\/www.themethotel.gr\/#website\",\"url\":\"https:\/\/www.themethotel.gr\/\",\"name\":\"The Met Hotel\",\"description\":\"Business Hotel in Greece\",\"publisher\":{\"@id\":\"https:\/\/www.themethotel.gr\/#organization\"},\"potentialAction\":[{\"@type\":\"SearchAction\",\"target\":{\"@type\":\"EntryPoint\",\"urlTemplate\":\"https:\/\/www.themethotel.gr\/?s={search_term_string}\"},\"query-input\":{\"@type\":\"PropertyValueSpecification\",\"valueRequired\":true,\"valueName\":\"search_term_string\"}}],\"inLanguage\":\"fr-FR\"},{\"@type\":\"Organization\",\"@id\":\"https:\/\/www.themethotel.gr\/#organization\",\"name\":\"The Met Hotel\",\"url\":\"https:\/\/www.themethotel.gr\/\",\"logo\":{\"@type\":\"ImageObject\",\"inLanguage\":\"fr-FR\",\"@id\":\"https:\/\/www.themethotel.gr\/#\/schema\/logo\/image\/\",\"url\":\"https:\/\/www.themethotel.gr\/wp-content\/uploads\/2017\/09\/logo3.jpg\",\"contentUrl\":\"https:\/\/www.themethotel.gr\/wp-content\/uploads\/2017\/09\/logo3.jpg\",\"width\":266,\"height\":135,\"caption\":\"The Met Hotel\"},\"image\":{\"@id\":\"https:\/\/www.themethotel.gr\/#\/schema\/logo\/image\/\"}}]}<\/script>\n<!-- \/ Yoast SEO plugin. -->","yoast_head_json":{"title":"Dining | Hotel | Thessaloniki | The Met Hotel","description":"In a relaxed atmosphere of casual sophistication, MET HOTEL guests have a great opportunity to sample creative Greek and contemporary Asian delicacies prepared by our dedicated staff using only the finest ingredients.","robots":{"index":"index","follow":"follow","max-snippet":"max-snippet:-1","max-image-preview":"max-image-preview:large","max-video-preview":"max-video-preview:-1"},"canonical":"https:\/\/www.themethotel.gr\/eat-drink\/","og_locale":"fr_FR","og_type":"article","og_title":"Dining | Hotel | Thessaloniki | The Met Hotel","og_description":"In a relaxed atmosphere of casual sophistication, MET HOTEL guests have a great opportunity to sample creative Greek and contemporary Asian delicacies prepared by our dedicated staff using only the finest ingredients.","og_url":"https:\/\/www.themethotel.gr\/eat-drink\/","og_site_name":"The Met Hotel","article_modified_time":"2022-11-11T10:06:16+00:00","twitter_card":"summary_large_image","twitter_misc":{"Dur\u00e9e de lecture estim\u00e9e":"2 minutes"},"schema":{"@context":"https:\/\/schema.org","@graph":[{"@type":"WebPage","@id":"https:\/\/www.themethotel.gr\/eat-drink\/","url":"https:\/\/www.themethotel.gr\/eat-drink\/","name":"Dining | Hotel | Thessaloniki | The Met Hotel","isPartOf":{"@id":"https:\/\/www.themethotel.gr\/#website"},"datePublished":"2017-09-26T11:03:07+00:00","dateModified":"2022-11-11T10:06:16+00:00","description":"In a relaxed atmosphere of casual sophistication, MET HOTEL guests have a great opportunity to sample creative Greek and contemporary Asian delicacies prepared by our dedicated staff using only the finest ingredients.","breadcrumb":{"@id":"https:\/\/www.themethotel.gr\/eat-drink\/#breadcrumb"},"inLanguage":"fr-FR","potentialAction":[{"@type":"ReadAction","target":["https:\/\/www.themethotel.gr\/eat-drink\/"]}]},{"@type":"BreadcrumbList","@id":"https:\/\/www.themethotel.gr\/eat-drink\/#breadcrumb","itemListElement":[{"@type":"ListItem","position":1,"name":"Home","item":"https:\/\/www.themethotel.gr\/fr\/"},{"@type":"ListItem","position":2,"name":"Restauration"}]},{"@type":"WebSite","@id":"https:\/\/www.themethotel.gr\/#website","url":"https:\/\/www.themethotel.gr\/","name":"The Met Hotel","description":"Business Hotel in Greece","publisher":{"@id":"https:\/\/www.themethotel.gr\/#organization"},"potentialAction":[{"@type":"SearchAction","target":{"@type":"EntryPoint","urlTemplate":"https:\/\/www.themethotel.gr\/?s={search_term_string}"},"query-input":{"@type":"PropertyValueSpecification","valueRequired":true,"valueName":"search_term_string"}}],"inLanguage":"fr-FR"},{"@type":"Organization","@id":"https:\/\/www.themethotel.gr\/#organization","name":"The Met Hotel","url":"https:\/\/www.themethotel.gr\/","logo":{"@type":"ImageObject","inLanguage":"fr-FR","@id":"https:\/\/www.themethotel.gr\/#\/schema\/logo\/image\/","url":"https:\/\/www.themethotel.gr\/wp-content\/uploads\/2017\/09\/logo3.jpg","contentUrl":"https:\/\/www.themethotel.gr\/wp-content\/uploads\/2017\/09\/logo3.jpg","width":266,"height":135,"caption":"The Met Hotel"},"image":{"@id":"https:\/\/www.themethotel.gr\/#\/schema\/logo\/image\/"}}]}},"publishpress_future_action":{"enabled":false,"date":"2026-05-07 08:22:31","action":"change-status","newStatus":"draft","terms":[],"taxonomy":"translation_priority","extraData":[]},"publishpress_future_workflow_manual_trigger":{"enabledWorkflows":[]},"_links":{"self":[{"href":"https:\/\/www.themethotel.gr\/fr\/wp-json\/wp\/v2\/pages\/2580","targetHints":{"allow":["GET"]}}],"collection":[{"href":"https:\/\/www.themethotel.gr\/fr\/wp-json\/wp\/v2\/pages"}],"about":[{"href":"https:\/\/www.themethotel.gr\/fr\/wp-json\/wp\/v2\/types\/page"}],"author":[{"embeddable":true,"href":"https:\/\/www.themethotel.gr\/fr\/wp-json\/wp\/v2\/users\/1"}],"replies":[{"embeddable":true,"href":"https:\/\/www.themethotel.gr\/fr\/wp-json\/wp\/v2\/comments?post=2580"}],"version-history":[{"count":7,"href":"https:\/\/www.themethotel.gr\/fr\/wp-json\/wp\/v2\/pages\/2580\/revisions"}],"predecessor-version":[{"id":4386,"href":"https:\/\/www.themethotel.gr\/fr\/wp-json\/wp\/v2\/pages\/2580\/revisions\/4386"}],"wp:attachment":[{"href":"https:\/\/www.themethotel.gr\/fr\/wp-json\/wp\/v2\/media?parent=2580"}],"curies":[{"name":"wp","href":"https:\/\/api.w.org\/{rel}","templated":true}]}}