{"id":2686,"date":"2017-11-03T09:42:31","date_gmt":"2017-11-03T09:42:31","guid":{"rendered":"https:\/\/www.themethotel.gr\/location\/"},"modified":"2023-07-07T10:08:32","modified_gmt":"2023-07-07T08:08:32","slug":"location","status":"publish","type":"page","link":"https:\/\/www.themethotel.gr\/fr\/location\/","title":{"rendered":"Situation"},"content":{"rendered":"<div class=\"lpb-clear-section\"><\/div><!-- .lpb-clear-section -->\n\n<div class=\"lpb-section parallax-no text-dark row-stretch-full columns-gap-no-gap equal-height-no padding-top-no padding-bottom-no margin-bottom-no has-bg\" style=\"background-color:#ffffff;\" id=\"nopadding\" data-stretch=\"full\" data-x=\"50%\"><!-- .lpb-section -->\n\n<div class=\"lpb-page-row\"><!-- .lpb-page-row -->\n<div class=\"lpb-container\"><!-- .lpb-container -->\n<div class=\"lpb-row\"><!-- .lpb-row -->\n\n<div class=\"lpb-col-12 lpb-page-item has-bg\" id=\"mylocmap\"><!-- .lpb-page-item -->\n\n<div class=\"map-canvas-wrapper\" data-hue=\"#ffffff\" data-lat=\"40.640672\" data-lng=\"22.9206346\" data-zoom=\"17\" data-marker=\"marker-yes\">\n\n\t<div class=\"map-canvas normal\"><\/div>\n\n<\/div>\n<\/div><!-- \/.lpb-page-item -->\n\n<\/div><!-- \/.lpb-row -->\n<\/div><!-- \/.lpb-container -->\n<\/div><!-- \/.lpb-page-row -->\n\n<\/div><!-- \/.lpb-section -->\n\n<div class=\"lpb-section parallax-no text-dark row-stretch-boxed columns-gap-default equal-height-no padding-top-no padding-bottom-no margin-bottom-no has-bg\" style=\"background-color:#ffffff;\" id=\"location-intro-container\" data-stretch=\"full\" data-x=\"50%\"><!-- .lpb-section -->\n\n<div class=\"lpb-page-row\"><!-- .lpb-page-row -->\n<div class=\"lpb-container\"><!-- .lpb-container -->\n<div class=\"lpb-row\"><!-- .lpb-row -->\n\n<div class=\"lpb-col-12 lpb-page-item has-bg\" id=\"introcol\"><!-- .lpb-page-item -->\n\n<div class=\"lpb-item-column\" >\n\t<div class=\"lpb-item-content\"><h1 class=\"myintrotitle with-subtitle\">SITUATION<\/h1>\n<h2 class=\"subtitle\">SITU\u00c9 AU C\u0152UR DE TOUT\u00a0!<\/h2>\n<p>Situ\u00e9 dans le quartier du nouveau port de Thessalonique, un centre anim\u00e9 aux excellentes perspectives de d\u00e9veloppement, \u00e0 l\u2019entr\u00e9e ouest de la ville, le MET HOTEL est tout pr\u00e8s d\u2019une multitude de sites de divertissement, de culture et de vie nocturne, dont le centre commercial \u00ab\u00a0<strong>One Salonica<\/strong>\u00a0\u00bb qui offre des possibilit\u00e9s de restauration, un cin\u00e9ma multiplex, une plaine de jeux et d\u2019autres installations. \u00c0 une distance confortable du <strong>centre-ville<\/strong> (2km), des bureaux de la R\u00e9gion de Mac\u00e9doine centrale et de <strong>la gare des trains<\/strong>, l\u2019h\u00f4tel est le pied \u00e0 terre id\u00e9al pour les affaires, la visite de la ville et le shopping. Lors de votre s\u00e9jour, <strong>le mini-bus de l\u2019hotel est a votre disposition pour vos   transferre,  sans charges supplementaires,<\/strong> pour la place central, d\u2019Aristotle et vice versa.<\/p>\n<\/div>\n<\/div>\n<\/div><!-- \/.lpb-page-item -->\n\n<\/div><!-- \/.lpb-row -->\n<\/div><!-- \/.lpb-container -->\n<\/div><!-- \/.lpb-page-row -->\n\n<\/div><!-- \/.lpb-section -->\n\n<div class=\"lpb-section parallax-no text-dark row-stretch-default columns-gap-default equal-height-no padding-top-no padding-bottom-no margin-bottom-no has-bg\" style=\"background-color:#ffffff;\"  data-stretch=\"full\" data-x=\"50%\"><!-- .lpb-section -->\n\n<div class=\"lpb-page-row\"><!-- .lpb-page-row -->\n<div class=\"lpb-container\"><!-- .lpb-container -->\n<div class=\"lpb-row\"><!-- .lpb-row -->\n\n<div class=\"lpb-col-6 lpb-page-item has-bg\" id=\"image-labeled-1\"><!-- .lpb-page-item -->\n\n<div class=\"lpb-item-image-label has-link\">\n\t\t\t<a href=\"https:\/\/www.google.gr\/maps\/dir\/The+Met+Hotel,+26is+Oktovriou,+Thessaloniki\/Aristotelous+Square,+Thessaloniki\/\" target=\"_blank\">\n\t\n    <img width=\"555\" height=\"600\" src=\"https:\/\/www.themethotel.gr\/wp-content\/uploads\/2017\/11\/citycentre.jpg\" class=\"attachment-full size-full\" alt=\"\" srcset=\"https:\/\/www.themethotel.gr\/wp-content\/uploads\/2017\/11\/citycentre.jpg 555w, https:\/\/www.themethotel.gr\/wp-content\/uploads\/2017\/11\/citycentre-278x300.jpg 278w\" sizes=\"(max-width: 555px) 100vw, 555px\" \/>\n    \n        <div class=\"lpb-item-image-label-description\">\n\n                            <h2>CENTRE-VILLE<\/h2>\n            \n                            <span>Faites le tour du centre de Thessalonique et organisez des excursions sur les destinations proches. <\/span>\n            \n        <\/div>\n\n    \n\t\t\t<\/a>\n\t<\/div>\n<\/div><!-- \/.lpb-page-item -->\n<div class=\"lpb-col-6 lpb-page-item has-bg\" id=\"image-labeled-3\"><!-- .lpb-page-item -->\n\n<div class=\"lpb-item-image-label has-link\">\n\t\t\t<a href=\"https:\/\/www.google.gr\/maps\/dir\/The+Met+Hotel,+26is+Oktovriou,+Thessaloniki\/One+Salonica+Outlet+Mall,+Kotta+Roulia+10,+Thessaloniki+546+27\/@40.6431575,22.9167454,17z\/data=!3m1!4b1!4m13!4m12!1m5!1m1!1s0x14a8399d718a0d75:0xcfed2d07a0c5ebd5!2m2!1d22.9206346!2d40.640672!1m5!1m1!1s0x14a8399afb9da15b:0x76c6b120ad0dd006!2m2!1d22.9201841!2d40.6458708\" target=\"_blank\">\n\t\n    <img width=\"555\" height=\"600\" src=\"https:\/\/www.themethotel.gr\/wp-content\/uploads\/2017\/11\/onesalonica.jpg\" class=\"attachment-full size-full\" alt=\"\" srcset=\"https:\/\/www.themethotel.gr\/wp-content\/uploads\/2017\/11\/onesalonica.jpg 555w, https:\/\/www.themethotel.gr\/wp-content\/uploads\/2017\/11\/onesalonica-278x300.jpg 278w\" sizes=\"(max-width: 555px) 100vw, 555px\" \/>\n    \n        <div class=\"lpb-item-image-label-description\">\n\n                            <h2>ONE SALONICA OUTLET MALL<\/h2>\n            \n                            <span>Visitez le Centre commercial . Il s\u2019agit d\u2019une distance d\u2019\u00e0 peine 950m. <\/span>\n            \n        <\/div>\n\n    \n\t\t\t<\/a>\n\t<\/div>\n<\/div><!-- \/.lpb-page-item -->\n<\/div><!-- \/.lpb-row -->\n<\/div><!-- \/.lpb-container -->\n<\/div><!-- \/.lpb-page-row -->\n\n<\/div><!-- \/.lpb-section -->\n\n","protected":false},"excerpt":{"rendered":"<p>SITUATION SITU\u00c9 AU C\u0152UR DE TOUT\u00a0! Situ\u00e9 dans le quartier du nouveau port de Thessalonique, un centre anim\u00e9 aux excellentes perspectives de d\u00e9veloppement, \u00e0 l\u2019entr\u00e9e ouest de la ville, le MET HOTEL est tout pr\u00e8s d\u2019une multitude de sites de divertissement, de culture et de vie nocturne, dont le centre commercial \u00ab\u00a0One Salonica\u00a0\u00bb qui offre [&hellip;]<\/p>\n","protected":false},"author":1,"featured_media":0,"parent":0,"menu_order":0,"comment_status":"closed","ping_status":"closed","template":"","meta":{"_acf_changed":false,"footnotes":""},"class_list":["post-2686","page","type-page","status-publish","hentry"],"acf":[],"yoast_head":"<!-- This site is optimized with the Yoast SEO plugin v26.3 - https:\/\/yoast.com\/wordpress\/plugins\/seo\/ -->\n<title>Location | Hotel | Thessaloniki | The Met Hotel<\/title>\n<meta name=\"description\" content=\"Located in Thessaloniki\u2019s new harbor area, a bustling hub with great urban development prospects at the city\u2019s western entrance, the MET HOTEL is a stone\u2019s throw away from a host of trendy entertainment, cultural and nightlife hotspots.\" \/>\n<meta name=\"robots\" content=\"index, follow, max-snippet:-1, max-image-preview:large, max-video-preview:-1\" \/>\n<link rel=\"canonical\" href=\"https:\/\/www.themethotel.gr\/location\/\" \/>\n<meta property=\"og:locale\" content=\"fr_FR\" \/>\n<meta property=\"og:type\" content=\"article\" \/>\n<meta property=\"og:title\" content=\"Location | Hotel | Thessaloniki | The Met Hotel\" \/>\n<meta property=\"og:description\" content=\"Located in Thessaloniki\u2019s new harbor area, a bustling hub with great urban development prospects at the city\u2019s western entrance, the MET HOTEL is a stone\u2019s throw away from a host of trendy entertainment, cultural and nightlife hotspots.\" \/>\n<meta property=\"og:url\" content=\"https:\/\/www.themethotel.gr\/location\/\" \/>\n<meta property=\"og:site_name\" content=\"The Met Hotel\" \/>\n<meta property=\"article:modified_time\" content=\"2023-07-07T08:08:32+00:00\" \/>\n<meta name=\"twitter:card\" content=\"summary_large_image\" \/>\n<meta name=\"twitter:label1\" content=\"Dur\u00e9e de lecture estim\u00e9e\" \/>\n\t<meta name=\"twitter:data1\" content=\"1 minute\" \/>\n<script type=\"application\/ld+json\" class=\"yoast-schema-graph\">{\"@context\":\"https:\/\/schema.org\",\"@graph\":[{\"@type\":\"WebPage\",\"@id\":\"https:\/\/www.themethotel.gr\/location\/\",\"url\":\"https:\/\/www.themethotel.gr\/location\/\",\"name\":\"Location | Hotel | Thessaloniki | The Met Hotel\",\"isPartOf\":{\"@id\":\"https:\/\/www.themethotel.gr\/#website\"},\"datePublished\":\"2017-11-03T09:42:31+00:00\",\"dateModified\":\"2023-07-07T08:08:32+00:00\",\"description\":\"Located in Thessaloniki\u2019s new harbor area, a bustling hub with great urban development prospects at the city\u2019s western entrance, the MET HOTEL is a stone\u2019s throw away from a host of trendy entertainment, cultural and nightlife hotspots.\",\"breadcrumb\":{\"@id\":\"https:\/\/www.themethotel.gr\/location\/#breadcrumb\"},\"inLanguage\":\"fr-FR\",\"potentialAction\":[{\"@type\":\"ReadAction\",\"target\":[\"https:\/\/www.themethotel.gr\/location\/\"]}]},{\"@type\":\"BreadcrumbList\",\"@id\":\"https:\/\/www.themethotel.gr\/location\/#breadcrumb\",\"itemListElement\":[{\"@type\":\"ListItem\",\"position\":1,\"name\":\"Home\",\"item\":\"https:\/\/www.themethotel.gr\/fr\/\"},{\"@type\":\"ListItem\",\"position\":2,\"name\":\"Situation\"}]},{\"@type\":\"WebSite\",\"@id\":\"https:\/\/www.themethotel.gr\/#website\",\"url\":\"https:\/\/www.themethotel.gr\/\",\"name\":\"The Met Hotel\",\"description\":\"Business Hotel in Greece\",\"publisher\":{\"@id\":\"https:\/\/www.themethotel.gr\/#organization\"},\"potentialAction\":[{\"@type\":\"SearchAction\",\"target\":{\"@type\":\"EntryPoint\",\"urlTemplate\":\"https:\/\/www.themethotel.gr\/?s={search_term_string}\"},\"query-input\":{\"@type\":\"PropertyValueSpecification\",\"valueRequired\":true,\"valueName\":\"search_term_string\"}}],\"inLanguage\":\"fr-FR\"},{\"@type\":\"Organization\",\"@id\":\"https:\/\/www.themethotel.gr\/#organization\",\"name\":\"The Met Hotel\",\"url\":\"https:\/\/www.themethotel.gr\/\",\"logo\":{\"@type\":\"ImageObject\",\"inLanguage\":\"fr-FR\",\"@id\":\"https:\/\/www.themethotel.gr\/#\/schema\/logo\/image\/\",\"url\":\"https:\/\/www.themethotel.gr\/wp-content\/uploads\/2017\/09\/logo3.jpg\",\"contentUrl\":\"https:\/\/www.themethotel.gr\/wp-content\/uploads\/2017\/09\/logo3.jpg\",\"width\":266,\"height\":135,\"caption\":\"The Met Hotel\"},\"image\":{\"@id\":\"https:\/\/www.themethotel.gr\/#\/schema\/logo\/image\/\"}}]}<\/script>\n<!-- \/ Yoast SEO plugin. -->","yoast_head_json":{"title":"Location | Hotel | Thessaloniki | The Met Hotel","description":"Located in Thessaloniki\u2019s new harbor area, a bustling hub with great urban development prospects at the city\u2019s western entrance, the MET HOTEL is a stone\u2019s throw away from a host of trendy entertainment, cultural and nightlife hotspots.","robots":{"index":"index","follow":"follow","max-snippet":"max-snippet:-1","max-image-preview":"max-image-preview:large","max-video-preview":"max-video-preview:-1"},"canonical":"https:\/\/www.themethotel.gr\/location\/","og_locale":"fr_FR","og_type":"article","og_title":"Location | Hotel | Thessaloniki | The Met Hotel","og_description":"Located in Thessaloniki\u2019s new harbor area, a bustling hub with great urban development prospects at the city\u2019s western entrance, the MET HOTEL is a stone\u2019s throw away from a host of trendy entertainment, cultural and nightlife hotspots.","og_url":"https:\/\/www.themethotel.gr\/location\/","og_site_name":"The Met Hotel","article_modified_time":"2023-07-07T08:08:32+00:00","twitter_card":"summary_large_image","twitter_misc":{"Dur\u00e9e de lecture estim\u00e9e":"1 minute"},"schema":{"@context":"https:\/\/schema.org","@graph":[{"@type":"WebPage","@id":"https:\/\/www.themethotel.gr\/location\/","url":"https:\/\/www.themethotel.gr\/location\/","name":"Location | Hotel | Thessaloniki | The Met Hotel","isPartOf":{"@id":"https:\/\/www.themethotel.gr\/#website"},"datePublished":"2017-11-03T09:42:31+00:00","dateModified":"2023-07-07T08:08:32+00:00","description":"Located in Thessaloniki\u2019s new harbor area, a bustling hub with great urban development prospects at the city\u2019s western entrance, the MET HOTEL is a stone\u2019s throw away from a host of trendy entertainment, cultural and nightlife hotspots.","breadcrumb":{"@id":"https:\/\/www.themethotel.gr\/location\/#breadcrumb"},"inLanguage":"fr-FR","potentialAction":[{"@type":"ReadAction","target":["https:\/\/www.themethotel.gr\/location\/"]}]},{"@type":"BreadcrumbList","@id":"https:\/\/www.themethotel.gr\/location\/#breadcrumb","itemListElement":[{"@type":"ListItem","position":1,"name":"Home","item":"https:\/\/www.themethotel.gr\/fr\/"},{"@type":"ListItem","position":2,"name":"Situation"}]},{"@type":"WebSite","@id":"https:\/\/www.themethotel.gr\/#website","url":"https:\/\/www.themethotel.gr\/","name":"The Met Hotel","description":"Business Hotel in Greece","publisher":{"@id":"https:\/\/www.themethotel.gr\/#organization"},"potentialAction":[{"@type":"SearchAction","target":{"@type":"EntryPoint","urlTemplate":"https:\/\/www.themethotel.gr\/?s={search_term_string}"},"query-input":{"@type":"PropertyValueSpecification","valueRequired":true,"valueName":"search_term_string"}}],"inLanguage":"fr-FR"},{"@type":"Organization","@id":"https:\/\/www.themethotel.gr\/#organization","name":"The Met Hotel","url":"https:\/\/www.themethotel.gr\/","logo":{"@type":"ImageObject","inLanguage":"fr-FR","@id":"https:\/\/www.themethotel.gr\/#\/schema\/logo\/image\/","url":"https:\/\/www.themethotel.gr\/wp-content\/uploads\/2017\/09\/logo3.jpg","contentUrl":"https:\/\/www.themethotel.gr\/wp-content\/uploads\/2017\/09\/logo3.jpg","width":266,"height":135,"caption":"The Met Hotel"},"image":{"@id":"https:\/\/www.themethotel.gr\/#\/schema\/logo\/image\/"}}]}},"publishpress_future_action":{"enabled":false,"date":"2026-04-27 14:11:41","action":"change-status","newStatus":"draft","terms":[],"taxonomy":"translation_priority","extraData":[]},"publishpress_future_workflow_manual_trigger":{"enabledWorkflows":[]},"_links":{"self":[{"href":"https:\/\/www.themethotel.gr\/fr\/wp-json\/wp\/v2\/pages\/2686","targetHints":{"allow":["GET"]}}],"collection":[{"href":"https:\/\/www.themethotel.gr\/fr\/wp-json\/wp\/v2\/pages"}],"about":[{"href":"https:\/\/www.themethotel.gr\/fr\/wp-json\/wp\/v2\/types\/page"}],"author":[{"embeddable":true,"href":"https:\/\/www.themethotel.gr\/fr\/wp-json\/wp\/v2\/users\/1"}],"replies":[{"embeddable":true,"href":"https:\/\/www.themethotel.gr\/fr\/wp-json\/wp\/v2\/comments?post=2686"}],"version-history":[{"count":5,"href":"https:\/\/www.themethotel.gr\/fr\/wp-json\/wp\/v2\/pages\/2686\/revisions"}],"predecessor-version":[{"id":4626,"href":"https:\/\/www.themethotel.gr\/fr\/wp-json\/wp\/v2\/pages\/2686\/revisions\/4626"}],"wp:attachment":[{"href":"https:\/\/www.themethotel.gr\/fr\/wp-json\/wp\/v2\/media?parent=2686"}],"curies":[{"name":"wp","href":"https:\/\/api.w.org\/{rel}","templated":true}]}}