{"id":2789,"date":"2017-11-27T16:06:28","date_gmt":"2017-11-27T14:06:28","guid":{"rendered":"https:\/\/www.themethotel.gr\/hotel-details\/"},"modified":"2024-01-03T09:35:13","modified_gmt":"2024-01-03T07:35:13","slug":"hotel-details","status":"publish","type":"page","link":"https:\/\/www.themethotel.gr\/fr\/hotel-details\/","title":{"rendered":"Hotel Details"},"content":{"rendered":"<h1>THE MET HOTEL EN UN CLIN D\u2019\u0152IL <\/h1>\n<h5>D\u00c9TAILS DE L\u2019H\u00d4TEL<\/h5>\n<p class=\"myhotelname\">The Met Hotel<\/p>\n<ul class=\"mycontdet\">\n<li><i class=\"icon fa fa-map-marker\"><\/i><span class=\"contdetspan\">48, rue 26 Oktovriou, 546 27 Thessalonique<\/span><\/li>\n<li><i class=\"icon fa fa-phone\"><\/i><span class=\"contdetspan\">+30 2310 017 000<\/span><\/li>\n<li><i class=\"icon fa fa-fax\"><\/i><span class=\"contdetspan\">+30 2310 017 100<\/span><\/li>\n<li><a href=\"mailto:themethotel@chandris.gr\"><i class=\"icon fa fa-envelope-o\"><\/i><span class=\"contdetspan\">themethotel@chandris.gr<\/span><\/a><\/li>\n<\/ul>\n<h5 class=\"mytopmargin\">SECTION R\u00c9SERVATIONS<\/h5>\n<ul class=\"mycontdet\">\n<li><i class=\"icon fa fa-phone\"><\/i><span class=\"contdetspan\">+30 2310 017 082<\/span><\/li>\n<\/ul>\n<h5>INFORMATIONS CONCERNANT L\u2019ARRIV\u00c9E<\/h5>\n<p>Enregistrement: 15:00<br \/>\nD\u00e9part: 11:00\n<\/p>\n<h5 class=\"mytopmargin\">ACC\u00c8S INTERNET<\/h5>\n<p>L\u2019acc\u00e8s internet est gratuit, dans toutes les chambres et les locaux communs<\/p>\n<h5 class=\"mytopmargin\">PARKING<\/h5>\n<p>Parking souterrain (200 places)<br \/>\nStation de chargement de v\u00e9hicules \u00e9lectriques<br \/>\nService d\u2019assistant parking<\/p>\n\t\t\t\t\t\t<style>\r\n\t\t\t\t<style>\r\n#wpsm_accordion_2795 .wpsm_panel-heading{\r\n\tpadding:0px !important;\r\n}\r\n#wpsm_accordion_2795 .wpsm_panel-title {\r\n\tmargin:0px !important; \r\n\ttext-transform:none !important;\r\n\tline-height: 1 !important;\r\n}\r\n#wpsm_accordion_2795 .wpsm_panel-title a{\r\n\ttext-decoration:none;\r\n\toverflow:hidden;\r\n\tdisplay:block;\r\n\tpadding:0px;\r\n\tfont-size: 16px !important;\r\n\tfont-family: Open Sans !important;\r\n\tcolor:#292b2c !important;\r\n\tborder-bottom:0px !important;\r\n}\r\n\r\n#wpsm_accordion_2795 .wpsm_panel-title a:focus {\r\noutline: 0px !important;\r\n}\r\n\r\n#wpsm_accordion_2795 .wpsm_panel-title a:hover, #wpsm_accordion_2795 .wpsm_panel-title a:focus {\r\n\tcolor:#292b2c !important;\r\n}\r\n#wpsm_accordion_2795 .acc-a{\r\n\tcolor: #292b2c !important;\r\n\tbackground-color:#e8e8e8 !important;\r\n\tborder-color: #ddd;\r\n}\r\n#wpsm_accordion_2795 .wpsm_panel-default > .wpsm_panel-heading{\r\n\tcolor: #292b2c !important;\r\n\tbackground-color: #e8e8e8 !important;\r\n\tborder-color: #e8e8e8 !important;\r\n\tborder-top-left-radius: 0px;\r\n\tborder-top-right-radius: 0px;\r\n}\r\n#wpsm_accordion_2795 .wpsm_panel-default {\r\n\t\tborder:1px solid transparent !important;\r\n\t}\r\n#wpsm_accordion_2795 {\r\n\tmargin-bottom: 20px;\r\n\toverflow: hidden;\r\n\tfloat: none;\r\n\twidth: 100%;\r\n\tdisplay: block;\r\n}\r\n#wpsm_accordion_2795 .ac_title_class{\r\n\tdisplay: block;\r\n\tpadding-top: 12px;\r\n\tpadding-bottom: 12px;\r\n\tpadding-left: 15px;\r\n\tpadding-right: 15px;\r\n}\r\n#wpsm_accordion_2795  .wpsm_panel {\r\n\toverflow:hidden;\r\n\t-webkit-box-shadow: 0 0px 0px rgba(0, 0, 0, .05);\r\n\tbox-shadow: 0 0px 0px rgba(0, 0, 0, .05);\r\n\t\t\tborder-radius: 0px;\r\n\t}\r\n#wpsm_accordion_2795  .wpsm_panel + .wpsm_panel {\r\n\t\tmargin-top: 5px;\r\n\t}\r\n#wpsm_accordion_2795  .wpsm_panel-body{\r\n\tbackground-color:#ffffff !important;\r\n\tcolor:#292b2c !important;\r\n\tborder-top-color: #e8e8e8 !important;\r\n\tfont-size:14px !important;\r\n\tfont-family: Open Sans !important;\r\n\toverflow: hidden;\r\n\t\tborder: 2px solid transparent !important;\r\n\t}\r\n\r\n#wpsm_accordion_2795 .ac_open_cl_icon{\r\n\tbackground-color:#e8e8e8 !important;\r\n\tcolor: #292b2c !important;\r\n\tfloat:left !important;\r\n\tpadding-top: 12px !important;\r\n\tpadding-bottom: 12px !important;\r\n\tline-height: 1.0 !important;\r\n\tpadding-left: 15px !important;\r\n\tpadding-right: 15px !important;\r\n\tdisplay: inline-block !important;\r\n}\r\n\r\n\t\t\t\r\n\t\t\t<\/style>\t\r\n\t\t\t<\/style>\r\n\t\t\t<div class=\"wpsm_panel-group\" id=\"wpsm_accordion_2795\" >\r\n\t\t\t\t\t\t\t\t\r\n\t\t\t\t\t<!-- Inner panel Start -->\r\n\t\t\t\t\t<div class=\"wpsm_panel wpsm_panel-default\">\r\n\t\t\t\t\t\t<div class=\"wpsm_panel-heading\" role=\"tab\" >\r\n\t\t\t\t\t\t  <h4 class=\"wpsm_panel-title\">\r\n\t\t\t\t\t\t\t<a  class=\"\"  data-toggle=\"collapse\" data-parent=\"#wpsm_accordion_2795 \" href=\"javascript:void(0)\" data-target=\"#ac_2795_collapse1\" onclick=\"do_resize()\">\r\n\t\t\t\t\t\t\t\t\t\t\t\t\t\t\t\t\t<span class=\"ac_open_cl_icon fa fa-minus\"><\/span>\r\n\t\t\t\t\t\t\t\t\t\r\n\t\t\t\t\t\t\t\t \r\n\t\t\t\t\t\t\t\t<span class=\"ac_title_class\">\r\n\t\t\t\t\t\t\t\t\t\t\t\t\t\t\t\t\t\t\t\t<span style=\"margin-right:6px;\" class=\"fa fa-users\"><\/span>\r\n\t\t\t\t\t\t\t\t\tSERVICES &amp; PRESTATIONS\t\t\t\t\t\t\t\t<\/span>\r\n\t\t\t\t\t\t\t<\/a>\r\n\t\t\t\t\t\t  <\/h4>\r\n\t\t\t\t\t\t<\/div>\r\n\t\t\t\t\t\t<div id=\"ac_2795_collapse1\" class=\"wpsm_panel-collapse collapse in\"  >\r\n\t\t\t\t\t\t  <div class=\"wpsm_panel-body\">\r\n\t\t\t\t\t\t\t<div class=\"lpb-col-6\">\r\n\t\t\t<ul>\r\n\t\t\t\t<li>Station de chargement de v\u00e9hicules \u00e9lectriques<\/li>\r\n\t\t\t\t<li>Service gratuit de transfert \u00e0 destination\/au d\u00e9part du centre-ville en bus<\/li>\r\n\t\t\t\t<li>TV haute d\u00e9finition avec cha\u00eenes satellite et abonnements<\/li>\r\n\t\t\t\t<li>Centre Affaires<\/li>\r\n\t\t\t\t<li>Service de chambre<\/li>\r\n\t\t\t\t<li>Service de r\u00e9ception 24h\/24<\/li>\r\n\t\t\t\t<li>Local de consigne des bagages<\/li>\r\n\t\t\t\t<li>Service r\u00e9veil<\/li>\r\n\t\t\t\t<li>Service de garde des enfants<\/li>\r\n\t\t\t<\/ul>\r\n\t\t<\/div>\r\n\t\t<div class=\"lpb-col-6\">\r\n\t\t\t<ul>\r\n\t\t\t\t<li>Chambres non fumeurs<\/li>\r\n\t\t\t\t<li>Locaux accessibles par les personnes handicap\u00e9es<\/li>\r\n\t\t\t\t<li>Salon de coiffure avec services manucure et p\u00e9dicure<\/li>\r\n\t\t\t\t<li>Magazines et journaux internationaux gracieusement \u00e0 votre disposition, tous les jours<\/li>\r\n\t\t\t\t<li>Arrangement floral<\/li>\r\n\t\t\t\t<li>Location auto<\/li>\r\n\t\t\t\t<li>Service de concierge<\/li>\r\n\t\t\t\t<li>AMMON EXPRESS agence d\u2019excursions<\/li>\r\n\t\t\t\t<li>Soins pour animaux de compagnie<\/li>\r\n\t\t\t<\/ul>\r\n\t\t<\/div>\t\t\t\t\t\t  <\/div>\r\n\t\t\t\t\t\t<\/div>\r\n\t\t\t\t\t<\/div>\r\n\t\t\t\t\t<!-- Inner panel End -->\r\n\t\t\t\t\t\r\n\t\t\t\t\t\t\t\t\r\n\t\t\t\t\t<!-- Inner panel Start -->\r\n\t\t\t\t\t<div class=\"wpsm_panel wpsm_panel-default\">\r\n\t\t\t\t\t\t<div class=\"wpsm_panel-heading\" role=\"tab\" >\r\n\t\t\t\t\t\t  <h4 class=\"wpsm_panel-title\">\r\n\t\t\t\t\t\t\t<a  class=\"collapsed\"  data-toggle=\"collapse\" data-parent=\"#wpsm_accordion_2795 \" href=\"javascript:void(0)\" data-target=\"#ac_2795_collapse2\" onclick=\"do_resize()\">\r\n\t\t\t\t\t\t\t\t\t\t\t\t\t\t\t\t\t<span class=\"ac_open_cl_icon fa fa-plus\"><\/span>\r\n\t\t\t\t\t\t\t\t\t\r\n\t\t\t\t\t\t\t\t \r\n\t\t\t\t\t\t\t\t<span class=\"ac_title_class\">\r\n\t\t\t\t\t\t\t\t\t\t\t\t\t\t\t\t\t\t\t\t<span style=\"margin-right:6px;\" class=\"fa fa-bed\"><\/span>\r\n\t\t\t\t\t\t\t\t\tINFORMATIONS CONCERNANT LES CHAMBRES\t\t\t\t\t\t\t\t<\/span>\r\n\t\t\t\t\t\t\t<\/a>\r\n\t\t\t\t\t\t  <\/h4>\r\n\t\t\t\t\t\t<\/div>\r\n\t\t\t\t\t\t<div id=\"ac_2795_collapse2\" class=\"wpsm_panel-collapse collapse \"  >\r\n\t\t\t\t\t\t  <div class=\"wpsm_panel-body\">\r\n\t\t\t\t\t\t\t<div class=\"lpb-col-6\">\r\n\t\t\t<ul>\r\n\t\t\t\t<li>TV haute d\u00e9finition 32'\u2019 avec cha\u00eenes satellite<\/li>\r\n\t\t\t\t<li>Carte-cl\u00e9 \u00e0 la pointe de la technologie pour les chambres<\/li>\r\n\t\t\t\t<li>Acc\u00e8s internet large bande<\/li>\r\n\t\t\t\t<li>Matelas \u00e9cologiques coco mat et surmatelas duvet<\/li>\r\n\t\t\t\t<li>Coussins COCO MAT<\/li>\r\n\t\t\t\t<li>Produits de soins personnels de marque<\/li>\r\n\t\t\t\t<li>Baignoire ou douche<\/li>\r\n\t\t\t\t<li>Sorties de bain et chaussons<\/li>\r\n\t\t\t\t<li>S\u00e8che-cheveux<\/li>\r\n\t\t\t<\/ul>\r\n\t\t<\/div>\r\n\t\t<div class=\"lpb-col-6\">\r\n\t\t\t<ul>\r\n\t\t\t\t<li>Coffre-fort num\u00e9rique de la taille d\u2019un ordinateur portable<\/li>\r\n\t\t\t\t<li>Ligne t\u00e9l\u00e9phonique directe avec r\u00e9pondeur et touches intelligentes<\/li>\r\n\t\t\t\t<li>Bureau<\/li>\r\n\t\t\t\t<li>Balcon<\/li>\r\n\t\t\t\t<li>Minibar<\/li>\r\n\t\t\t\t<li>T\u00e9l\u00e9phone dans la chambre<\/li>\r\n\t\t\t\t<li>Climatisation autonome<\/li>\r\n\t\t\t\t<li>Service d\u2019entretien de chambre quotidien<\/li>\r\n\t\t\t\t<li>Lits pour enfants<\/li>\r\n\t\t\t\t<li>Service blanchisserie<\/li>\r\n\t\t\t<\/ul>\r\n\t\t<\/div>\t\t\t\t\t\t  <\/div>\r\n\t\t\t\t\t\t<\/div>\r\n\t\t\t\t\t<\/div>\r\n\t\t\t\t\t<!-- Inner panel End -->\r\n\t\t\t\t\t\r\n\t\t\t\t\t\t\t\t\r\n\t\t\t\t\t<!-- Inner panel Start -->\r\n\t\t\t\t\t<div class=\"wpsm_panel wpsm_panel-default\">\r\n\t\t\t\t\t\t<div class=\"wpsm_panel-heading\" role=\"tab\" >\r\n\t\t\t\t\t\t  <h4 class=\"wpsm_panel-title\">\r\n\t\t\t\t\t\t\t<a  class=\"collapsed\"  data-toggle=\"collapse\" data-parent=\"#wpsm_accordion_2795 \" href=\"javascript:void(0)\" data-target=\"#ac_2795_collapse3\" onclick=\"do_resize()\">\r\n\t\t\t\t\t\t\t\t\t\t\t\t\t\t\t\t\t<span class=\"ac_open_cl_icon fa fa-plus\"><\/span>\r\n\t\t\t\t\t\t\t\t\t\r\n\t\t\t\t\t\t\t\t \r\n\t\t\t\t\t\t\t\t<span class=\"ac_title_class\">\r\n\t\t\t\t\t\t\t\t\t\t\t\t\t\t\t\t\t\t\t\t<span style=\"margin-right:6px;\" class=\"fa fa-cutlery\"><\/span>\r\n\t\t\t\t\t\t\t\t\tRESTAURANTS\t\t\t\t\t\t\t\t<\/span>\r\n\t\t\t\t\t\t\t<\/a>\r\n\t\t\t\t\t\t  <\/h4>\r\n\t\t\t\t\t\t<\/div>\r\n\t\t\t\t\t\t<div id=\"ac_2795_collapse3\" class=\"wpsm_panel-collapse collapse \"  >\r\n\t\t\t\t\t\t  <div class=\"wpsm_panel-body\">\r\n\t\t\t\t\t\t\t<div class=\"lpb-col-12\">\r\n\t\t\t<ul>\r\n\t\t\t\t<li>Avenue 48<\/li>\r\n\t\t\t\t<li>Restaurant et Bar Chan<\/li>\r\n\t\t\t\t<li>Sky Bar<\/li>\r\n\t\t\t\t<li>The Long Bar<\/li>\r\n\t\t\t<\/ul>\r\n\t\t<\/div>\r\n\t\t<div class=\"lpb-col-12\">\r\n\t\t\t<span>Veuillez visiter la page <a href=\"http:\/\/www.themethotel.gr\/fr\/eat-drink\/\">\u00ab Restaurants \u00bb<\/a> pour en savoir plus<\/span>\r\n\t\t<\/div>\t\t\t\t\t\t  <\/div>\r\n\t\t\t\t\t\t<\/div>\r\n\t\t\t\t\t<\/div>\r\n\t\t\t\t\t<!-- Inner panel End -->\r\n\t\t\t\t\t\r\n\t\t\t\t\t\t\t\t\r\n\t\t\t\t\t<!-- Inner panel Start -->\r\n\t\t\t\t\t<div class=\"wpsm_panel wpsm_panel-default\">\r\n\t\t\t\t\t\t<div class=\"wpsm_panel-heading\" role=\"tab\" >\r\n\t\t\t\t\t\t  <h4 class=\"wpsm_panel-title\">\r\n\t\t\t\t\t\t\t<a  class=\"collapsed\"  data-toggle=\"collapse\" data-parent=\"#wpsm_accordion_2795 \" href=\"javascript:void(0)\" data-target=\"#ac_2795_collapse4\" onclick=\"do_resize()\">\r\n\t\t\t\t\t\t\t\t\t\t\t\t\t\t\t\t\t<span class=\"ac_open_cl_icon fa fa-plus\"><\/span>\r\n\t\t\t\t\t\t\t\t\t\r\n\t\t\t\t\t\t\t\t \r\n\t\t\t\t\t\t\t\t<span class=\"ac_title_class\">\r\n\t\t\t\t\t\t\t\t\t\t\t\t\t\t\t\t\t\t\t\t<span style=\"margin-right:6px;\" class=\"fa fa-car\"><\/span>\r\n\t\t\t\t\t\t\t\t\tTRANSPORT\t\t\t\t\t\t\t\t<\/span>\r\n\t\t\t\t\t\t\t<\/a>\r\n\t\t\t\t\t\t  <\/h4>\r\n\t\t\t\t\t\t<\/div>\r\n\t\t\t\t\t\t<div id=\"ac_2795_collapse4\" class=\"wpsm_panel-collapse collapse \"  >\r\n\t\t\t\t\t\t  <div class=\"wpsm_panel-body\">\r\n\t\t\t\t\t\t\t<div class=\"lpb-col-12\">\r\n<span class=\"mytransporttitle\">A\u00e9roport international de Thessalonique \u00ab Makedonia \u00bb<\/span>\r\n<p>En taxi : 30-40 minutes<br>\r\n<a href=\"https:\/\/www.google.gr\/maps\/dir\/The+Met+Hotel,+26is+Oktovriou+48,+Thessaloniki+546+27\/Thessaloniki+Airport+Makedonia+(SKG),+Ethniki+Odos+Aerodromiou+Thessalonikis,+Thessaloniki\/\" target=\"_blank\">INSTRUCTIONS<\/a><\/p>\r\n\r\n<span class=\"mytransporttitle\">CENTRE-VILLE<\/span>\r\n<p>En taxi\/bus de l\u2019h\u00f4tel : 5-10 minutes<br>\r\n<a href=\"https:\/\/www.google.gr\/maps\/dir\/The+Met+Hotel,+26is+Oktovriou,+Thessaloniki\/Aristotelous+Square,+Thessaloniki\/\" target=\"_blank\">INSTRUCTIONS<\/a><\/p>\r\n<\/div>\r\n\t\t\t\t\t\t  <\/div>\r\n\t\t\t\t\t\t<\/div>\r\n\t\t\t\t\t<\/div>\r\n\t\t\t\t\t<!-- Inner panel End -->\r\n\t\t\t\t\t\r\n\t\t\t\t\t\t\t\t\r\n\t\t\t\t\t<!-- Inner panel Start -->\r\n\t\t\t\t\t<div class=\"wpsm_panel wpsm_panel-default\">\r\n\t\t\t\t\t\t<div class=\"wpsm_panel-heading\" role=\"tab\" >\r\n\t\t\t\t\t\t  <h4 class=\"wpsm_panel-title\">\r\n\t\t\t\t\t\t\t<a  class=\"collapsed\"  data-toggle=\"collapse\" data-parent=\"#wpsm_accordion_2795 \" href=\"javascript:void(0)\" data-target=\"#ac_2795_collapse5\" onclick=\"do_resize()\">\r\n\t\t\t\t\t\t\t\t\t\t\t\t\t\t\t\t\t<span class=\"ac_open_cl_icon fa fa-plus\"><\/span>\r\n\t\t\t\t\t\t\t\t\t\r\n\t\t\t\t\t\t\t\t \r\n\t\t\t\t\t\t\t\t<span class=\"ac_title_class\">\r\n\t\t\t\t\t\t\t\t\t\t\t\t\t\t\t\t\t\t\t\t<span style=\"margin-right:6px;\" class=\"fa fa-suitcase\"><\/span>\r\n\t\t\t\t\t\t\t\t\tSERVICES AFFAIRES\t\t\t\t\t\t\t\t<\/span>\r\n\t\t\t\t\t\t\t<\/a>\r\n\t\t\t\t\t\t  <\/h4>\r\n\t\t\t\t\t\t<\/div>\r\n\t\t\t\t\t\t<div id=\"ac_2795_collapse5\" class=\"wpsm_panel-collapse collapse \"  >\r\n\t\t\t\t\t\t  <div class=\"wpsm_panel-body\">\r\n\t\t\t\t\t\t\t<div class=\"lpb-col-12\">\r\n\t\t\t<ul>\r\n\t\t\t\t<li>Photocopies<\/li>\r\n\t\t\t\t<li>Envoi de t\u00e9l\u00e9copies<\/li>\r\n\t\t\t\t<li>Impression<\/li>\r\n\t\t\t<\/ul>\r\n\t\t<\/div>\t\t\t\t\t\t  <\/div>\r\n\t\t\t\t\t\t<\/div>\r\n\t\t\t\t\t<\/div>\r\n\t\t\t\t\t<!-- Inner panel End -->\r\n\t\t\t\t\t\r\n\t\t\t\t\t\t\t\t\r\n\t\t\t\t\t<!-- Inner panel Start -->\r\n\t\t\t\t\t<div class=\"wpsm_panel wpsm_panel-default\">\r\n\t\t\t\t\t\t<div class=\"wpsm_panel-heading\" role=\"tab\" >\r\n\t\t\t\t\t\t  <h4 class=\"wpsm_panel-title\">\r\n\t\t\t\t\t\t\t<a  class=\"collapsed\"  data-toggle=\"collapse\" data-parent=\"#wpsm_accordion_2795 \" href=\"javascript:void(0)\" data-target=\"#ac_2795_collapse6\" onclick=\"do_resize()\">\r\n\t\t\t\t\t\t\t\t\t\t\t\t\t\t\t\t\t<span class=\"ac_open_cl_icon fa fa-plus\"><\/span>\r\n\t\t\t\t\t\t\t\t\t\r\n\t\t\t\t\t\t\t\t \r\n\t\t\t\t\t\t\t\t<span class=\"ac_title_class\">\r\n\t\t\t\t\t\t\t\t\t\t\t\t\t\t\t\t\t\t\t\t<span style=\"margin-right:6px;\" class=\"fa fa-wheelchair\"><\/span>\r\n\t\t\t\t\t\t\t\t\tACCESSIBILIT\u00c9\t\t\t\t\t\t\t\t<\/span>\r\n\t\t\t\t\t\t\t<\/a>\r\n\t\t\t\t\t\t  <\/h4>\r\n\t\t\t\t\t\t<\/div>\r\n\t\t\t\t\t\t<div id=\"ac_2795_collapse6\" class=\"wpsm_panel-collapse collapse \"  >\r\n\t\t\t\t\t\t  <div class=\"wpsm_panel-body\">\r\n\t\t\t\t\t\t\t<div class=\"lpb-col-12\">\r\n\t\t\t<ul>\r\n\t\t\t\t<li>Chambres sp\u00e9cialement am\u00e9nag\u00e9es pour personnes handicap\u00e9es<\/li>\r\n\t\t\t\t<li>Acc\u00e8s au centre de mise en forme<\/li>\r\n\t\t\t\t<li>Tous les espaces de r\u00e9union sont accessibles<\/li>\r\n\t\t\t\t<li>Le trajet vers les chambres sp\u00e9cialement am\u00e9nag\u00e9es est accessible<\/li>\r\n\t\t\t\t<li>Les restaurants sont accessibles<\/li>\r\n\t\t\t\t<li>Les ascenseurs sont accessibles<\/li>\r\n\t\t\t<\/ul>\r\n\t\t<\/div>\t\t\t\t\t\t  <\/div>\r\n\t\t\t\t\t\t<\/div>\r\n\t\t\t\t\t<\/div>\r\n\t\t\t\t\t<!-- Inner panel End -->\r\n\t\t\t\t\t\r\n\t\t\t\t\t\t\t<\/div>\r\n\t\t\t\r\n<script type=\"text\/javascript\">\r\n\t\r\n\t\tfunction do_resize(){\r\n\r\n\t\t\tvar width=jQuery( '.wpsm_panel .wpsm_panel-body iframe' ).width();\r\n\t\t\tvar height=jQuery( '.wpsm_panel .wpsm_panel-body iframe' ).height();\r\n\r\n\t\t\tvar toggleSize = true;\r\n\t\t\tjQuery('iframe').animate({\r\n\t\t\t    width: toggleSize ? width : 640,\r\n\t\t\t    height: toggleSize ? height : 360\r\n\t\t\t  }, 250);\r\n\r\n\t\t\t  toggleSize = !toggleSize;\r\n\t\t}\r\n\t\t\r\n<\/script>\t\n","protected":false},"excerpt":{"rendered":"<p>THE MET HOTEL EN UN CLIN D\u2019\u0152IL D\u00c9TAILS DE L\u2019H\u00d4TEL The Met Hotel 48, rue 26 Oktovriou, 546 27 Thessalonique +30 2310 017 000 +30 2310 017 100 themethotel@chandris.gr SECTION R\u00c9SERVATIONS +30 2310 017 082 INFORMATIONS CONCERNANT L\u2019ARRIV\u00c9E Enregistrement: 15:00 D\u00e9part: 11:00 ACC\u00c8S INTERNET L\u2019acc\u00e8s internet est gratuit, dans toutes les chambres et les locaux [&hellip;]<\/p>\n","protected":false},"author":1,"featured_media":0,"parent":0,"menu_order":0,"comment_status":"closed","ping_status":"closed","template":"","meta":{"_acf_changed":false,"footnotes":""},"class_list":["post-2789","page","type-page","status-publish","hentry"],"acf":[],"yoast_head":"<!-- This site is optimized with the Yoast SEO plugin v26.3 - https:\/\/yoast.com\/wordpress\/plugins\/seo\/ -->\n<title>Hotel Details - The Met Hotel<\/title>\n<meta name=\"robots\" content=\"index, follow, max-snippet:-1, max-image-preview:large, max-video-preview:-1\" \/>\n<link rel=\"canonical\" href=\"https:\/\/www.themethotel.gr\/fr\/hotel-details\/\" \/>\n<meta property=\"og:locale\" content=\"fr_FR\" \/>\n<meta property=\"og:type\" content=\"article\" \/>\n<meta property=\"og:title\" content=\"Hotel Details - The Met Hotel\" \/>\n<meta property=\"og:description\" content=\"THE MET HOTEL EN UN CLIN D\u2019\u0152IL D\u00c9TAILS DE L\u2019H\u00d4TEL The Met Hotel 48, rue 26 Oktovriou, 546 27 Thessalonique +30 2310 017 000 +30 2310 017 100 themethotel@chandris.gr SECTION R\u00c9SERVATIONS +30 2310 017 082 INFORMATIONS CONCERNANT L\u2019ARRIV\u00c9E Enregistrement: 15:00 D\u00e9part: 11:00 ACC\u00c8S INTERNET L\u2019acc\u00e8s internet est gratuit, dans toutes les chambres et les locaux [&hellip;]\" \/>\n<meta property=\"og:url\" content=\"https:\/\/www.themethotel.gr\/fr\/hotel-details\/\" \/>\n<meta property=\"og:site_name\" content=\"The Met Hotel\" \/>\n<meta property=\"article:modified_time\" content=\"2024-01-03T07:35:13+00:00\" \/>\n<meta name=\"twitter:card\" content=\"summary_large_image\" \/>\n<meta name=\"twitter:label1\" content=\"Dur\u00e9e de lecture estim\u00e9e\" \/>\n\t<meta name=\"twitter:data1\" content=\"1 minute\" \/>\n<script type=\"application\/ld+json\" class=\"yoast-schema-graph\">{\"@context\":\"https:\/\/schema.org\",\"@graph\":[{\"@type\":\"WebPage\",\"@id\":\"https:\/\/www.themethotel.gr\/fr\/hotel-details\/\",\"url\":\"https:\/\/www.themethotel.gr\/fr\/hotel-details\/\",\"name\":\"Hotel Details - The Met Hotel\",\"isPartOf\":{\"@id\":\"https:\/\/www.themethotel.gr\/#website\"},\"datePublished\":\"2017-11-27T14:06:28+00:00\",\"dateModified\":\"2024-01-03T07:35:13+00:00\",\"breadcrumb\":{\"@id\":\"https:\/\/www.themethotel.gr\/fr\/hotel-details\/#breadcrumb\"},\"inLanguage\":\"fr-FR\",\"potentialAction\":[{\"@type\":\"ReadAction\",\"target\":[\"https:\/\/www.themethotel.gr\/fr\/hotel-details\/\"]}]},{\"@type\":\"BreadcrumbList\",\"@id\":\"https:\/\/www.themethotel.gr\/fr\/hotel-details\/#breadcrumb\",\"itemListElement\":[{\"@type\":\"ListItem\",\"position\":1,\"name\":\"Home\",\"item\":\"https:\/\/www.themethotel.gr\/fr\/\"},{\"@type\":\"ListItem\",\"position\":2,\"name\":\"Hotel Details\"}]},{\"@type\":\"WebSite\",\"@id\":\"https:\/\/www.themethotel.gr\/#website\",\"url\":\"https:\/\/www.themethotel.gr\/\",\"name\":\"The Met Hotel\",\"description\":\"Business Hotel in Greece\",\"publisher\":{\"@id\":\"https:\/\/www.themethotel.gr\/#organization\"},\"potentialAction\":[{\"@type\":\"SearchAction\",\"target\":{\"@type\":\"EntryPoint\",\"urlTemplate\":\"https:\/\/www.themethotel.gr\/?s={search_term_string}\"},\"query-input\":{\"@type\":\"PropertyValueSpecification\",\"valueRequired\":true,\"valueName\":\"search_term_string\"}}],\"inLanguage\":\"fr-FR\"},{\"@type\":\"Organization\",\"@id\":\"https:\/\/www.themethotel.gr\/#organization\",\"name\":\"The Met Hotel\",\"url\":\"https:\/\/www.themethotel.gr\/\",\"logo\":{\"@type\":\"ImageObject\",\"inLanguage\":\"fr-FR\",\"@id\":\"https:\/\/www.themethotel.gr\/#\/schema\/logo\/image\/\",\"url\":\"https:\/\/www.themethotel.gr\/wp-content\/uploads\/2017\/09\/logo3.jpg\",\"contentUrl\":\"https:\/\/www.themethotel.gr\/wp-content\/uploads\/2017\/09\/logo3.jpg\",\"width\":266,\"height\":135,\"caption\":\"The Met Hotel\"},\"image\":{\"@id\":\"https:\/\/www.themethotel.gr\/#\/schema\/logo\/image\/\"}}]}<\/script>\n<!-- \/ Yoast SEO plugin. -->","yoast_head_json":{"title":"Hotel Details - The Met Hotel","robots":{"index":"index","follow":"follow","max-snippet":"max-snippet:-1","max-image-preview":"max-image-preview:large","max-video-preview":"max-video-preview:-1"},"canonical":"https:\/\/www.themethotel.gr\/fr\/hotel-details\/","og_locale":"fr_FR","og_type":"article","og_title":"Hotel Details - The Met Hotel","og_description":"THE MET HOTEL EN UN CLIN D\u2019\u0152IL D\u00c9TAILS DE L\u2019H\u00d4TEL The Met Hotel 48, rue 26 Oktovriou, 546 27 Thessalonique +30 2310 017 000 +30 2310 017 100 themethotel@chandris.gr SECTION R\u00c9SERVATIONS +30 2310 017 082 INFORMATIONS CONCERNANT L\u2019ARRIV\u00c9E Enregistrement: 15:00 D\u00e9part: 11:00 ACC\u00c8S INTERNET L\u2019acc\u00e8s internet est gratuit, dans toutes les chambres et les locaux [&hellip;]","og_url":"https:\/\/www.themethotel.gr\/fr\/hotel-details\/","og_site_name":"The Met Hotel","article_modified_time":"2024-01-03T07:35:13+00:00","twitter_card":"summary_large_image","twitter_misc":{"Dur\u00e9e de lecture estim\u00e9e":"1 minute"},"schema":{"@context":"https:\/\/schema.org","@graph":[{"@type":"WebPage","@id":"https:\/\/www.themethotel.gr\/fr\/hotel-details\/","url":"https:\/\/www.themethotel.gr\/fr\/hotel-details\/","name":"Hotel Details - The Met Hotel","isPartOf":{"@id":"https:\/\/www.themethotel.gr\/#website"},"datePublished":"2017-11-27T14:06:28+00:00","dateModified":"2024-01-03T07:35:13+00:00","breadcrumb":{"@id":"https:\/\/www.themethotel.gr\/fr\/hotel-details\/#breadcrumb"},"inLanguage":"fr-FR","potentialAction":[{"@type":"ReadAction","target":["https:\/\/www.themethotel.gr\/fr\/hotel-details\/"]}]},{"@type":"BreadcrumbList","@id":"https:\/\/www.themethotel.gr\/fr\/hotel-details\/#breadcrumb","itemListElement":[{"@type":"ListItem","position":1,"name":"Home","item":"https:\/\/www.themethotel.gr\/fr\/"},{"@type":"ListItem","position":2,"name":"Hotel Details"}]},{"@type":"WebSite","@id":"https:\/\/www.themethotel.gr\/#website","url":"https:\/\/www.themethotel.gr\/","name":"The Met Hotel","description":"Business Hotel in Greece","publisher":{"@id":"https:\/\/www.themethotel.gr\/#organization"},"potentialAction":[{"@type":"SearchAction","target":{"@type":"EntryPoint","urlTemplate":"https:\/\/www.themethotel.gr\/?s={search_term_string}"},"query-input":{"@type":"PropertyValueSpecification","valueRequired":true,"valueName":"search_term_string"}}],"inLanguage":"fr-FR"},{"@type":"Organization","@id":"https:\/\/www.themethotel.gr\/#organization","name":"The Met Hotel","url":"https:\/\/www.themethotel.gr\/","logo":{"@type":"ImageObject","inLanguage":"fr-FR","@id":"https:\/\/www.themethotel.gr\/#\/schema\/logo\/image\/","url":"https:\/\/www.themethotel.gr\/wp-content\/uploads\/2017\/09\/logo3.jpg","contentUrl":"https:\/\/www.themethotel.gr\/wp-content\/uploads\/2017\/09\/logo3.jpg","width":266,"height":135,"caption":"The Met Hotel"},"image":{"@id":"https:\/\/www.themethotel.gr\/#\/schema\/logo\/image\/"}}]}},"publishpress_future_action":{"enabled":false,"date":"2026-05-08 04:08:28","action":"change-status","newStatus":"draft","terms":[],"taxonomy":"translation_priority","extraData":[]},"publishpress_future_workflow_manual_trigger":{"enabledWorkflows":[]},"_links":{"self":[{"href":"https:\/\/www.themethotel.gr\/fr\/wp-json\/wp\/v2\/pages\/2789","targetHints":{"allow":["GET"]}}],"collection":[{"href":"https:\/\/www.themethotel.gr\/fr\/wp-json\/wp\/v2\/pages"}],"about":[{"href":"https:\/\/www.themethotel.gr\/fr\/wp-json\/wp\/v2\/types\/page"}],"author":[{"embeddable":true,"href":"https:\/\/www.themethotel.gr\/fr\/wp-json\/wp\/v2\/users\/1"}],"replies":[{"embeddable":true,"href":"https:\/\/www.themethotel.gr\/fr\/wp-json\/wp\/v2\/comments?post=2789"}],"version-history":[{"count":6,"href":"https:\/\/www.themethotel.gr\/fr\/wp-json\/wp\/v2\/pages\/2789\/revisions"}],"predecessor-version":[{"id":5044,"href":"https:\/\/www.themethotel.gr\/fr\/wp-json\/wp\/v2\/pages\/2789\/revisions\/5044"}],"wp:attachment":[{"href":"https:\/\/www.themethotel.gr\/fr\/wp-json\/wp\/v2\/media?parent=2789"}],"curies":[{"name":"wp","href":"https:\/\/api.w.org\/{rel}","templated":true}]}}