{"id":2808,"date":"2017-11-03T14:59:16","date_gmt":"2017-11-03T14:59:16","guid":{"rendered":"https:\/\/www.themethotel.gr\/sky-bar\/"},"modified":"2023-10-18T14:04:19","modified_gmt":"2023-10-18T12:04:19","slug":"sky-bar","status":"publish","type":"page","link":"https:\/\/www.themethotel.gr\/fr\/sky-bar\/","title":{"rendered":"Sky Bar"},"content":{"rendered":"<div class=\"lpb-clear-section\"><\/div><!-- .lpb-clear-section -->\n\n<div class=\"lpb-section parallax-no text-dark row-stretch-full columns-gap-no-gap equal-height-no padding-top-no padding-bottom-no margin-bottom-no has-bg\" style=\"background-color:#ffffff;\" id=\"nopadding\" data-stretch=\"full\" data-x=\"50%\"><!-- .lpb-section -->\n\n<div class=\"lpb-page-row\"><!-- .lpb-page-row -->\n<div class=\"lpb-container\"><!-- .lpb-container -->\n<div class=\"lpb-row\"><!-- .lpb-row -->\n\n<div class=\"lpb-col-12 lpb-page-item has-bg\" ><!-- .lpb-page-item -->\n\n<div class=\"lpb-item-revslider>\">\n\t\n\t\t\t<!-- START skybar REVOLUTION SLIDER 6.7.37 --><p class=\"rs-p-wp-fix\"><\/p>\n\t\t\t<rs-module-wrap id=\"rev_slider_26_1_wrapper\" data-source=\"gallery\" style=\"visibility:hidden;background:transparent;padding:0;margin:0px auto;margin-top:0;margin-bottom:0;\">\n\t\t\t\t<rs-module id=\"rev_slider_26_1\" style=\"\" data-version=\"6.7.37\">\n\t\t\t\t\t<rs-slides style=\"overflow: hidden; position: absolute;\">\n\t\t\t\t\t\t<rs-slide style=\"position: absolute;\" data-key=\"rs-166\" data-title=\"Slide\" data-anim=\"adpr:false;\">\n\t\t\t\t\t\t\t<img src=\"\/\/www.themethotel.gr\/wp-content\/plugins\/revslider\/sr6\/assets\/assets\/dummy.png\" alt=\"\" title=\"Sky Bar\" class=\"rev-slidebg tp-rs-img rs-lazyload\" data-lazyload=\"\/\/www.themethotel.gr\/wp-content\/uploads\/2021\/09\/Sky-Pool-4-e1631102911107.jpg\" data-no-retina>\n<!---->\t\t\t\t\t<\/rs-slide>\n\t\t\t\t\t<\/rs-slides>\n\t\t\t\t<\/rs-module>\n\t\t\t\t<script>\n\t\t\t\t\tsetREVStartSize({c: 'rev_slider_26_1',rl:[1240,1024,778,480],el:[],gw:[1240],gh:[868],type:'hero',justify:'',layout:'fullwidth',mh:\"0\"});if (window.RS_MODULES!==undefined && window.RS_MODULES.modules!==undefined && window.RS_MODULES.modules[\"revslider261\"]!==undefined) {window.RS_MODULES.modules[\"revslider261\"].once = false;window.revapi26 = undefined;if (window.RS_MODULES.checkMinimal!==undefined) window.RS_MODULES.checkMinimal()}\n\t\t\t\t<\/script>\n\t\t\t<\/rs-module-wrap>\n\t\t\t<!-- END REVOLUTION SLIDER -->\n<\/div>\n<\/div><!-- \/.lpb-page-item -->\n\n<\/div><!-- \/.lpb-row -->\n<\/div><!-- \/.lpb-container -->\n<\/div><!-- \/.lpb-page-row -->\n\n<\/div><!-- \/.lpb-section -->\n\n<div class=\"lpb-section parallax-no text-dark row-stretch-boxed columns-gap-default equal-height-no padding-top-no padding-bottom-no margin-bottom-no has-bg\" style=\"background-color:#ffffff;\" id=\"introcol\" data-stretch=\"full\" data-x=\"50%\"><!-- .lpb-section -->\n\n<div class=\"lpb-page-row\"><!-- .lpb-page-row -->\n<div class=\"lpb-container\"><!-- .lpb-container -->\n<div class=\"lpb-row\"><!-- .lpb-row -->\n\n<div class=\"lpb-col-12 lpb-page-item has-bg\" ><!-- .lpb-page-item -->\n\n<div class=\"lpb-item-column\" >\n\t<div class=\"lpb-item-content\"><h1 class=\"myintrotitle\">SKY | BAR<\/h1>\n<p>Au 7e \u00e9tage de l\u2019h\u00f4tel, l\u2019\u00e9l\u00e9gant <strong>S K Y | B A R<\/strong> offre \u00e0 ses h\u00f4tes l\u2019occasion d\u2019admirer l\u2019exceptionnelle vue panoramique sur Thessalonique, en savourant un d\u00e9licieux cocktail ou un repas l\u00e9ger \u00e0 c\u00f4t\u00e9 de la piscine. Avec ses nombreuses surprises propos\u00e9es dans un d\u00e9cor confortable et raffin\u00e9, le S K Y | B A R peut accueillir une large gamme d\u2019\u00e9v\u00e8nements sociaux.<\/p>\n<p>(* Le S K Y | B A R &amp; Restaurant et le POOL &amp; SKY BAR sont ouverts de la mi-mai \u00e0 la d\u00e9but octobre, en fonction des conditions climatiques)<\/p>\n<\/div>\n<\/div>\n<\/div><!-- \/.lpb-page-item -->\n\n<\/div><!-- \/.lpb-row -->\n<\/div><!-- \/.lpb-container -->\n<\/div><!-- \/.lpb-page-row -->\n\n<\/div><!-- \/.lpb-section -->\n\n<div class=\"lpb-section parallax-no text-dark row-stretch-default columns-gap-default equal-height-no padding-top-no padding-bottom-no margin-bottom-no has-bg\" style=\"background-color:#ffffff;\" id=\"myrestdet\" data-stretch=\"full\" data-x=\"50%\"><!-- .lpb-section -->\n\n<div class=\"lpb-page-row\"><!-- .lpb-page-row -->\n<div class=\"lpb-container\"><!-- .lpb-container -->\n<div class=\"lpb-row\"><!-- .lpb-row -->\n\n<div class=\"lpb-col-4 lpb-page-item has-bg\" id=\"mycolleftwb\"><!-- .lpb-page-item -->\n\n<div class=\"lpb-item-column\" >\n\t<div class=\"lpb-item-content\"><h2 class=\"myhtwo\">Sky Bar &amp; Restaurant<\/h2>\n<p class=\"mypara\">\n<em>Ferm\u00e9 pendant la saison d'hiver<\/em><\/p>\n<\/div>\n<\/div>\n<\/div><!-- \/.lpb-page-item -->\n<div class=\"lpb-col-4 lpb-page-item has-bg\" id=\"mycolleftwb\"><!-- .lpb-page-item -->\n\n<div class=\"lpb-item-column\" >\n\t<div class=\"lpb-item-content\"><h2 class=\"myhtwo\">Pool Bar<\/h2>\n<p class=\"mypara\">\n<em>Ferm\u00e9 pendant la saison d'hiver<\/em><\/p>\n<\/div>\n<\/div>\n<\/div><!-- \/.lpb-page-item -->\n<div class=\"lpb-col-4 lpb-page-item has-bg\" id=\"mycolright\"><!-- .lpb-page-item -->\n\n<div class=\"lpb-item-column\" >\n\t<div class=\"lpb-item-content\"><h2 class=\"myhtwo\">Menu<\/h2>\n<p class=\"mepara\">\n<em>Es ist kein Men\u00fc verf\u00fcgbar<\/em><\/p>\n<\/div>\n<\/div>\n<\/div><!-- \/.lpb-page-item -->\n\n<\/div><!-- \/.lpb-row -->\n<\/div><!-- \/.lpb-container -->\n<\/div><!-- \/.lpb-page-row -->\n\n<\/div><!-- \/.lpb-section -->\n\n<div class=\"lpb-section parallax-no text-dark row-stretch-default columns-gap-default equal-height-no padding-top-yes padding-bottom-yes margin-bottom-yes has-bg\" style=\"background-color:#ffffff;\" id=\"myrestbook\" data-stretch=\"full\" data-x=\"50%\"><!-- .lpb-section -->\n\n<div class=\"lpb-page-row\"><!-- .lpb-page-row -->\n<div class=\"lpb-container\"><!-- .lpb-container -->\n<div class=\"lpb-row\"><!-- .lpb-row -->\n\n<div class=\"lpb-col-12 lpb-page-item has-bg\" ><!-- .lpb-page-item -->\n\n<div class=\"lpb-item-column\" >\n\t<div class=\"lpb-item-content\"><\/div>\n<\/div>\n<\/div><!-- \/.lpb-page-item -->\n<\/div><!-- \/.lpb-row -->\n<\/div><!-- \/.lpb-container -->\n<\/div><!-- \/.lpb-page-row -->\n\n<\/div><!-- \/.lpb-section -->\n\n","protected":false},"excerpt":{"rendered":"<p>SKY | BAR Au 7e \u00e9tage de l\u2019h\u00f4tel, l\u2019\u00e9l\u00e9gant S K Y | B A R offre \u00e0 ses h\u00f4tes l\u2019occasion d\u2019admirer l\u2019exceptionnelle vue panoramique sur Thessalonique, en savourant un d\u00e9licieux cocktail ou un repas l\u00e9ger \u00e0 c\u00f4t\u00e9 de la piscine. Avec ses nombreuses surprises propos\u00e9es dans un d\u00e9cor confortable et raffin\u00e9, le S K [&hellip;]<\/p>\n","protected":false},"author":1,"featured_media":0,"parent":0,"menu_order":0,"comment_status":"closed","ping_status":"closed","template":"","meta":{"_acf_changed":false,"footnotes":""},"class_list":["post-2808","page","type-page","status-publish","hentry"],"acf":[],"yoast_head":"<!-- This site is optimized with the Yoast SEO plugin v26.3 - https:\/\/yoast.com\/wordpress\/plugins\/seo\/ -->\n<title>Sky | Bar | Hotel | Thessaloniki | The Met Hotel<\/title>\n<meta name=\"description\" content=\"On the 7th floor of THE MET HOTEL, next to our rooftop swimming pool, the trendy S K Y | B A R offers guests an opportunity to admire the breathtaking 360\u00b0 view of Thessaloniki while enjoying a delicious cocktail, soft drink or juice, or indulge in some light fare from the poolside menu.\" \/>\n<meta name=\"robots\" content=\"index, follow, max-snippet:-1, max-image-preview:large, max-video-preview:-1\" \/>\n<link rel=\"canonical\" href=\"https:\/\/www.themethotel.gr\/fr\/sky-bar\/\" \/>\n<meta property=\"og:locale\" content=\"fr_FR\" \/>\n<meta property=\"og:type\" content=\"article\" \/>\n<meta property=\"og:title\" content=\"Sky | Bar | Hotel | Thessaloniki | The Met Hotel\" \/>\n<meta property=\"og:description\" content=\"On the 7th floor of THE MET HOTEL, next to our rooftop swimming pool, the trendy S K Y | B A R offers guests an opportunity to admire the breathtaking 360\u00b0 view of Thessaloniki while enjoying a delicious cocktail, soft drink or juice, or indulge in some light fare from the poolside menu.\" \/>\n<meta property=\"og:url\" content=\"https:\/\/www.themethotel.gr\/fr\/sky-bar\/\" \/>\n<meta property=\"og:site_name\" content=\"The Met Hotel\" \/>\n<meta property=\"article:modified_time\" content=\"2023-10-18T12:04:19+00:00\" \/>\n<meta name=\"twitter:card\" content=\"summary_large_image\" \/>\n<meta name=\"twitter:label1\" content=\"Dur\u00e9e de lecture estim\u00e9e\" \/>\n\t<meta name=\"twitter:data1\" content=\"1 minute\" \/>\n<script type=\"application\/ld+json\" class=\"yoast-schema-graph\">{\"@context\":\"https:\/\/schema.org\",\"@graph\":[{\"@type\":\"WebPage\",\"@id\":\"https:\/\/www.themethotel.gr\/fr\/sky-bar\/\",\"url\":\"https:\/\/www.themethotel.gr\/fr\/sky-bar\/\",\"name\":\"Sky | Bar | Hotel | Thessaloniki | The Met Hotel\",\"isPartOf\":{\"@id\":\"https:\/\/www.themethotel.gr\/#website\"},\"datePublished\":\"2017-11-03T14:59:16+00:00\",\"dateModified\":\"2023-10-18T12:04:19+00:00\",\"description\":\"On the 7th floor of THE MET HOTEL, next to our rooftop swimming pool, the trendy S K Y | B A R offers guests an opportunity to admire the breathtaking 360\u00b0 view of Thessaloniki while enjoying a delicious cocktail, soft drink or juice, or indulge in some light fare from the poolside menu.\",\"breadcrumb\":{\"@id\":\"https:\/\/www.themethotel.gr\/fr\/sky-bar\/#breadcrumb\"},\"inLanguage\":\"fr-FR\",\"potentialAction\":[{\"@type\":\"ReadAction\",\"target\":[\"https:\/\/www.themethotel.gr\/fr\/sky-bar\/\"]}]},{\"@type\":\"BreadcrumbList\",\"@id\":\"https:\/\/www.themethotel.gr\/fr\/sky-bar\/#breadcrumb\",\"itemListElement\":[{\"@type\":\"ListItem\",\"position\":1,\"name\":\"Home\",\"item\":\"https:\/\/www.themethotel.gr\/fr\/\"},{\"@type\":\"ListItem\",\"position\":2,\"name\":\"Sky Bar\"}]},{\"@type\":\"WebSite\",\"@id\":\"https:\/\/www.themethotel.gr\/#website\",\"url\":\"https:\/\/www.themethotel.gr\/\",\"name\":\"The Met Hotel\",\"description\":\"Business Hotel in Greece\",\"publisher\":{\"@id\":\"https:\/\/www.themethotel.gr\/#organization\"},\"potentialAction\":[{\"@type\":\"SearchAction\",\"target\":{\"@type\":\"EntryPoint\",\"urlTemplate\":\"https:\/\/www.themethotel.gr\/?s={search_term_string}\"},\"query-input\":{\"@type\":\"PropertyValueSpecification\",\"valueRequired\":true,\"valueName\":\"search_term_string\"}}],\"inLanguage\":\"fr-FR\"},{\"@type\":\"Organization\",\"@id\":\"https:\/\/www.themethotel.gr\/#organization\",\"name\":\"The Met Hotel\",\"url\":\"https:\/\/www.themethotel.gr\/\",\"logo\":{\"@type\":\"ImageObject\",\"inLanguage\":\"fr-FR\",\"@id\":\"https:\/\/www.themethotel.gr\/#\/schema\/logo\/image\/\",\"url\":\"https:\/\/www.themethotel.gr\/wp-content\/uploads\/2017\/09\/logo3.jpg\",\"contentUrl\":\"https:\/\/www.themethotel.gr\/wp-content\/uploads\/2017\/09\/logo3.jpg\",\"width\":266,\"height\":135,\"caption\":\"The Met Hotel\"},\"image\":{\"@id\":\"https:\/\/www.themethotel.gr\/#\/schema\/logo\/image\/\"}}]}<\/script>\n<!-- \/ Yoast SEO plugin. -->","yoast_head_json":{"title":"Sky | Bar | Hotel | Thessaloniki | The Met Hotel","description":"On the 7th floor of THE MET HOTEL, next to our rooftop swimming pool, the trendy S K Y | B A R offers guests an opportunity to admire the breathtaking 360\u00b0 view of Thessaloniki while enjoying a delicious cocktail, soft drink or juice, or indulge in some light fare from the poolside menu.","robots":{"index":"index","follow":"follow","max-snippet":"max-snippet:-1","max-image-preview":"max-image-preview:large","max-video-preview":"max-video-preview:-1"},"canonical":"https:\/\/www.themethotel.gr\/fr\/sky-bar\/","og_locale":"fr_FR","og_type":"article","og_title":"Sky | Bar | Hotel | Thessaloniki | The Met Hotel","og_description":"On the 7th floor of THE MET HOTEL, next to our rooftop swimming pool, the trendy S K Y | B A R offers guests an opportunity to admire the breathtaking 360\u00b0 view of Thessaloniki while enjoying a delicious cocktail, soft drink or juice, or indulge in some light fare from the poolside menu.","og_url":"https:\/\/www.themethotel.gr\/fr\/sky-bar\/","og_site_name":"The Met Hotel","article_modified_time":"2023-10-18T12:04:19+00:00","twitter_card":"summary_large_image","twitter_misc":{"Dur\u00e9e de lecture estim\u00e9e":"1 minute"},"schema":{"@context":"https:\/\/schema.org","@graph":[{"@type":"WebPage","@id":"https:\/\/www.themethotel.gr\/fr\/sky-bar\/","url":"https:\/\/www.themethotel.gr\/fr\/sky-bar\/","name":"Sky | Bar | Hotel | Thessaloniki | The Met Hotel","isPartOf":{"@id":"https:\/\/www.themethotel.gr\/#website"},"datePublished":"2017-11-03T14:59:16+00:00","dateModified":"2023-10-18T12:04:19+00:00","description":"On the 7th floor of THE MET HOTEL, next to our rooftop swimming pool, the trendy S K Y | B A R offers guests an opportunity to admire the breathtaking 360\u00b0 view of Thessaloniki while enjoying a delicious cocktail, soft drink or juice, or indulge in some light fare from the poolside menu.","breadcrumb":{"@id":"https:\/\/www.themethotel.gr\/fr\/sky-bar\/#breadcrumb"},"inLanguage":"fr-FR","potentialAction":[{"@type":"ReadAction","target":["https:\/\/www.themethotel.gr\/fr\/sky-bar\/"]}]},{"@type":"BreadcrumbList","@id":"https:\/\/www.themethotel.gr\/fr\/sky-bar\/#breadcrumb","itemListElement":[{"@type":"ListItem","position":1,"name":"Home","item":"https:\/\/www.themethotel.gr\/fr\/"},{"@type":"ListItem","position":2,"name":"Sky Bar"}]},{"@type":"WebSite","@id":"https:\/\/www.themethotel.gr\/#website","url":"https:\/\/www.themethotel.gr\/","name":"The Met Hotel","description":"Business Hotel in Greece","publisher":{"@id":"https:\/\/www.themethotel.gr\/#organization"},"potentialAction":[{"@type":"SearchAction","target":{"@type":"EntryPoint","urlTemplate":"https:\/\/www.themethotel.gr\/?s={search_term_string}"},"query-input":{"@type":"PropertyValueSpecification","valueRequired":true,"valueName":"search_term_string"}}],"inLanguage":"fr-FR"},{"@type":"Organization","@id":"https:\/\/www.themethotel.gr\/#organization","name":"The Met Hotel","url":"https:\/\/www.themethotel.gr\/","logo":{"@type":"ImageObject","inLanguage":"fr-FR","@id":"https:\/\/www.themethotel.gr\/#\/schema\/logo\/image\/","url":"https:\/\/www.themethotel.gr\/wp-content\/uploads\/2017\/09\/logo3.jpg","contentUrl":"https:\/\/www.themethotel.gr\/wp-content\/uploads\/2017\/09\/logo3.jpg","width":266,"height":135,"caption":"The Met Hotel"},"image":{"@id":"https:\/\/www.themethotel.gr\/#\/schema\/logo\/image\/"}}]}},"publishpress_future_action":{"enabled":false,"date":"2026-04-24 08:30:05","action":"change-status","newStatus":"draft","terms":[],"taxonomy":"translation_priority","extraData":[]},"publishpress_future_workflow_manual_trigger":{"enabledWorkflows":[]},"_links":{"self":[{"href":"https:\/\/www.themethotel.gr\/fr\/wp-json\/wp\/v2\/pages\/2808","targetHints":{"allow":["GET"]}}],"collection":[{"href":"https:\/\/www.themethotel.gr\/fr\/wp-json\/wp\/v2\/pages"}],"about":[{"href":"https:\/\/www.themethotel.gr\/fr\/wp-json\/wp\/v2\/types\/page"}],"author":[{"embeddable":true,"href":"https:\/\/www.themethotel.gr\/fr\/wp-json\/wp\/v2\/users\/1"}],"replies":[{"embeddable":true,"href":"https:\/\/www.themethotel.gr\/fr\/wp-json\/wp\/v2\/comments?post=2808"}],"version-history":[{"count":22,"href":"https:\/\/www.themethotel.gr\/fr\/wp-json\/wp\/v2\/pages\/2808\/revisions"}],"predecessor-version":[{"id":4987,"href":"https:\/\/www.themethotel.gr\/fr\/wp-json\/wp\/v2\/pages\/2808\/revisions\/4987"}],"wp:attachment":[{"href":"https:\/\/www.themethotel.gr\/fr\/wp-json\/wp\/v2\/media?parent=2808"}],"curies":[{"name":"wp","href":"https:\/\/api.w.org\/{rel}","templated":true}]}}