{"id":2825,"date":"2017-11-07T10:01:31","date_gmt":"2017-11-07T10:01:31","guid":{"rendered":"https:\/\/www.themethotel.gr\/chan-restaurant\/"},"modified":"2025-04-10T12:25:11","modified_gmt":"2025-04-10T10:25:11","slug":"chan-restaurant","status":"publish","type":"page","link":"https:\/\/www.themethotel.gr\/fr\/chan-restaurant\/","title":{"rendered":"Chan Restaurant"},"content":{"rendered":"<div class=\"lpb-clear-section\"><\/div><!-- .lpb-clear-section -->\n\n<div class=\"lpb-section parallax-no text-dark row-stretch-full columns-gap-no-gap equal-height-no padding-top-no padding-bottom-no margin-bottom-no has-bg\" style=\"background-color:#ffffff;\" id=\"nopadding\" data-stretch=\"full\" data-x=\"50%\"><!-- .lpb-section -->\n\n<div class=\"lpb-page-row\"><!-- .lpb-page-row -->\n<div class=\"lpb-container\"><!-- .lpb-container -->\n<div class=\"lpb-row\"><!-- .lpb-row -->\n\n<div class=\"lpb-col-12 lpb-page-item has-bg\" ><!-- .lpb-page-item -->\n\n<div class=\"lpb-item-image alignment-center\">\n\t\n\t<img width=\"1600\" height=\"457\" src=\"https:\/\/www.themethotel.gr\/wp-content\/uploads\/2025\/04\/Website-Header.jpg\" class=\"attachment-full size-full\" alt=\"\" srcset=\"https:\/\/www.themethotel.gr\/wp-content\/uploads\/2025\/04\/Website-Header.jpg 1600w, https:\/\/www.themethotel.gr\/wp-content\/uploads\/2025\/04\/Website-Header-300x86.jpg 300w, https:\/\/www.themethotel.gr\/wp-content\/uploads\/2025\/04\/Website-Header-1024x292.jpg 1024w, https:\/\/www.themethotel.gr\/wp-content\/uploads\/2025\/04\/Website-Header-768x219.jpg 768w, https:\/\/www.themethotel.gr\/wp-content\/uploads\/2025\/04\/Website-Header-1536x439.jpg 1536w, https:\/\/www.themethotel.gr\/wp-content\/uploads\/2025\/04\/Website-Header-350x100.jpg 350w\" sizes=\"(max-width: 1600px) 100vw, 1600px\" \/>\n\t\n<\/div>\n<\/div><!-- \/.lpb-page-item -->\n\n<\/div><!-- \/.lpb-row -->\n<\/div><!-- \/.lpb-container -->\n<\/div><!-- \/.lpb-page-row -->\n\n<\/div><!-- \/.lpb-section -->\n\n<div class=\"lpb-section parallax-no text-dark row-stretch-boxed columns-gap-default equal-height-no padding-top-no padding-bottom-no margin-bottom-no has-bg\" style=\"background-color:#ffffff;\" id=\"introcol\" data-stretch=\"full\" data-x=\"50%\"><!-- .lpb-section -->\n\n<div class=\"lpb-page-row\"><!-- .lpb-page-row -->\n<div class=\"lpb-container\"><!-- .lpb-container -->\n<div class=\"lpb-row\"><!-- .lpb-row -->\n\n<div class=\"lpb-col-12 lpb-page-item has-bg\" ><!-- .lpb-page-item -->\n\n<div class=\"lpb-item-column\" >\n\t<div class=\"lpb-item-content\"><h1 class=\"myintrotitle\">Restaurant Chan<\/h1>\n<p class=\"dining-intro\">Bienvenue chez Chan \u2013 o\u00f9 la cuisine asiatique et grecque se rencontrent en harmonie cr\u00e9ative !<\/p>\n<p>Chez Chan, nous transformons les saveurs avec une fusion imaginative, alliant les innovations culinaires asiatiques \u00e0 la finesse de l\u2019art grec. Notre restaurant, con\u00e7u par le c\u00e9l\u00e8bre cabinet d\u2019architecture londonien Andy Martin &amp; Associates, offre un cadre raffin\u00e9 pour une exp\u00e9rience gastronomique unique.<\/p>\n<p>D\u00e9couvrez nos saveurs exceptionnelles et embarquez pour un voyage qui \u00e9veillera vos sens. Nous vous invitons \u00e0 vivre une exp\u00e9rience gastronomique inoubliable.<\/p>\n<p>Pour les r\u00e9servations, veuillez nous appeler au 2310 017000 ou r\u00e9server en ligne ci-dessous.<\/p>\n<p class=\"dining-intro\" style=\"font-style:italic\">\n<\/div>\n<\/div>\n<\/div><!-- \/.lpb-page-item -->\n\n<\/div><!-- \/.lpb-row -->\n<\/div><!-- \/.lpb-container -->\n<\/div><!-- \/.lpb-page-row -->\n\n<\/div><!-- \/.lpb-section -->\n\n<div class=\"lpb-section parallax-no text-dark row-stretch-default columns-gap-default equal-height-no padding-top-no padding-bottom-no margin-bottom-no has-bg\" style=\"background-color:#ffffff;\" id=\"myrestdet\" data-stretch=\"full\" data-x=\"50%\"><!-- .lpb-section -->\n\n<div class=\"lpb-page-row\"><!-- .lpb-page-row -->\n<div class=\"lpb-container\"><!-- .lpb-container -->\n<div class=\"lpb-row\"><!-- .lpb-row -->\n\n<div class=\"lpb-col-6 lpb-page-item has-bg\" id=\"mycolleftwb\"><!-- .lpb-page-item -->\n\n<div class=\"lpb-item-column\" >\n\t<div class=\"lpb-item-content\"><h2 class=\"myhtwo\">Heures d\u2019ouverture<\/h2>\n<p class=\"mypara\">\nDu vendredi &amp; samedi 19h00 \u2013 01h00 (derni\u00e8re commande \u00e0 23h45)<\/p>\n<\/div>\n<\/div>\n<\/div><!-- \/.lpb-page-item -->\n<div class=\"lpb-col-6 lpb-page-item has-bg\" id=\"mycolright\"><!-- .lpb-page-item -->\n\n<div class=\"lpb-item-column\" >\n\t<div class=\"lpb-item-content\"><h2 class=\"myhtwo\">Menu<\/h2>\n<p class=\"mypara\">\n<a href=\"https:\/\/www.themethotel.gr\/flipbooks\/chan-restaurant-menu\/\" target=\"\u201d_blank\u201d\">Menu asiatique et grecque cuisine cr\u00e9ative<\/a><\/p>\n<\/div>\n<\/div>\n<\/div><!-- \/.lpb-page-item -->\n\n<\/div><!-- \/.lpb-row -->\n<\/div><!-- \/.lpb-container -->\n<\/div><!-- \/.lpb-page-row -->\n\n<\/div><!-- \/.lpb-section -->\n\n<div class=\"lpb-section parallax-no text-dark row-stretch-default columns-gap-default equal-height-no padding-top-no padding-bottom-no margin-bottom-no has-bg\" style=\"background-color:#ffffff;\" id=\"myrestbook\" data-stretch=\"full\" data-x=\"50%\"><!-- .lpb-section -->\n\n<div class=\"lpb-page-row\"><!-- .lpb-page-row -->\n<div class=\"lpb-container\"><!-- .lpb-container -->\n<div class=\"lpb-row\"><!-- .lpb-row -->\n\n<div class=\"lpb-col-12 lpb-page-item has-bg\" ><!-- .lpb-page-item -->\n\n<div class=\"lpb-item-column\" >\n\t<div class=\"lpb-item-content\"><div class=\"etable-pro\"><a class=\"etableLink-pro\" href=\"https:\/\/www.e-restaurants.gr\/estiatorio\/chan-restaurant-bar-thessaloniki\" rel=\"noopener\" target=\"_blank\" style=\"text-align:center\">R\u00e9server une table<\/a><\/div>\n<p style=\"text-align:center;margin-top:10px\">R\u00e9servations par t\u00e9l\u00e9phone: +30 2310 017000<\/p>\n<\/div>\n<\/div>\n<\/div><!-- \/.lpb-page-item -->\n<\/div><!-- \/.lpb-row -->\n<\/div><!-- \/.lpb-container -->\n<\/div><!-- \/.lpb-page-row -->\n\n<\/div><!-- \/.lpb-section -->\n\n","protected":false},"excerpt":{"rendered":"<p>Restaurant Chan Bienvenue chez Chan \u2013 o\u00f9 la cuisine asiatique et grecque se rencontrent en harmonie cr\u00e9ative ! Chez Chan, nous transformons les saveurs avec une fusion imaginative, alliant les innovations culinaires asiatiques \u00e0 la finesse de l\u2019art grec. Notre restaurant, con\u00e7u par le c\u00e9l\u00e8bre cabinet d\u2019architecture londonien Andy Martin &amp; Associates, offre un cadre [&hellip;]<\/p>\n","protected":false},"author":1,"featured_media":0,"parent":0,"menu_order":0,"comment_status":"closed","ping_status":"closed","template":"","meta":{"_acf_changed":false,"footnotes":""},"class_list":["post-2825","page","type-page","status-publish","hentry"],"acf":[],"yoast_head":"<!-- This site is optimized with the Yoast SEO plugin v26.3 - https:\/\/yoast.com\/wordpress\/plugins\/seo\/ -->\n<title>Chan Restaurant | Hotel | Thessaloniki | The Met Hotel<\/title>\n<meta name=\"description\" content=\"Introducing the best of Asian innovation to the city of Thessaloniki, THE MET HOTEL\u2019s Chan restaurant was designed by London based architects Andy Martin &amp; Associates. Imaginative Asian dishes in a sophisticated ambiance delight the senses, offering guests a memorable dining experience.\" \/>\n<meta name=\"robots\" content=\"index, follow, max-snippet:-1, max-image-preview:large, max-video-preview:-1\" \/>\n<link rel=\"canonical\" href=\"https:\/\/www.themethotel.gr\/fr\/chan-restaurant\/\" \/>\n<meta property=\"og:locale\" content=\"fr_FR\" \/>\n<meta property=\"og:type\" content=\"article\" \/>\n<meta property=\"og:title\" content=\"Chan Restaurant | Hotel | Thessaloniki | The Met Hotel\" \/>\n<meta property=\"og:description\" content=\"Introducing the best of Asian innovation to the city of Thessaloniki, THE MET HOTEL\u2019s Chan restaurant was designed by London based architects Andy Martin &amp; Associates. Imaginative Asian dishes in a sophisticated ambiance delight the senses, offering guests a memorable dining experience.\" \/>\n<meta property=\"og:url\" content=\"https:\/\/www.themethotel.gr\/fr\/chan-restaurant\/\" \/>\n<meta property=\"og:site_name\" content=\"The Met Hotel\" \/>\n<meta property=\"article:modified_time\" content=\"2025-04-10T10:25:11+00:00\" \/>\n<meta name=\"twitter:card\" content=\"summary_large_image\" \/>\n<meta name=\"twitter:label1\" content=\"Dur\u00e9e de lecture estim\u00e9e\" \/>\n\t<meta name=\"twitter:data1\" content=\"1 minute\" \/>\n<script type=\"application\/ld+json\" class=\"yoast-schema-graph\">{\"@context\":\"https:\/\/schema.org\",\"@graph\":[{\"@type\":\"WebPage\",\"@id\":\"https:\/\/www.themethotel.gr\/fr\/chan-restaurant\/\",\"url\":\"https:\/\/www.themethotel.gr\/fr\/chan-restaurant\/\",\"name\":\"Chan Restaurant | Hotel | Thessaloniki | The Met Hotel\",\"isPartOf\":{\"@id\":\"https:\/\/www.themethotel.gr\/#website\"},\"datePublished\":\"2017-11-07T10:01:31+00:00\",\"dateModified\":\"2025-04-10T10:25:11+00:00\",\"description\":\"Introducing the best of Asian innovation to the city of Thessaloniki, THE MET HOTEL\u2019s Chan restaurant was designed by London based architects Andy Martin & Associates. Imaginative Asian dishes in a sophisticated ambiance delight the senses, offering guests a memorable dining experience.\",\"breadcrumb\":{\"@id\":\"https:\/\/www.themethotel.gr\/fr\/chan-restaurant\/#breadcrumb\"},\"inLanguage\":\"fr-FR\",\"potentialAction\":[{\"@type\":\"ReadAction\",\"target\":[\"https:\/\/www.themethotel.gr\/fr\/chan-restaurant\/\"]}]},{\"@type\":\"BreadcrumbList\",\"@id\":\"https:\/\/www.themethotel.gr\/fr\/chan-restaurant\/#breadcrumb\",\"itemListElement\":[{\"@type\":\"ListItem\",\"position\":1,\"name\":\"Home\",\"item\":\"https:\/\/www.themethotel.gr\/fr\/\"},{\"@type\":\"ListItem\",\"position\":2,\"name\":\"Chan Restaurant\"}]},{\"@type\":\"WebSite\",\"@id\":\"https:\/\/www.themethotel.gr\/#website\",\"url\":\"https:\/\/www.themethotel.gr\/\",\"name\":\"The Met Hotel\",\"description\":\"Business Hotel in Greece\",\"publisher\":{\"@id\":\"https:\/\/www.themethotel.gr\/#organization\"},\"potentialAction\":[{\"@type\":\"SearchAction\",\"target\":{\"@type\":\"EntryPoint\",\"urlTemplate\":\"https:\/\/www.themethotel.gr\/?s={search_term_string}\"},\"query-input\":{\"@type\":\"PropertyValueSpecification\",\"valueRequired\":true,\"valueName\":\"search_term_string\"}}],\"inLanguage\":\"fr-FR\"},{\"@type\":\"Organization\",\"@id\":\"https:\/\/www.themethotel.gr\/#organization\",\"name\":\"The Met Hotel\",\"url\":\"https:\/\/www.themethotel.gr\/\",\"logo\":{\"@type\":\"ImageObject\",\"inLanguage\":\"fr-FR\",\"@id\":\"https:\/\/www.themethotel.gr\/#\/schema\/logo\/image\/\",\"url\":\"https:\/\/www.themethotel.gr\/wp-content\/uploads\/2017\/09\/logo3.jpg\",\"contentUrl\":\"https:\/\/www.themethotel.gr\/wp-content\/uploads\/2017\/09\/logo3.jpg\",\"width\":266,\"height\":135,\"caption\":\"The Met Hotel\"},\"image\":{\"@id\":\"https:\/\/www.themethotel.gr\/#\/schema\/logo\/image\/\"}}]}<\/script>\n<!-- \/ Yoast SEO plugin. -->","yoast_head_json":{"title":"Chan Restaurant | Hotel | Thessaloniki | The Met Hotel","description":"Introducing the best of Asian innovation to the city of Thessaloniki, THE MET HOTEL\u2019s Chan restaurant was designed by London based architects Andy Martin & Associates. Imaginative Asian dishes in a sophisticated ambiance delight the senses, offering guests a memorable dining experience.","robots":{"index":"index","follow":"follow","max-snippet":"max-snippet:-1","max-image-preview":"max-image-preview:large","max-video-preview":"max-video-preview:-1"},"canonical":"https:\/\/www.themethotel.gr\/fr\/chan-restaurant\/","og_locale":"fr_FR","og_type":"article","og_title":"Chan Restaurant | Hotel | Thessaloniki | The Met Hotel","og_description":"Introducing the best of Asian innovation to the city of Thessaloniki, THE MET HOTEL\u2019s Chan restaurant was designed by London based architects Andy Martin & Associates. Imaginative Asian dishes in a sophisticated ambiance delight the senses, offering guests a memorable dining experience.","og_url":"https:\/\/www.themethotel.gr\/fr\/chan-restaurant\/","og_site_name":"The Met Hotel","article_modified_time":"2025-04-10T10:25:11+00:00","twitter_card":"summary_large_image","twitter_misc":{"Dur\u00e9e de lecture estim\u00e9e":"1 minute"},"schema":{"@context":"https:\/\/schema.org","@graph":[{"@type":"WebPage","@id":"https:\/\/www.themethotel.gr\/fr\/chan-restaurant\/","url":"https:\/\/www.themethotel.gr\/fr\/chan-restaurant\/","name":"Chan Restaurant | Hotel | Thessaloniki | The Met Hotel","isPartOf":{"@id":"https:\/\/www.themethotel.gr\/#website"},"datePublished":"2017-11-07T10:01:31+00:00","dateModified":"2025-04-10T10:25:11+00:00","description":"Introducing the best of Asian innovation to the city of Thessaloniki, THE MET HOTEL\u2019s Chan restaurant was designed by London based architects Andy Martin & Associates. Imaginative Asian dishes in a sophisticated ambiance delight the senses, offering guests a memorable dining experience.","breadcrumb":{"@id":"https:\/\/www.themethotel.gr\/fr\/chan-restaurant\/#breadcrumb"},"inLanguage":"fr-FR","potentialAction":[{"@type":"ReadAction","target":["https:\/\/www.themethotel.gr\/fr\/chan-restaurant\/"]}]},{"@type":"BreadcrumbList","@id":"https:\/\/www.themethotel.gr\/fr\/chan-restaurant\/#breadcrumb","itemListElement":[{"@type":"ListItem","position":1,"name":"Home","item":"https:\/\/www.themethotel.gr\/fr\/"},{"@type":"ListItem","position":2,"name":"Chan Restaurant"}]},{"@type":"WebSite","@id":"https:\/\/www.themethotel.gr\/#website","url":"https:\/\/www.themethotel.gr\/","name":"The Met Hotel","description":"Business Hotel in Greece","publisher":{"@id":"https:\/\/www.themethotel.gr\/#organization"},"potentialAction":[{"@type":"SearchAction","target":{"@type":"EntryPoint","urlTemplate":"https:\/\/www.themethotel.gr\/?s={search_term_string}"},"query-input":{"@type":"PropertyValueSpecification","valueRequired":true,"valueName":"search_term_string"}}],"inLanguage":"fr-FR"},{"@type":"Organization","@id":"https:\/\/www.themethotel.gr\/#organization","name":"The Met Hotel","url":"https:\/\/www.themethotel.gr\/","logo":{"@type":"ImageObject","inLanguage":"fr-FR","@id":"https:\/\/www.themethotel.gr\/#\/schema\/logo\/image\/","url":"https:\/\/www.themethotel.gr\/wp-content\/uploads\/2017\/09\/logo3.jpg","contentUrl":"https:\/\/www.themethotel.gr\/wp-content\/uploads\/2017\/09\/logo3.jpg","width":266,"height":135,"caption":"The Met Hotel"},"image":{"@id":"https:\/\/www.themethotel.gr\/#\/schema\/logo\/image\/"}}]}},"publishpress_future_action":{"enabled":false,"date":"2026-05-06 05:32:02","action":"change-status","newStatus":"draft","terms":[],"taxonomy":"translation_priority","extraData":[]},"publishpress_future_workflow_manual_trigger":{"enabledWorkflows":[]},"_links":{"self":[{"href":"https:\/\/www.themethotel.gr\/fr\/wp-json\/wp\/v2\/pages\/2825","targetHints":{"allow":["GET"]}}],"collection":[{"href":"https:\/\/www.themethotel.gr\/fr\/wp-json\/wp\/v2\/pages"}],"about":[{"href":"https:\/\/www.themethotel.gr\/fr\/wp-json\/wp\/v2\/types\/page"}],"author":[{"embeddable":true,"href":"https:\/\/www.themethotel.gr\/fr\/wp-json\/wp\/v2\/users\/1"}],"replies":[{"embeddable":true,"href":"https:\/\/www.themethotel.gr\/fr\/wp-json\/wp\/v2\/comments?post=2825"}],"version-history":[{"count":23,"href":"https:\/\/www.themethotel.gr\/fr\/wp-json\/wp\/v2\/pages\/2825\/revisions"}],"predecessor-version":[{"id":7026,"href":"https:\/\/www.themethotel.gr\/fr\/wp-json\/wp\/v2\/pages\/2825\/revisions\/7026"}],"wp:attachment":[{"href":"https:\/\/www.themethotel.gr\/fr\/wp-json\/wp\/v2\/media?parent=2825"}],"curies":[{"name":"wp","href":"https:\/\/api.w.org\/{rel}","templated":true}]}}